{"id":15163,"date":"2025-10-06T09:05:26","date_gmt":"2025-10-06T09:05:26","guid":{"rendered":"https:\/\/cleh.cl\/?post_type=product&#038;p=15163"},"modified":"2025-11-19T19:27:44","modified_gmt":"2025-11-19T19:27:44","slug":"crimpeadora-gilbert-roja-rg-6-y-59","status":"publish","type":"product","link":"https:\/\/cleh.cl\/en\/product\/crimpeadora-gilbert-roja-rg-6-y-59\/","title":{"rendered":"CRIMPEADORA GILBERT ROJA RG-6 y 59"},"content":{"rendered":"<h2 style=\"text-align: center;\">CRIMPEADORA GILBERT ROJA RG-6 y 59<\/h2>\n<p>&nbsp;<\/p>\n<p>Crimpeadora Para Snap-n-seal Rg59\/6 Coaxil es el complemento perfecto para tus proyectos de instalaci\u00f3n de cable coaxial. Con su compatibilidad con cables59\/6, podr\u00e1s realizar conexiones de manera r\u00e1pida y segura. Su modelo CRO0507 garantiza un ajuste preciso y confiable en cada crimpado. Adem\u00e1s, su compatibilidad con terminaleS 59\/6 te brinda versatilidad en tus instalaciones. No pierdas la oportunidad de adquirir esta herramienta de calidad que facilitar\u00e1 tus trabajos de instalaci\u00f3n de cable coaxial. Producto usado funciona perfectamente.<\/p>","protected":false},"excerpt":{"rendered":"<p>CRIMPEADORA GILBERT ROJA RG-6 y 59 &nbsp; Crimpeadora Para Snap-n-seal Rg59\/6 Coaxil es el complemento perfecto para tus proyectos de instalaci\u00f3n de cable coaxial. Con su compatibilidad con cables59\/6, podr\u00e1s realizar conexiones de manera r\u00e1pida y segura. Su modelo CRO0507 garantiza un ajuste preciso y confiable en cada crimpado. Adem\u00e1s, su compatibilidad con terminaleS 59\/6 &hellip; <a href=\"https:\/\/cleh.cl\/en\/product\/crimpeadora-gilbert-roja-rg-6-y-59\/\" class=\"more-link\">Continue reading <span class=\"screen-reader-text\">CRIMPEADORA GILBERT ROJA RG-6 y 59<\/span><\/a><\/p>","protected":false},"featured_media":15164,"comment_status":"open","ping_status":"closed","template":"","meta":{"om_disable_all_campaigns":false,"_monsterinsights_skip_tracking":false,"_monsterinsights_sitenote_active":false,"_monsterinsights_sitenote_note":"","_monsterinsights_sitenote_category":0},"product_brand":[],"product_cat":[87,35],"product_tag":[],"class_list":{"0":"post-15163","1":"product","2":"type-product","3":"status-publish","4":"has-post-thumbnail","6":"product_cat-crimpeadoras","7":"product_cat-herramientas","10":"instock","11":"shipping-taxable","12":"product-type-simple"},"aioseo_notices":[],"_links":{"self":[{"href":"https:\/\/cleh.cl\/en\/wp-json\/wp\/v2\/product\/15163","targetHints":{"allow":["GET"]}}],"collection":[{"href":"https:\/\/cleh.cl\/en\/wp-json\/wp\/v2\/product"}],"about":[{"href":"https:\/\/cleh.cl\/en\/wp-json\/wp\/v2\/types\/product"}],"replies":[{"embeddable":true,"href":"https:\/\/cleh.cl\/en\/wp-json\/wp\/v2\/comments?post=15163"}],"version-history":[{"count":1,"href":"https:\/\/cleh.cl\/en\/wp-json\/wp\/v2\/product\/15163\/revisions"}],"predecessor-version":[{"id":15165,"href":"https:\/\/cleh.cl\/en\/wp-json\/wp\/v2\/product\/15163\/revisions\/15165"}],"wp:featuredmedia":[{"embeddable":true,"href":"https:\/\/cleh.cl\/en\/wp-json\/wp\/v2\/media\/15164"}],"wp:attachment":[{"href":"https:\/\/cleh.cl\/en\/wp-json\/wp\/v2\/media?parent=15163"}],"wp:term":[{"taxonomy":"product_brand","embeddable":true,"href":"https:\/\/cleh.cl\/en\/wp-json\/wp\/v2\/product_brand?post=15163"},{"taxonomy":"product_cat","embeddable":true,"href":"https:\/\/cleh.cl\/en\/wp-json\/wp\/v2\/product_cat?post=15163"},{"taxonomy":"product_tag","embeddable":true,"href":"https:\/\/cleh.cl\/en\/wp-json\/wp\/v2\/product_tag?post=15163"}],"curies":[{"name":"wp","href":"https:\/\/api.w.org\/{rel}","templated":true}]}}