{"id":15645,"date":"2025-11-06T13:55:37","date_gmt":"2025-11-06T13:55:37","guid":{"rendered":"https:\/\/cleh.cl\/?post_type=product&#038;p=15645"},"modified":"2025-11-26T12:13:08","modified_gmt":"2025-11-26T12:13:08","slug":"aguarras-mineral-bot-1-lt-nu-1223-clase-3","status":"publish","type":"product","link":"https:\/\/cleh.cl\/en\/product\/aguarras-mineral-bot-1-lt-nu-1223-clase-3\/","title":{"rendered":"AGUARRAS MINERAL BOT. 1 LT NU &#8211; 1223 CLASE 3"},"content":{"rendered":"<p>AGUARRAS MINERAL BOT. 1 LT NU &#8211; 1223 CLASE 3<\/p>\n<p>&nbsp;<\/p>\n<ul>\n<li>Sirve para la diluci\u00f3n de anticorrosivos, \u00f3leos, esmaltes, barnices y aceites impregnantes, es de evaporaci\u00f3n lenta.<\/li>\n<li>Se utiliza para la remoci\u00f3n de grasas y aceites.<\/li>\n<li>Sirve para remover cera en pisos de madera y cer\u00e1micos.<\/li>\n<li>Ideal para limpieza de m\u00e1quinas y herramientas.<\/li>\n<\/ul>\n<p>*Las im\u00e1genes exhibidas son referenciales, y no constituyen necesariamente una representaci\u00f3n exacta de la realidad ni definen el producto final*<\/p>","protected":false},"excerpt":{"rendered":"<p>AGUARRAS MINERAL BOT. 1 LT NU &#8211; 1223 CLASE 3 &nbsp; Sirve para la diluci\u00f3n de anticorrosivos, \u00f3leos, esmaltes, barnices y aceites impregnantes, es de evaporaci\u00f3n lenta. Se utiliza para la remoci\u00f3n de grasas y aceites. Sirve para remover cera en pisos de madera y cer\u00e1micos. Ideal para limpieza de m\u00e1quinas y herramientas. *Las im\u00e1genes &hellip; <a href=\"https:\/\/cleh.cl\/en\/product\/aguarras-mineral-bot-1-lt-nu-1223-clase-3\/\" class=\"more-link\">Continue reading <span class=\"screen-reader-text\">AGUARRAS MINERAL BOT. 1 LT NU &#8211; 1223 CLASE 3<\/span><\/a><\/p>","protected":false},"featured_media":15646,"comment_status":"open","ping_status":"closed","template":"","meta":{"om_disable_all_campaigns":false,"_monsterinsights_skip_tracking":false,"_monsterinsights_sitenote_active":false,"_monsterinsights_sitenote_note":"","_monsterinsights_sitenote_category":0},"product_brand":[],"product_cat":[99],"product_tag":[],"class_list":{"0":"post-15645","1":"product","2":"type-product","3":"status-publish","4":"has-post-thumbnail","6":"product_cat-cleh","9":"instock","10":"shipping-taxable","11":"product-type-simple"},"aioseo_notices":[],"_links":{"self":[{"href":"https:\/\/cleh.cl\/en\/wp-json\/wp\/v2\/product\/15645","targetHints":{"allow":["GET"]}}],"collection":[{"href":"https:\/\/cleh.cl\/en\/wp-json\/wp\/v2\/product"}],"about":[{"href":"https:\/\/cleh.cl\/en\/wp-json\/wp\/v2\/types\/product"}],"replies":[{"embeddable":true,"href":"https:\/\/cleh.cl\/en\/wp-json\/wp\/v2\/comments?post=15645"}],"version-history":[{"count":1,"href":"https:\/\/cleh.cl\/en\/wp-json\/wp\/v2\/product\/15645\/revisions"}],"predecessor-version":[{"id":15647,"href":"https:\/\/cleh.cl\/en\/wp-json\/wp\/v2\/product\/15645\/revisions\/15647"}],"wp:featuredmedia":[{"embeddable":true,"href":"https:\/\/cleh.cl\/en\/wp-json\/wp\/v2\/media\/15646"}],"wp:attachment":[{"href":"https:\/\/cleh.cl\/en\/wp-json\/wp\/v2\/media?parent=15645"}],"wp:term":[{"taxonomy":"product_brand","embeddable":true,"href":"https:\/\/cleh.cl\/en\/wp-json\/wp\/v2\/product_brand?post=15645"},{"taxonomy":"product_cat","embeddable":true,"href":"https:\/\/cleh.cl\/en\/wp-json\/wp\/v2\/product_cat?post=15645"},{"taxonomy":"product_tag","embeddable":true,"href":"https:\/\/cleh.cl\/en\/wp-json\/wp\/v2\/product_tag?post=15645"}],"curies":[{"name":"wp","href":"https:\/\/api.w.org\/{rel}","templated":true}]}}