{"id":25029,"date":"2025-11-06T13:43:36","date_gmt":"2025-11-06T13:43:36","guid":{"rendered":"https:\/\/cleh.cl\/?post_type=product&#038;p=25029"},"modified":"2026-02-17T14:14:34","modified_gmt":"2026-02-17T14:14:34","slug":"guante-activex-multigrip-algodon-latex-gris-azul","status":"publish","type":"product","link":"https:\/\/cleh.cl\/en\/product\/guante-activex-multigrip-algodon-latex-gris-azul\/","title":{"rendered":"GUANTE ACTIVEX MULTIGRIP ALGODON LATEX GRIS"},"content":{"rendered":"<p style=\"text-align: center;\">GUANTE ACTIVEX MULTIGRIP ALGODON LATEX GRIS<\/p>\n<p>&nbsp;<\/p>\n<p>Guante de policotton recubierto de l\u00e1tex en palma y dedos, liviano y flexible, que proporciona buen agarre, comodidad y protecci\u00f3n confiable para labores de ensamble y trabajos con herramientas manuales.<\/p>\n<p>&nbsp;<\/p>\n<p>\u2022 Guante tejido en policotton de alta resistencia,<br \/>\nrecubierto de l\u00e1tex en palma y dedos.<br \/>\n\u2022 Dise\u00f1o liviano y flexible, ideal para trabajos de<br \/>\nmontaje.<br \/>\n\u2022 Pu\u00f1o tejido para un ajuste c\u00f3modo y seguro.<br \/>\n\u2022 Recomendado para labores de ensamble y uso de<br \/>\nherramientas manuales, gracias a su buena<br \/>\nductilidad.<br \/>\n\u2022 Ofrece una protecci\u00f3n eficaz contra cortes y un<br \/>\nexcelente agarre.<br \/>\n\u2022 Color azul\/gris.<br \/>\n\u2022 Composici\u00f3n: algod\u00f3n y l\u00e1tex.<\/p>","protected":false},"excerpt":{"rendered":"<p>GUANTE ACTIVEX MULTIGRIP ALGODON LATEX GRIS &nbsp; Guante de policotton recubierto de l\u00e1tex en palma y dedos, liviano y flexible, que proporciona buen agarre, comodidad y protecci\u00f3n confiable para labores de ensamble y trabajos con herramientas manuales. &nbsp; \u2022 Guante tejido en policotton de alta resistencia, recubierto de l\u00e1tex en palma y dedos. \u2022 Dise\u00f1o &hellip; <a href=\"https:\/\/cleh.cl\/en\/product\/guante-activex-multigrip-algodon-latex-gris-azul\/\" class=\"more-link\">Continue reading <span class=\"screen-reader-text\">GUANTE ACTIVEX MULTIGRIP ALGODON LATEX GRIS<\/span><\/a><\/p>","protected":false},"featured_media":38789,"comment_status":"open","ping_status":"closed","template":"","meta":{"om_disable_all_campaigns":false,"_monsterinsights_skip_tracking":false,"_monsterinsights_sitenote_active":false,"_monsterinsights_sitenote_note":"","_monsterinsights_sitenote_category":0},"product_brand":[],"product_cat":[42,50],"product_tag":[],"class_list":{"0":"post-25029","1":"product","2":"type-product","3":"status-publish","4":"has-post-thumbnail","6":"product_cat-epp","7":"product_cat-guantes","10":"instock","11":"shipping-taxable","12":"product-type-simple"},"aioseo_notices":[],"_links":{"self":[{"href":"https:\/\/cleh.cl\/en\/wp-json\/wp\/v2\/product\/25029","targetHints":{"allow":["GET"]}}],"collection":[{"href":"https:\/\/cleh.cl\/en\/wp-json\/wp\/v2\/product"}],"about":[{"href":"https:\/\/cleh.cl\/en\/wp-json\/wp\/v2\/types\/product"}],"replies":[{"embeddable":true,"href":"https:\/\/cleh.cl\/en\/wp-json\/wp\/v2\/comments?post=25029"}],"version-history":[{"count":3,"href":"https:\/\/cleh.cl\/en\/wp-json\/wp\/v2\/product\/25029\/revisions"}],"predecessor-version":[{"id":38790,"href":"https:\/\/cleh.cl\/en\/wp-json\/wp\/v2\/product\/25029\/revisions\/38790"}],"wp:featuredmedia":[{"embeddable":true,"href":"https:\/\/cleh.cl\/en\/wp-json\/wp\/v2\/media\/38789"}],"wp:attachment":[{"href":"https:\/\/cleh.cl\/en\/wp-json\/wp\/v2\/media?parent=25029"}],"wp:term":[{"taxonomy":"product_brand","embeddable":true,"href":"https:\/\/cleh.cl\/en\/wp-json\/wp\/v2\/product_brand?post=25029"},{"taxonomy":"product_cat","embeddable":true,"href":"https:\/\/cleh.cl\/en\/wp-json\/wp\/v2\/product_cat?post=25029"},{"taxonomy":"product_tag","embeddable":true,"href":"https:\/\/cleh.cl\/en\/wp-json\/wp\/v2\/product_tag?post=25029"}],"curies":[{"name":"wp","href":"https:\/\/api.w.org\/{rel}","templated":true}]}}