{"id":2518,"date":"2020-02-25T09:17:47","date_gmt":"2020-02-25T09:17:47","guid":{"rendered":"https:\/\/cleh.cl\/?post_type=product&#038;p=2518"},"modified":"2025-11-19T19:22:01","modified_gmt":"2025-11-19T19:22:01","slug":"lapiz-limpieza-fibra-optica-ferrule-2-5mm-sc-st-fc","status":"publish","type":"product","link":"https:\/\/cleh.cl\/en\/product\/lapiz-limpieza-fibra-optica-ferrule-2-5mm-sc-st-fc\/","title":{"rendered":"2.5mm SC\/ST\/FC L\u00e1piz limpieza fibra \u00f3ptica ferrule"},"content":{"rendered":"<h3 style=\"text-align: center;\">\u00a02.5mm SC\/ST\/FC L\u00e1piz limpieza fibra \u00f3ptica ferrule<\/h3>\n<p>&nbsp;<\/p>\n<p>Elimina la suciedad del conector \u00f3ptico con facilidad ,no produce polvo, y proporciona una fuerza especial de limpieza cuando se resisten las part\u00edculas extra\u00f1as.\u00a0<span id=\"result_box\" lang=\"es\">Limpiador de fibra \u00f3ptica tipo l\u00e1piz est\u00e1 dise\u00f1ado para funcionar especialmente bien con los conectores 2.5mm SC\/ST\/FC, este instrumento limpia las superficies frontales de la f\u00e9rula de polvo, aceite,y otros desechos sin mellar o rayar la superficie frontal.<\/span><\/p>\n<ul>\n<li><span lang=\"es\"><span id=\"result_box\" lang=\"es\">F\u00e1cil movimiento de empuje<\/span><\/span><\/li>\n<\/ul>\n<ul>\n<li><span lang=\"es\"><span id=\"result_box\" lang=\"es\">800 limpiezas por unidad<\/span><\/span><\/li>\n<\/ul>\n<ul>\n<li><span lang=\"es\"><span id=\"result_box\" lang=\"es\">Fabricado con resina antiest\u00e1tica<\/span><\/span><\/li>\n<\/ul>\n<ul>\n<li><span lang=\"es\"><span id=\"result_box\" lang=\"es\">Punta extensible para acceder a los conectores<\/span><\/span><\/li>\n<\/ul>\n<p>&nbsp;<\/p>\n<p>&nbsp;<\/p>","protected":false},"excerpt":{"rendered":"<p>\u00a02.5mm SC\/ST\/FC L\u00e1piz limpieza fibra \u00f3ptica ferrule &nbsp; Elimina la suciedad del conector \u00f3ptico con facilidad ,no produce polvo, y proporciona una fuerza especial de limpieza cuando se resisten las part\u00edculas extra\u00f1as.\u00a0Limpiador de fibra \u00f3ptica tipo l\u00e1piz est\u00e1 dise\u00f1ado para funcionar especialmente bien con los conectores 2.5mm SC\/ST\/FC, este instrumento limpia las superficies frontales de &hellip; <a href=\"https:\/\/cleh.cl\/en\/product\/lapiz-limpieza-fibra-optica-ferrule-2-5mm-sc-st-fc\/\" class=\"more-link\">Continue reading <span class=\"screen-reader-text\">2.5mm SC\/ST\/FC L\u00e1piz limpieza fibra \u00f3ptica ferrule<\/span><\/a><\/p>","protected":false},"featured_media":2519,"comment_status":"open","ping_status":"closed","template":"","meta":{"om_disable_all_campaigns":false,"_monsterinsights_skip_tracking":false,"_monsterinsights_sitenote_active":false,"_monsterinsights_sitenote_note":"","_monsterinsights_sitenote_category":0},"product_brand":[],"product_cat":[19,25],"product_tag":[21,22,23,24],"class_list":{"0":"post-2518","1":"product","2":"type-product","3":"status-publish","4":"has-post-thumbnail","6":"product_cat-fibra-optica","7":"product_cat-limpieza-fibra-optica","8":"product_tag-cortadoras","9":"product_tag-fusionadoras","10":"product_tag-herramientas","11":"product_tag-limpieza-fibra","14":"instock","15":"shipping-taxable","16":"product-type-simple"},"aioseo_notices":[],"_links":{"self":[{"href":"https:\/\/cleh.cl\/en\/wp-json\/wp\/v2\/product\/2518","targetHints":{"allow":["GET"]}}],"collection":[{"href":"https:\/\/cleh.cl\/en\/wp-json\/wp\/v2\/product"}],"about":[{"href":"https:\/\/cleh.cl\/en\/wp-json\/wp\/v2\/types\/product"}],"replies":[{"embeddable":true,"href":"https:\/\/cleh.cl\/en\/wp-json\/wp\/v2\/comments?post=2518"}],"version-history":[{"count":1,"href":"https:\/\/cleh.cl\/en\/wp-json\/wp\/v2\/product\/2518\/revisions"}],"predecessor-version":[{"id":2520,"href":"https:\/\/cleh.cl\/en\/wp-json\/wp\/v2\/product\/2518\/revisions\/2520"}],"wp:featuredmedia":[{"embeddable":true,"href":"https:\/\/cleh.cl\/en\/wp-json\/wp\/v2\/media\/2519"}],"wp:attachment":[{"href":"https:\/\/cleh.cl\/en\/wp-json\/wp\/v2\/media?parent=2518"}],"wp:term":[{"taxonomy":"product_brand","embeddable":true,"href":"https:\/\/cleh.cl\/en\/wp-json\/wp\/v2\/product_brand?post=2518"},{"taxonomy":"product_cat","embeddable":true,"href":"https:\/\/cleh.cl\/en\/wp-json\/wp\/v2\/product_cat?post=2518"},{"taxonomy":"product_tag","embeddable":true,"href":"https:\/\/cleh.cl\/en\/wp-json\/wp\/v2\/product_tag?post=2518"}],"curies":[{"name":"wp","href":"https:\/\/api.w.org\/{rel}","templated":true}]}}