{"id":25191,"date":"2025-11-06T13:43:39","date_gmt":"2025-11-06T13:43:39","guid":{"rendered":"https:\/\/cleh.cl\/?post_type=product&#038;p=25191"},"modified":"2026-02-17T14:06:41","modified_gmt":"2026-02-17T14:06:41","slug":"guante-multiflex-anticorte-y-alto-impacto","status":"publish","type":"product","link":"https:\/\/cleh.cl\/en\/product\/guante-multiflex-anticorte-y-alto-impacto\/","title":{"rendered":"GUANTE MULTIFLEX CUT 5 IMPACT LATEX"},"content":{"rendered":"<p style=\"text-align: center;\">GUANTE MULTIFLEX CUT 5 IMPACT LATEX<\/p>\n<p>&nbsp;<\/p>\n<p>Guante Hecho de fibra HDPE 13 Gauge con palma de l\u00e1tex.<br \/>\nEs un guante dise\u00f1ado para trabajos en ambientes agresivos y con buena resistencia al corte. El l\u00e1tex, proporciona una buena resistencia en trabajos donde exista alta abrasi\u00f3n, adem\u00e1s su acabado rugoso, permite tener un mayor agarre en superficies mojadas. Es un guante de excelente confort, que permite al usuario trabajar de forma protegida en ambientes de alto peligro.<\/p>\n<p>&nbsp;<\/p>\n<p>&nbsp;<\/p>","protected":false},"excerpt":{"rendered":"<p>GUANTE MULTIFLEX CUT 5 IMPACT LATEX &nbsp; Guante Hecho de fibra HDPE 13 Gauge con palma de l\u00e1tex. Es un guante dise\u00f1ado para trabajos en ambientes agresivos y con buena resistencia al corte. El l\u00e1tex, proporciona una buena resistencia en trabajos donde exista alta abrasi\u00f3n, adem\u00e1s su acabado rugoso, permite tener un mayor agarre en &hellip; <a href=\"https:\/\/cleh.cl\/en\/product\/guante-multiflex-anticorte-y-alto-impacto\/\" class=\"more-link\">Continue reading <span class=\"screen-reader-text\">GUANTE MULTIFLEX CUT 5 IMPACT LATEX<\/span><\/a><\/p>","protected":false},"featured_media":38780,"comment_status":"open","ping_status":"closed","template":"","meta":{"om_disable_all_campaigns":false,"_monsterinsights_skip_tracking":false,"_monsterinsights_sitenote_active":false,"_monsterinsights_sitenote_note":"","_monsterinsights_sitenote_category":0},"product_brand":[],"product_cat":[42,50],"product_tag":[],"class_list":{"0":"post-25191","1":"product","2":"type-product","3":"status-publish","4":"has-post-thumbnail","6":"product_cat-epp","7":"product_cat-guantes","10":"instock","11":"shipping-taxable","12":"product-type-simple"},"aioseo_notices":[],"_links":{"self":[{"href":"https:\/\/cleh.cl\/en\/wp-json\/wp\/v2\/product\/25191","targetHints":{"allow":["GET"]}}],"collection":[{"href":"https:\/\/cleh.cl\/en\/wp-json\/wp\/v2\/product"}],"about":[{"href":"https:\/\/cleh.cl\/en\/wp-json\/wp\/v2\/types\/product"}],"replies":[{"embeddable":true,"href":"https:\/\/cleh.cl\/en\/wp-json\/wp\/v2\/comments?post=25191"}],"version-history":[{"count":3,"href":"https:\/\/cleh.cl\/en\/wp-json\/wp\/v2\/product\/25191\/revisions"}],"predecessor-version":[{"id":38781,"href":"https:\/\/cleh.cl\/en\/wp-json\/wp\/v2\/product\/25191\/revisions\/38781"}],"wp:featuredmedia":[{"embeddable":true,"href":"https:\/\/cleh.cl\/en\/wp-json\/wp\/v2\/media\/38780"}],"wp:attachment":[{"href":"https:\/\/cleh.cl\/en\/wp-json\/wp\/v2\/media?parent=25191"}],"wp:term":[{"taxonomy":"product_brand","embeddable":true,"href":"https:\/\/cleh.cl\/en\/wp-json\/wp\/v2\/product_brand?post=25191"},{"taxonomy":"product_cat","embeddable":true,"href":"https:\/\/cleh.cl\/en\/wp-json\/wp\/v2\/product_cat?post=25191"},{"taxonomy":"product_tag","embeddable":true,"href":"https:\/\/cleh.cl\/en\/wp-json\/wp\/v2\/product_tag?post=25191"}],"curies":[{"name":"wp","href":"https:\/\/api.w.org\/{rel}","templated":true}]}}