{"id":25242,"date":"2025-11-06T13:43:40","date_gmt":"2025-11-06T13:43:40","guid":{"rendered":"https:\/\/cleh.cl\/?post_type=product&#038;p=25242"},"modified":"2026-02-17T13:51:31","modified_gmt":"2026-02-17T13:51:31","slug":"guante-sandy-nitrile-multiflex","status":"publish","type":"product","link":"https:\/\/cleh.cl\/en\/product\/guante-sandy-nitrile-multiflex\/","title":{"rendered":"GUANTE SANDY NITRILE MULTIFLEX"},"content":{"rendered":"<p style=\"text-align: center;\">GUANTE SANDY NITRILE MULTIFLEX<\/p>\n<p>&nbsp;<\/p>\n<p>Guante con recubrimiento extra de nitrilo arenoso en la palma para mayor adherencia, agarre y protecci\u00f3n para trabajos en contactos con aceites. Brinda alta flexibilidad y destreza para trabajos de alta precisi\u00f3n. Pu\u00f1o elasticado reforzado, con mayor recubrimiento en el dorso de la mano.<\/p>\n<p>&nbsp;<\/p>\n<p>USOS<br \/>\n\u2022 Fabricaci\u00f3n, manipulaci\u00f3n y montaje de estructuras, Inspecci\u00f3n y Mantenci\u00f3n de Maquinaria, Montaje de motores<br \/>\ny Manejo de Partes. Trabajos en bodega, construcci\u00f3n, operaci\u00f3n de maquinaria o herramientas. Ideal para trabajos<br \/>\ndonde se requiera un guante con ventilaci\u00f3n dorsal<\/p>\n<p>&nbsp;<\/p>\n<p>\u2022 EN 388 de Riesgo M\u00e9canico.<br \/>\n\u2022 EN 420: 2003 + A1: 2009: Requisitos Generales para guantes<br \/>\ny m\u00e9todos de ensayo.<\/p>","protected":false},"excerpt":{"rendered":"<p>GUANTE SANDY NITRILE MULTIFLEX &nbsp; Guante con recubrimiento extra de nitrilo arenoso en la palma para mayor adherencia, agarre y protecci\u00f3n para trabajos en contactos con aceites. Brinda alta flexibilidad y destreza para trabajos de alta precisi\u00f3n. Pu\u00f1o elasticado reforzado, con mayor recubrimiento en el dorso de la mano. &nbsp; USOS \u2022 Fabricaci\u00f3n, manipulaci\u00f3n y &hellip; <a href=\"https:\/\/cleh.cl\/en\/product\/guante-sandy-nitrile-multiflex\/\" class=\"more-link\">Continue reading <span class=\"screen-reader-text\">GUANTE SANDY NITRILE MULTIFLEX<\/span><\/a><\/p>","protected":false},"featured_media":38774,"comment_status":"open","ping_status":"closed","template":"","meta":{"om_disable_all_campaigns":false,"_monsterinsights_skip_tracking":false,"_monsterinsights_sitenote_active":false,"_monsterinsights_sitenote_note":"","_monsterinsights_sitenote_category":0},"product_brand":[],"product_cat":[42,50],"product_tag":[],"class_list":{"0":"post-25242","1":"product","2":"type-product","3":"status-publish","4":"has-post-thumbnail","6":"product_cat-epp","7":"product_cat-guantes","10":"instock","11":"shipping-taxable","12":"product-type-simple"},"aioseo_notices":[],"_links":{"self":[{"href":"https:\/\/cleh.cl\/en\/wp-json\/wp\/v2\/product\/25242","targetHints":{"allow":["GET"]}}],"collection":[{"href":"https:\/\/cleh.cl\/en\/wp-json\/wp\/v2\/product"}],"about":[{"href":"https:\/\/cleh.cl\/en\/wp-json\/wp\/v2\/types\/product"}],"replies":[{"embeddable":true,"href":"https:\/\/cleh.cl\/en\/wp-json\/wp\/v2\/comments?post=25242"}],"version-history":[{"count":3,"href":"https:\/\/cleh.cl\/en\/wp-json\/wp\/v2\/product\/25242\/revisions"}],"predecessor-version":[{"id":38775,"href":"https:\/\/cleh.cl\/en\/wp-json\/wp\/v2\/product\/25242\/revisions\/38775"}],"wp:featuredmedia":[{"embeddable":true,"href":"https:\/\/cleh.cl\/en\/wp-json\/wp\/v2\/media\/38774"}],"wp:attachment":[{"href":"https:\/\/cleh.cl\/en\/wp-json\/wp\/v2\/media?parent=25242"}],"wp:term":[{"taxonomy":"product_brand","embeddable":true,"href":"https:\/\/cleh.cl\/en\/wp-json\/wp\/v2\/product_brand?post=25242"},{"taxonomy":"product_cat","embeddable":true,"href":"https:\/\/cleh.cl\/en\/wp-json\/wp\/v2\/product_cat?post=25242"},{"taxonomy":"product_tag","embeddable":true,"href":"https:\/\/cleh.cl\/en\/wp-json\/wp\/v2\/product_tag?post=25242"}],"curies":[{"name":"wp","href":"https:\/\/api.w.org\/{rel}","templated":true}]}}