{"id":25259,"date":"2025-11-06T13:43:40","date_gmt":"2025-11-06T13:43:40","guid":{"rendered":"https:\/\/cleh.cl\/?post_type=product&#038;p=25259"},"modified":"2026-02-17T15:55:35","modified_gmt":"2026-02-17T15:55:35","slug":"guante-termico-kompressor-thermolite-1era-capa","status":"publish","type":"product","link":"https:\/\/cleh.cl\/en\/product\/guante-termico-kompressor-thermolite-1era-capa\/","title":{"rendered":"GUANTE TERMICO KOMPRESSOR THERMOLITE 1ERA CAPA"},"content":{"rendered":"<p style=\"text-align: center;\">GUANTE TERMICO KOMPRESSOR THERMOLITE 1ERA CAPA<\/p>\n<p>&nbsp;<\/p>\n<ul>\n<li>El guante TECHNICAL KOMPRESSOR TERMICO 1CAPA contiene la innovadora tecnolog\u00eda Thermolite que se compone de fibra de poli\u00e9ster compuesto de hilos huecos que retienen el aire caliente que desprende el cuerpo ,creando una perfecta combinaci\u00f3n de aislaci\u00f3n t\u00e9rmica y tejido liviano.<\/li>\n<li>Adicionalmente,el Thermo lite se seca un 20% mas r\u00e1pido que los tejidos t\u00e9rmicos tradicionales y un 50% m\u00e1s r\u00e1pido que el algod\u00f3n.<\/li>\n<li>Su tejido sin costuras t\u00e9rmico ofrece confort y calidez durante los trabajos en fr\u00edo o refrigerados.<\/li>\n<li>Composici\u00f3n 95% Thermolite, 5% spandex.<\/li>\n<\/ul>","protected":false},"excerpt":{"rendered":"<p>GUANTE TERMICO KOMPRESSOR THERMOLITE 1ERA CAPA &nbsp; El guante TECHNICAL KOMPRESSOR TERMICO 1CAPA contiene la innovadora tecnolog\u00eda Thermolite que se compone de fibra de poli\u00e9ster compuesto de hilos huecos que retienen el aire caliente que desprende el cuerpo ,creando una perfecta combinaci\u00f3n de aislaci\u00f3n t\u00e9rmica y tejido liviano. Adicionalmente,el Thermo lite se seca un 20% &hellip; <a href=\"https:\/\/cleh.cl\/en\/product\/guante-termico-kompressor-thermolite-1era-capa\/\" class=\"more-link\">Continue reading <span class=\"screen-reader-text\">GUANTE TERMICO KOMPRESSOR THERMOLITE 1ERA CAPA<\/span><\/a><\/p>","protected":false},"featured_media":38850,"comment_status":"open","ping_status":"closed","template":"","meta":{"om_disable_all_campaigns":false,"_monsterinsights_skip_tracking":false,"_monsterinsights_sitenote_active":false,"_monsterinsights_sitenote_note":"","_monsterinsights_sitenote_category":0},"product_brand":[],"product_cat":[42,50],"product_tag":[],"class_list":{"0":"post-25259","1":"product","2":"type-product","3":"status-publish","4":"has-post-thumbnail","6":"product_cat-epp","7":"product_cat-guantes","10":"instock","11":"shipping-taxable","12":"product-type-simple"},"aioseo_notices":[],"_links":{"self":[{"href":"https:\/\/cleh.cl\/en\/wp-json\/wp\/v2\/product\/25259","targetHints":{"allow":["GET"]}}],"collection":[{"href":"https:\/\/cleh.cl\/en\/wp-json\/wp\/v2\/product"}],"about":[{"href":"https:\/\/cleh.cl\/en\/wp-json\/wp\/v2\/types\/product"}],"replies":[{"embeddable":true,"href":"https:\/\/cleh.cl\/en\/wp-json\/wp\/v2\/comments?post=25259"}],"version-history":[{"count":3,"href":"https:\/\/cleh.cl\/en\/wp-json\/wp\/v2\/product\/25259\/revisions"}],"predecessor-version":[{"id":38852,"href":"https:\/\/cleh.cl\/en\/wp-json\/wp\/v2\/product\/25259\/revisions\/38852"}],"wp:featuredmedia":[{"embeddable":true,"href":"https:\/\/cleh.cl\/en\/wp-json\/wp\/v2\/media\/38850"}],"wp:attachment":[{"href":"https:\/\/cleh.cl\/en\/wp-json\/wp\/v2\/media?parent=25259"}],"wp:term":[{"taxonomy":"product_brand","embeddable":true,"href":"https:\/\/cleh.cl\/en\/wp-json\/wp\/v2\/product_brand?post=25259"},{"taxonomy":"product_cat","embeddable":true,"href":"https:\/\/cleh.cl\/en\/wp-json\/wp\/v2\/product_cat?post=25259"},{"taxonomy":"product_tag","embeddable":true,"href":"https:\/\/cleh.cl\/en\/wp-json\/wp\/v2\/product_tag?post=25259"}],"curies":[{"name":"wp","href":"https:\/\/api.w.org\/{rel}","templated":true}]}}