{"id":27061,"date":"2025-10-30T14:47:55","date_gmt":"2025-10-30T14:47:55","guid":{"rendered":"https:\/\/cleh.cl\/?post_type=product&#038;p=27061"},"modified":"2025-11-19T19:37:20","modified_gmt":"2025-11-19T19:37:20","slug":"jumper-sc-apc-sc-apc-3-mm-x-1-5-metros-sm-g657a1-color-blanco","status":"publish","type":"product","link":"https:\/\/cleh.cl\/en\/product\/jumper-sc-apc-sc-apc-3-mm-x-1-5-metros-sm-g657a1-color-blanco\/","title":{"rendered":"JUMPER SC\/APC-SC\/APC 3 MM X 1.5 METROS SM G657A1 COLOR BLANCO"},"content":{"rendered":"<p style=\"text-align: center;\">JUMPER SC\/APC-SC\/APC 3 MM X 1.5 METROS SM G657A1 COLOR BLANCO<\/p>\n<p>&nbsp;<\/p>\n<p>JUMPER SIMPLEX SM G657 SC-APC\/SC-APC 1.5M LSZH BLANCO es un cable de conexi\u00f3n \u00f3ptica de alta calidad, ideal para garantizar la transmisi\u00f3n de se\u00f1ales de fibra \u00f3ptica en todo tipo de redes.<\/p>\n<p>Especificaciones t\u00e9cnicas:<br \/>\n&#8211; Cable de fibra \u00f3ptica SM G657<br \/>\n&#8211; Conector SC-APC en ambos extremos<br \/>\n&#8211; Longitud: 1.5 metros<br \/>\n&#8211; Revestimiento LSZH (bajo humo cero hal\u00f3genos)<br \/>\n&#8211; Color: Blanco<\/p>","protected":false},"excerpt":{"rendered":"<p>JUMPER SC\/APC-SC\/APC 3 MM X 1.5 METROS SM G657A1 COLOR BLANCO &nbsp; JUMPER SIMPLEX SM G657 SC-APC\/SC-APC 1.5M LSZH BLANCO es un cable de conexi\u00f3n \u00f3ptica de alta calidad, ideal para garantizar la transmisi\u00f3n de se\u00f1ales de fibra \u00f3ptica en todo tipo de redes. Especificaciones t\u00e9cnicas: &#8211; Cable de fibra \u00f3ptica SM G657 &#8211; Conector &hellip; <a href=\"https:\/\/cleh.cl\/en\/product\/jumper-sc-apc-sc-apc-3-mm-x-1-5-metros-sm-g657a1-color-blanco\/\" class=\"more-link\">Continue reading <span class=\"screen-reader-text\">JUMPER SC\/APC-SC\/APC 3 MM X 1.5 METROS SM G657A1 COLOR BLANCO<\/span><\/a><\/p>","protected":false},"featured_media":27062,"comment_status":"open","ping_status":"closed","template":"","meta":{"om_disable_all_campaigns":false,"_monsterinsights_skip_tracking":false,"_monsterinsights_sitenote_active":false,"_monsterinsights_sitenote_note":"","_monsterinsights_sitenote_category":0},"product_brand":[],"product_cat":[32],"product_tag":[76],"class_list":{"0":"post-27061","1":"product","2":"type-product","3":"status-publish","4":"has-post-thumbnail","6":"product_cat-jumpers","7":"product_tag-fibra-optica","10":"instock","11":"shipping-taxable","12":"product-type-simple"},"aioseo_notices":[],"_links":{"self":[{"href":"https:\/\/cleh.cl\/en\/wp-json\/wp\/v2\/product\/27061","targetHints":{"allow":["GET"]}}],"collection":[{"href":"https:\/\/cleh.cl\/en\/wp-json\/wp\/v2\/product"}],"about":[{"href":"https:\/\/cleh.cl\/en\/wp-json\/wp\/v2\/types\/product"}],"replies":[{"embeddable":true,"href":"https:\/\/cleh.cl\/en\/wp-json\/wp\/v2\/comments?post=27061"}],"version-history":[{"count":1,"href":"https:\/\/cleh.cl\/en\/wp-json\/wp\/v2\/product\/27061\/revisions"}],"predecessor-version":[{"id":27063,"href":"https:\/\/cleh.cl\/en\/wp-json\/wp\/v2\/product\/27061\/revisions\/27063"}],"wp:featuredmedia":[{"embeddable":true,"href":"https:\/\/cleh.cl\/en\/wp-json\/wp\/v2\/media\/27062"}],"wp:attachment":[{"href":"https:\/\/cleh.cl\/en\/wp-json\/wp\/v2\/media?parent=27061"}],"wp:term":[{"taxonomy":"product_brand","embeddable":true,"href":"https:\/\/cleh.cl\/en\/wp-json\/wp\/v2\/product_brand?post=27061"},{"taxonomy":"product_cat","embeddable":true,"href":"https:\/\/cleh.cl\/en\/wp-json\/wp\/v2\/product_cat?post=27061"},{"taxonomy":"product_tag","embeddable":true,"href":"https:\/\/cleh.cl\/en\/wp-json\/wp\/v2\/product_tag?post=27061"}],"curies":[{"name":"wp","href":"https:\/\/api.w.org\/{rel}","templated":true}]}}