{"id":29653,"date":"2025-11-06T13:44:29","date_gmt":"2025-11-06T13:44:29","guid":{"rendered":"https:\/\/cleh.cl\/?post_type=product&#038;p=29653"},"modified":"2026-02-17T13:47:51","modified_gmt":"2026-02-17T13:47:51","slug":"multimetro-fluke-289","status":"publish","type":"product","link":"https:\/\/cleh.cl\/en\/product\/multimetro-fluke-289\/","title":{"rendered":"MULTIMETRO FLUKE 289"},"content":{"rendered":"<p style=\"text-align: center;\">MULTIMETRO FLUKE 289<\/p>\n<p>&nbsp;<\/p>\n<p style=\"font-weight: 400;\">El nuevo 289 representa la pr\u00f3xima generaci\u00f3n en mult\u00edmetros industriales de registro, de alto rendimiento, y est\u00e1 dise\u00f1ado para resolver problemas complejos en electr\u00f3nica, automatizaci\u00f3n de plantas, distribuci\u00f3n el\u00e9ctrica y equipos electromec\u00e1nicos. Con la capacidad de registrar datos y revisarlos gr\u00e1ficamente en la pantalla, usted podr\u00e1 resolver problemas con mayor rapidez, ayudando a minimizar el tiempo improductivo por paradas de los equipos. Deje que el nuevo 289 sea el guardi\u00e1n de sus sistemas o procesos mientras usted realiza otras tareas. Ahora se puede comunicar de forma inal\u00e1mbrica con sus dispositivos iOS y Android con la nueva app para m\u00f3viles Fluke Connect y el Conector inal\u00e1mbrico ir3000 FC (se vende por separado).<\/p>\n<p style=\"font-weight: 400;\"><b><strong>Caracter\u00edsticas principales<\/strong><\/b><\/p>\n<ul>\n<li style=\"font-weight: 400;\">Ahora compatible con la aplicaci\u00f3n m\u00f3vil de Fluke Connect y con todas las herramientas de prueba Fluke FC habilitadas con conector infrarrojo opcional ir3000 FC (se vende por separado).<\/li>\n<li style=\"font-weight: 400;\">Permita que su equipo vea lo que usted ve en un instante con la llamada de video ShareLive\u2122 (requiere la aplicaci\u00f3n m\u00f3vil de Fluke Connect y el conector inal\u00e1mbrico ir3000 FC).<\/li>\n<li style=\"font-weight: 400;\">TrendCapture muestra de manera gr\u00e1fica la sesi\u00f3n de registros de datos para determinar con rapidez si han ocurrido anomal\u00edas.<\/li>\n<li style=\"font-weight: 400;\">La ampliaci\u00f3n de la vista de las tendencias proporciona una capacidad inigualable de visualizaci\u00f3n y an\u00e1lisis de los datos de TrendCapture; ampliaci\u00f3n de hasta 14 veces.<\/li>\n<li style=\"font-weight: 400;\">El filtro CA seleccionable (modo de lectura gradual) ayuda a visualizar una lectura m\u00e1s estable cuando la se\u00f1al de entrada cambia r\u00e1pidamente o presenta mucho ruido.<\/li>\n<li style=\"font-weight: 400;\">Registro ajustable y umbrales de mantenimiento autom\u00e1tico; especifique un cambio de porcentaje en las lecturas para iniciar un evento nuevo.<\/li>\n<li style=\"font-weight: 400;\">Gran pantalla de matriz de puntos 1\/4 VGA con 50 000 unidades y retroiluminaci\u00f3n de luz blanca.<\/li>\n<li style=\"font-weight: 400;\">Funci\u00f3n de registro con memoria ampliada para la supervisi\u00f3n desatendida de se\u00f1ales a lo largo del tiempo. Mediante el programa TrendCapture que viene incorporado, los usuarios pueden revisar gr\u00e1ficamente las lecturas registradas sin necesitar una PC. Almacena hasta 15.000 eventos registrados.<\/li>\n<li style=\"font-weight: 400;\">Guarda varias sesiones de registro antes de que sea necesario descargarlas a una computadora.<\/li>\n<li style=\"font-weight: 400;\">Rango de 50 ohmios en dos terminales con una resoluci\u00f3n de 1 milliohmio y una generaci\u00f3n de corriente de 10 mA. Esto resulta \u00fatil para medir y comparar diferencias en la resistencia del devanado del motor o en la resistencia de los contactos.<\/li>\n<li style=\"font-weight: 400;\">Filtro de paso bajo para mediciones exactas de voltaje y frecuencia al mismo tiempo, en accionadores de motor de velocidad ajustable y otros equipos el\u00e9ctricamente aparatosos.<\/li>\n<li style=\"font-weight: 400;\">Voltios LoZ (de baja impedancia). Funci\u00f3n de voltaje de baja impedancia para eliminar voltajes fantasmas. Tambi\u00e9n se recomienda al probar la ausencia o presencia de potencia activa.<\/li>\n<li style=\"font-weight: 400;\">Pantallas de ayuda incorporadas para funciones de medici\u00f3n. Si no est\u00e1 seguro con respecto a una funci\u00f3n, vaya a dicha funci\u00f3n y pulse el bot\u00f3n \u201ci\u201d.<\/li>\n<li style=\"font-weight: 400;\">Reloj en tiempo real para el marcado autom\u00e1tico de la hora en las lecturas guardadas.<\/li>\n<li style=\"font-weight: 400;\">Modo relativo que elimina la resistencia del cable de prueba en las mediciones de continuidad o capacitancia.<\/li>\n<li style=\"font-weight: 400;\">Corriente y voltaje de AC con valor eficaz verdadero para obtener mediciones exactas en se\u00f1ales no lineales.<\/li>\n<li style=\"font-weight: 400;\">Mediciones de hasta 10 A (20 A en 30 segundos).<\/li>\n<li style=\"font-weight: 400;\">Rango de capacitancia de 100 mF.<\/li>\n<li style=\"font-weight: 400;\">Captura de picos para registrar transitorios tan r\u00e1pidos como 250 \u00b5s.<\/li>\n<li style=\"font-weight: 400;\">Se incluyen las puntas de prueba de primera calidad y las pinzas de caim\u00e1n.<\/li>\n<li style=\"font-weight: 400;\">Se incluyen tapas cobertoras de entradas.<\/li>\n<li style=\"font-weight: 400;\">Correa magn\u00e9tica opcional para facilitar la instalaci\u00f3n y visualizaci\u00f3n, a la vez que libera sus manos para otras tareas.<\/li>\n<li style=\"font-weight: 400;\">El software opcional FlukeView Forms le permite documentar, almacenar y analizar lecturas individuales o conjuntos de mediciones, para luego convertirlas en documentos que parecen profesionales.<\/li>\n<\/ul>","protected":false},"excerpt":{"rendered":"<p>MULTIMETRO FLUKE 289 &nbsp; El nuevo 289 representa la pr\u00f3xima generaci\u00f3n en mult\u00edmetros industriales de registro, de alto rendimiento, y est\u00e1 dise\u00f1ado para resolver problemas complejos en electr\u00f3nica, automatizaci\u00f3n de plantas, distribuci\u00f3n el\u00e9ctrica y equipos electromec\u00e1nicos. Con la capacidad de registrar datos y revisarlos gr\u00e1ficamente en la pantalla, usted podr\u00e1 resolver problemas con mayor rapidez, &hellip; <a href=\"https:\/\/cleh.cl\/en\/product\/multimetro-fluke-289\/\" class=\"more-link\">Continue reading <span class=\"screen-reader-text\">MULTIMETRO FLUKE 289<\/span><\/a><\/p>","protected":false},"featured_media":38771,"comment_status":"open","ping_status":"closed","template":"","meta":{"om_disable_all_campaigns":false,"_monsterinsights_skip_tracking":false,"_monsterinsights_sitenote_active":false,"_monsterinsights_sitenote_note":"","_monsterinsights_sitenote_category":0},"product_brand":[],"product_cat":[35],"product_tag":[],"class_list":{"0":"post-29653","1":"product","2":"type-product","3":"status-publish","4":"has-post-thumbnail","6":"product_cat-herramientas","9":"instock","10":"shipping-taxable","11":"product-type-simple"},"aioseo_notices":[],"_links":{"self":[{"href":"https:\/\/cleh.cl\/en\/wp-json\/wp\/v2\/product\/29653","targetHints":{"allow":["GET"]}}],"collection":[{"href":"https:\/\/cleh.cl\/en\/wp-json\/wp\/v2\/product"}],"about":[{"href":"https:\/\/cleh.cl\/en\/wp-json\/wp\/v2\/types\/product"}],"replies":[{"embeddable":true,"href":"https:\/\/cleh.cl\/en\/wp-json\/wp\/v2\/comments?post=29653"}],"version-history":[{"count":3,"href":"https:\/\/cleh.cl\/en\/wp-json\/wp\/v2\/product\/29653\/revisions"}],"predecessor-version":[{"id":38772,"href":"https:\/\/cleh.cl\/en\/wp-json\/wp\/v2\/product\/29653\/revisions\/38772"}],"wp:featuredmedia":[{"embeddable":true,"href":"https:\/\/cleh.cl\/en\/wp-json\/wp\/v2\/media\/38771"}],"wp:attachment":[{"href":"https:\/\/cleh.cl\/en\/wp-json\/wp\/v2\/media?parent=29653"}],"wp:term":[{"taxonomy":"product_brand","embeddable":true,"href":"https:\/\/cleh.cl\/en\/wp-json\/wp\/v2\/product_brand?post=29653"},{"taxonomy":"product_cat","embeddable":true,"href":"https:\/\/cleh.cl\/en\/wp-json\/wp\/v2\/product_cat?post=29653"},{"taxonomy":"product_tag","embeddable":true,"href":"https:\/\/cleh.cl\/en\/wp-json\/wp\/v2\/product_tag?post=29653"}],"curies":[{"name":"wp","href":"https:\/\/api.w.org\/{rel}","templated":true}]}}