{"id":29662,"date":"2025-11-06T13:44:30","date_gmt":"2025-11-06T13:44:30","guid":{"rendered":"https:\/\/cleh.cl\/?post_type=product&#038;p=29662"},"modified":"2026-02-17T13:31:12","modified_gmt":"2026-02-17T13:31:12","slug":"multimetro-fluke-87-v","status":"publish","type":"product","link":"https:\/\/cleh.cl\/en\/product\/multimetro-fluke-87-v\/","title":{"rendered":"MULTIMETRO FLUKE 87-V"},"content":{"rendered":"<p style=\"text-align: center;\">MULTIMETRO FLUKE 87-V<\/p>\n<p>&nbsp;<\/p>\n<p><b>Dise\u00f1ado para identificar problemas de se\u00f1al compleja con rapidez<\/b><\/p>\n<p>Cuando la productividad es un factor de primer orden y necesita solucionar los problemas con rapidez, el modelo Fluke 87V proporciona la precisi\u00f3n y las capacidades de resoluci\u00f3n de problemas que necesita. Dise\u00f1ado espec\u00edficamente para gestionar se\u00f1ales complejas, el mult\u00edmetro industrial 87V permite ganar productividad acabando con las conjeturas en la soluci\u00f3n de problemas de los sistemas motores incluso en ubicaciones ruidosas, de mucha energ\u00eda y altitud.<\/p>\n<ul>\n<li>Mediciones de frecuencia precisas en controladores de velocidad (ASD) debido al filtro de paso bajo dise\u00f1ado por Fluke<\/li>\n<li>El term\u00f3metro integrado permite las mediciones de temperatura sin un term\u00f3metro independiente<\/li>\n<li>El pico m\u00edn.\/m\u00e1x. permite la captura de fen\u00f3menos intermitentes de hasta 250\u00a0\u00b5S<\/li>\n<li>La resoluci\u00f3n de pantalla doble (6000 o 20\u00a0000 recuentos) permite ver peque\u00f1os cambios en las lecturas mostradas<\/li>\n<li>Categor\u00edas de seguridad el\u00e9ctrica CAT III 1000V y CAT IV 600V<\/li>\n<li>Dise\u00f1ado y fabricado en EE. UU.<\/li>\n<li>Garant\u00eda de por vida<\/li>\n<\/ul>\n<p><b>Fluke 87V: solo una de las herramientas de confianza Fluke<\/b><\/p>\n<p>Fluke fabrica las herramientas de m\u00e1s confianza del mundo, no solo el Fluke 87V. Si trabaja con un equipo HVAC, necesita un medidor peque\u00f1o para espacios peque\u00f1os o trabaja en el mundo de los instaladores y reparadores el\u00e9ctricos, descubra toda la familia de mult\u00edmetros digitales Fluke.<\/p>\n<p>&nbsp;<\/p>\n<h2>Especificaciones: Mult\u00edmetro industrial Fluke 87V<\/h2>\n<div id=\"fluke-product-display-specs\">\n<div id=\"product-specs\">\n<div id=\"specification_content\">\n<table>\n<tbody>\n<tr>\n<td colspan=\"3\">Especificaciones<\/td>\n<\/tr>\n<tr>\n<td rowspan=\"3\">Voltaje de CC<\/td>\n<td><b>Voltaje m\u00e1ximo<\/b><\/td>\n<td>1000 V<\/td>\n<\/tr>\n<tr>\n<td>Precisi\u00f3n<\/td>\n<td>\u00b1(0.05 % + 1)<\/td>\n<\/tr>\n<tr>\n<td>Resoluci\u00f3n m\u00e1xima<\/td>\n<td>10 \u00b5V<\/td>\n<\/tr>\n<tr>\n<td rowspan=\"4\">Voltaje de CA<\/td>\n<td><b>Voltaje m\u00e1ximo<\/b><\/td>\n<td>1000 V<\/td>\n<\/tr>\n<tr>\n<td>Precisi\u00f3n<\/td>\n<td>\u00b1(0.7 % + 2) valor eficaz verdadero<\/td>\n<\/tr>\n<tr>\n<td>Ancho de banda de CA<\/td>\n<td>20\u00a0kHz con filtro de paso bajo; 3\u00a0db a 1\u00a0kHz<\/td>\n<\/tr>\n<tr>\n<td>Resoluci\u00f3n m\u00e1xima<\/td>\n<td>0.1 mV<\/td>\n<\/tr>\n<tr>\n<td rowspan=\"3\">Corriente CC<\/td>\n<td><b>Corriente m\u00e1xima<\/b><\/td>\n<td>10\u00a0A (20 A durante 30 segundos m\u00e1ximo)<\/td>\n<\/tr>\n<tr>\n<td>Precisi\u00f3n en corriente<\/td>\n<td>\u00b1(0.2 % + 2)<\/td>\n<\/tr>\n<tr>\n<td>Resoluci\u00f3n m\u00e1xima<\/td>\n<td>0.01 \u00b5A<\/td>\n<\/tr>\n<tr>\n<td rowspan=\"3\">Corriente CA<\/td>\n<td><b>Corriente m\u00e1xima<\/b><\/td>\n<td>10\u00a0A (20 A durante 30 segundos m\u00e1ximo)<\/td>\n<\/tr>\n<tr>\n<td>Precisi\u00f3n en corriente<\/td>\n<td>\u00b1(1.0 % + 2) valor eficaz verdadero<\/td>\n<\/tr>\n<tr>\n<td>Resoluci\u00f3n m\u00e1xima<\/td>\n<td>0.1 \u00b5A<\/td>\n<\/tr>\n<tr>\n<td rowspan=\"3\">Resistencia<\/td>\n<td><b>Resistencia m\u00e1xima<\/b><\/td>\n<td>50 M?<\/td>\n<\/tr>\n<tr>\n<td>Precisi\u00f3n<\/td>\n<td>\u00b1(0.2 % + 1)<\/td>\n<\/tr>\n<tr>\n<td>Resoluci\u00f3n m\u00e1xima<\/td>\n<td>0.1 ?<\/td>\n<\/tr>\n<tr>\n<td rowspan=\"3\">Capacitancia<\/td>\n<td><b>Capacitancia m\u00e1xima<\/b><\/td>\n<td>9999\u00a0\u00b5F<\/td>\n<\/tr>\n<tr>\n<td>de temperatura<\/td>\n<td>\u00b1(1 % + 2)<\/td>\n<\/tr>\n<tr>\n<td>Resoluci\u00f3n m\u00e1xima<\/td>\n<td>0.01 nF<\/td>\n<\/tr>\n<tr>\n<td rowspan=\"3\">Frecuencia<\/td>\n<td><b>Frecuencia m\u00e1xima<\/b><\/td>\n<td>200\u00a0kHz<\/td>\n<\/tr>\n<tr>\n<td>Precisi\u00f3n<\/td>\n<td>\u00b1(0.005 % + 1)<\/td>\n<\/tr>\n<tr>\n<td>Resoluci\u00f3n m\u00e1xima<\/td>\n<td>0.01 Hz<\/td>\n<\/tr>\n<tr>\n<td rowspan=\"3\">Ciclo de trabajo<\/td>\n<td><b>Ciclo de trabajo m\u00e1ximo<\/b><\/td>\n<td>99.9 %<\/td>\n<\/tr>\n<tr>\n<td>Precisi\u00f3n<\/td>\n<td>\u00b1(0.2\u00a0% por kHz + 0.1\u00a0%)<\/td>\n<\/tr>\n<tr>\n<td>Resoluci\u00f3n m\u00e1xima<\/td>\n<td>0.1 %<\/td>\n<\/tr>\n<tr>\n<td>Medici\u00f3n de la temperatura<\/td>\n<td colspan=\"2\">-200.0 \u00b0C &#8211; 1090 \u00b0C<br \/>\n\u2013328.0 \u00b0F a 1994.0 \u00b0F<br \/>\nexcluida la sonda<\/td>\n<\/tr>\n<tr>\n<td>Sonda de temperatura 80\u00a0BK<\/td>\n<td colspan=\"2\">-40,0 \u00b0C a 260 \u00b0C<br \/>\n\u201340.0 \u00b0F a 500 \u00b0F, 2.2 \u00b0C o 2%, lo que sea mayor<\/td>\n<\/tr>\n<tr>\n<td rowspan=\"3\">Conductancia<\/td>\n<td><b>Conductancia m\u00e1xima<\/b><\/td>\n<td>60.00 nS<\/td>\n<\/tr>\n<tr>\n<td>Precisi\u00f3n<\/td>\n<td>\u00b1(1.0 % + 10)<\/td>\n<\/tr>\n<tr>\n<td>Resoluci\u00f3n m\u00e1xima<\/td>\n<td>0.01 nS<\/td>\n<\/tr>\n<tr>\n<td rowspan=\"3\">Diodo<\/td>\n<td><b>Rango<\/b><\/td>\n<td>3 V<\/td>\n<\/tr>\n<tr>\n<td>Resoluci\u00f3n<\/td>\n<td>1 mV<\/td>\n<\/tr>\n<tr>\n<td>Exactitud<\/td>\n<td>\u00b1(2 % + 1)<\/td>\n<\/tr>\n<tr>\n<td>Rango de ciclo de trabajo<\/td>\n<td><b>Precisi\u00f3n<\/b><\/td>\n<td>Dentro de \u00b1(0.2\u00a0% por kHz + 0.1\u00a0%)<\/td>\n<\/tr>\n<tr class=\"head\">\n<td colspan=\"3\">Especificaciones ambientales<\/td>\n<\/tr>\n<tr>\n<td>Temperatura de funcionamiento<\/td>\n<td colspan=\"2\">-20 \u00b0C a + 55 \u00b0C<\/td>\n<\/tr>\n<tr>\n<td>Temperatura de almacenamiento<\/td>\n<td colspan=\"2\">-40 \u00b0C a + 60 \u00b0C<\/td>\n<\/tr>\n<tr>\n<td>Humedad (sin condensaci\u00f3n)<\/td>\n<td colspan=\"2\">0\u00a0% a 90\u00a0% (0\u00a0\u00b0C a 35\u00a0\u00b0C)<br \/>\n0 % a 70 % (35 \u00b0C a 55 \u00b0C)<\/td>\n<\/tr>\n<tr>\n<td>Altitud de funcionamiento<\/td>\n<td colspan=\"2\">2000 m<\/td>\n<\/tr>\n<tr class=\"head\">\n<td colspan=\"3\">Especificaciones de seguridad<\/td>\n<\/tr>\n<tr>\n<td>Categor\u00eda de sobrevoltaje<\/td>\n<td colspan=\"2\">EN 61010\u20131 a 1000\u00a0V CAT III, 600\u00a0V CAT IV<\/td>\n<\/tr>\n<tr>\n<td>Certificaciones reconocidas<\/td>\n<td colspan=\"2\">Homologados por UL, CSA, T\u00dcV y VDE<\/td>\n<\/tr>\n<tr class=\"head\">\n<td colspan=\"3\">Especificaciones mec\u00e1nicas y generales<\/td>\n<\/tr>\n<tr>\n<td>Dimensiones<\/td>\n<td colspan=\"2\">201 x 98 x 52\u00a0mm (con funda)<\/td>\n<\/tr>\n<tr>\n<td>Peso<\/td>\n<td colspan=\"2\">355\u00a0g<br \/>\n624 g; incluida funda<\/td>\n<\/tr>\n<tr>\n<td rowspan=\"3\">Pantalla<\/td>\n<td><b>Digital<\/b><\/td>\n<td>6000 recuentos; se actualiza 4 veces por segundo<br \/>\n19 999 recuentos en modo de alta resoluci\u00f3n<\/td>\n<\/tr>\n<tr>\n<td>Anal\u00f3gica<\/td>\n<td>32 segmentos, actualizaciones 40\/seg<\/td>\n<\/tr>\n<tr>\n<td>Frecuencia<\/td>\n<td>19 999 recuentos, actualizaciones 3\/s a &gt; 10 Hz<\/td>\n<\/tr>\n<tr>\n<td>Garant\u00eda<\/td>\n<td colspan=\"2\">De por vida<\/td>\n<\/tr>\n<tr>\n<td>Duraci\u00f3n de la bater\u00eda<\/td>\n<td><b>Alcalina<\/b><\/td>\n<td>~400 horas de funcionamiento t\u00edpico, sin usar retroiluminaci\u00f3n<\/td>\n<\/tr>\n<tr>\n<td>Impactos<\/td>\n<td colspan=\"2\">Ca\u00edda de 1 metro seg\u00fan IEC 61010-1:2001<\/td>\n<\/tr>\n<tr>\n<td>Vibraciones<\/td>\n<td colspan=\"2\">Conforme a MIL\u2013PRF\u201328800, instrumento de Clase 2<\/td>\n<\/tr>\n<\/tbody>\n<\/table>\n<\/div>\n<\/div>\n<\/div>","protected":false},"excerpt":{"rendered":"<p>MULTIMETRO FLUKE 87-V &nbsp; Dise\u00f1ado para identificar problemas de se\u00f1al compleja con rapidez Cuando la productividad es un factor de primer orden y necesita solucionar los problemas con rapidez, el modelo Fluke 87V proporciona la precisi\u00f3n y las capacidades de resoluci\u00f3n de problemas que necesita. Dise\u00f1ado espec\u00edficamente para gestionar se\u00f1ales complejas, el mult\u00edmetro industrial 87V &hellip; <a href=\"https:\/\/cleh.cl\/en\/product\/multimetro-fluke-87-v\/\" class=\"more-link\">Continue reading <span class=\"screen-reader-text\">MULTIMETRO FLUKE 87-V<\/span><\/a><\/p>","protected":false},"featured_media":38765,"comment_status":"open","ping_status":"closed","template":"","meta":{"om_disable_all_campaigns":false,"_monsterinsights_skip_tracking":false,"_monsterinsights_sitenote_active":false,"_monsterinsights_sitenote_note":"","_monsterinsights_sitenote_category":0},"product_brand":[],"product_cat":[35],"product_tag":[],"class_list":{"0":"post-29662","1":"product","2":"type-product","3":"status-publish","4":"has-post-thumbnail","6":"product_cat-herramientas","9":"instock","10":"shipping-taxable","11":"product-type-simple"},"aioseo_notices":[],"_links":{"self":[{"href":"https:\/\/cleh.cl\/en\/wp-json\/wp\/v2\/product\/29662","targetHints":{"allow":["GET"]}}],"collection":[{"href":"https:\/\/cleh.cl\/en\/wp-json\/wp\/v2\/product"}],"about":[{"href":"https:\/\/cleh.cl\/en\/wp-json\/wp\/v2\/types\/product"}],"replies":[{"embeddable":true,"href":"https:\/\/cleh.cl\/en\/wp-json\/wp\/v2\/comments?post=29662"}],"version-history":[{"count":3,"href":"https:\/\/cleh.cl\/en\/wp-json\/wp\/v2\/product\/29662\/revisions"}],"predecessor-version":[{"id":38766,"href":"https:\/\/cleh.cl\/en\/wp-json\/wp\/v2\/product\/29662\/revisions\/38766"}],"wp:featuredmedia":[{"embeddable":true,"href":"https:\/\/cleh.cl\/en\/wp-json\/wp\/v2\/media\/38765"}],"wp:attachment":[{"href":"https:\/\/cleh.cl\/en\/wp-json\/wp\/v2\/media?parent=29662"}],"wp:term":[{"taxonomy":"product_brand","embeddable":true,"href":"https:\/\/cleh.cl\/en\/wp-json\/wp\/v2\/product_brand?post=29662"},{"taxonomy":"product_cat","embeddable":true,"href":"https:\/\/cleh.cl\/en\/wp-json\/wp\/v2\/product_cat?post=29662"},{"taxonomy":"product_tag","embeddable":true,"href":"https:\/\/cleh.cl\/en\/wp-json\/wp\/v2\/product_tag?post=29662"}],"curies":[{"name":"wp","href":"https:\/\/api.w.org\/{rel}","templated":true}]}}