{"id":29687,"date":"2025-11-06T13:44:31","date_gmt":"2025-11-06T13:44:31","guid":{"rendered":"https:\/\/cleh.cl\/?post_type=product&#038;p=29687"},"modified":"2026-02-17T13:10:44","modified_gmt":"2026-02-17T13:10:44","slug":"multimetro-unit-ut890c-ex-linea-ut50-ii-true-rms-20a","status":"publish","type":"product","link":"https:\/\/cleh.cl\/en\/product\/multimetro-unit-ut890c-ex-linea-ut50-ii-true-rms-20a\/","title":{"rendered":"MULTIMETRO UNIT UT890C TRUE RMS 20A"},"content":{"rendered":"<p style=\"text-align: center;\">MULTIMETRO UNIT UT890C TRUE RMS 20A<\/p>\n<p>&nbsp;<\/p>\n<div class=\"short_desc\">Los mult\u00edmetros digitalesUT890C 6000 cuentas, tiene una gran pantalla LCD.La capacidad m\u00e1xima medible es de 100 mF, con un tiempo de respuesta r\u00e1pido de menos de 12 s. El NCV y la medici\u00f3n de continuidad tienen indicaciones ac\u00fastico-\u00f3pticas.<\/div>\n<div><\/div>\n<div class=\"codeid\">Aplicaciones:<br \/>\n&#8211; Tableros el\u00e9ctricos<br \/>\n&#8211; Sistemas de HVAC<br \/>\n&#8211; Detecci\u00f3n de fallas de circuitos el\u00e9ctricos<br \/>\n&#8211; Instalaci\u00f3n o mantenimiento de equipos electr\u00f3nicos \/ de f\u00e1brica<br \/>\n&#8211; Desarrollo de componentes electr\u00f3nicos, dise\u00f1o de placas de circuito &#8211; Usuarios que necesitan distinguir entre cables neutros \/ vivos con frecuencia<\/p>\n<p>Caracter\u00edsticas:<\/p>\n<p>Voltaje DC hasta 1000V<br \/>\nVoltaje CA hasta 750V<br \/>\nFrecuencia ACV 10Hz ~ 10kHz<br \/>\nCorriente CC hasta 20A<br \/>\nCorriente CA hasta 20A<br \/>\nResistencia hasta 60MO<br \/>\nCondensador hasta 100mF<br \/>\nFrecuencia 10Hz &#8211; 10MHz<br \/>\nTemperatura \u201340\u00b0C &#8211; 1000\u00b0C (La termocupla incluida solo sirva hasta 300\u00b0C)<br \/>\nCuentas 6000<br \/>\nAlcance manual<br \/>\nhFE<br \/>\nPrueba de diodos<br \/>\nContinuidad<br \/>\nTrue RMS<br \/>\nAlarma de fusible<br \/>\nIndicaci\u00f3n ac\u00fastica-\u00f3ptica (NCV \/ continuidad)<br \/>\nDetecci\u00f3n falsa de alto voltaje 1000Vrms<br \/>\nMemoria del modo actual (AC \/ DC)<br \/>\nAlarma de sobrecorriente =20A<br \/>\nIndicaci\u00f3n de bater\u00eda baja =2.5V<br \/>\nRetenci\u00f3n de datos<br \/>\nREL<br \/>\nM\u00e1x.\/M\u00edn.<br \/>\nApagado autom\u00e1tico 15 minutos<br \/>\nLuz de fondo 30s<br \/>\nSeguridad CAT ? 1000V \/ CAT III 600V<br \/>\nCaracter\u00edsticas generales<br \/>\nBater\u00edas AA 1.5V x 2<br \/>\nColor del producto rojo y gris<br \/>\nPeso neto del producto 346 g<br \/>\nTama\u00f1o de producto 183 mm x 88 mm x 56 mm<\/p>\n<p>Contenido del producto:<br \/>\nUT890C<br \/>\nManual<br \/>\nPuntas de prueba<br \/>\nSonda de temperatura<br \/>\nPilas<\/p><\/div>","protected":false},"excerpt":{"rendered":"<p>MULTIMETRO UNIT UT890C TRUE RMS 20A &nbsp; Los mult\u00edmetros digitalesUT890C 6000 cuentas, tiene una gran pantalla LCD.La capacidad m\u00e1xima medible es de 100 mF, con un tiempo de respuesta r\u00e1pido de menos de 12 s. El NCV y la medici\u00f3n de continuidad tienen indicaciones ac\u00fastico-\u00f3pticas. Aplicaciones: &#8211; Tableros el\u00e9ctricos &#8211; Sistemas de HVAC &#8211; Detecci\u00f3n &hellip; <a href=\"https:\/\/cleh.cl\/en\/product\/multimetro-unit-ut890c-ex-linea-ut50-ii-true-rms-20a\/\" class=\"more-link\">Continue reading <span class=\"screen-reader-text\">MULTIMETRO UNIT UT890C TRUE RMS 20A<\/span><\/a><\/p>","protected":false},"featured_media":38755,"comment_status":"open","ping_status":"closed","template":"","meta":{"om_disable_all_campaigns":false,"_monsterinsights_skip_tracking":false,"_monsterinsights_sitenote_active":false,"_monsterinsights_sitenote_note":"","_monsterinsights_sitenote_category":0},"product_brand":[],"product_cat":[35],"product_tag":[],"class_list":{"0":"post-29687","1":"product","2":"type-product","3":"status-publish","4":"has-post-thumbnail","6":"product_cat-herramientas","9":"instock","10":"shipping-taxable","11":"product-type-simple"},"aioseo_notices":[],"_links":{"self":[{"href":"https:\/\/cleh.cl\/en\/wp-json\/wp\/v2\/product\/29687","targetHints":{"allow":["GET"]}}],"collection":[{"href":"https:\/\/cleh.cl\/en\/wp-json\/wp\/v2\/product"}],"about":[{"href":"https:\/\/cleh.cl\/en\/wp-json\/wp\/v2\/types\/product"}],"replies":[{"embeddable":true,"href":"https:\/\/cleh.cl\/en\/wp-json\/wp\/v2\/comments?post=29687"}],"version-history":[{"count":3,"href":"https:\/\/cleh.cl\/en\/wp-json\/wp\/v2\/product\/29687\/revisions"}],"predecessor-version":[{"id":38757,"href":"https:\/\/cleh.cl\/en\/wp-json\/wp\/v2\/product\/29687\/revisions\/38757"}],"wp:featuredmedia":[{"embeddable":true,"href":"https:\/\/cleh.cl\/en\/wp-json\/wp\/v2\/media\/38755"}],"wp:attachment":[{"href":"https:\/\/cleh.cl\/en\/wp-json\/wp\/v2\/media?parent=29687"}],"wp:term":[{"taxonomy":"product_brand","embeddable":true,"href":"https:\/\/cleh.cl\/en\/wp-json\/wp\/v2\/product_brand?post=29687"},{"taxonomy":"product_cat","embeddable":true,"href":"https:\/\/cleh.cl\/en\/wp-json\/wp\/v2\/product_cat?post=29687"},{"taxonomy":"product_tag","embeddable":true,"href":"https:\/\/cleh.cl\/en\/wp-json\/wp\/v2\/product_tag?post=29687"}],"curies":[{"name":"wp","href":"https:\/\/api.w.org\/{rel}","templated":true}]}}