{"id":35059,"date":"2025-11-06T13:45:49","date_gmt":"2025-11-06T13:45:49","guid":{"rendered":"https:\/\/cleh.cl\/?post_type=product&#038;p=35059"},"modified":"2026-02-16T17:39:06","modified_gmt":"2026-02-16T17:39:06","slug":"taladro-percutor-bosch-113-d-650w-x-13mm-veloc-variable","status":"publish","type":"product","link":"https:\/\/cleh.cl\/en\/product\/taladro-percutor-bosch-113-d-650w-x-13mm-veloc-variable\/","title":{"rendered":"TALADRO PERCUTOR BOSCH 113-D 650W x 13MM VELOC VARIABLE"},"content":{"rendered":"<p style=\"text-align: center;\">TALADRO PERCUTOR BOSCH 113-D 650W x 13MM VELOC VARIABLE<\/p>\n<p>El taladro percutor Bosch GSB 13 RE es una herramienta compacta y potente, ideal para una variedad de aplicaciones de perforaci\u00f3n en madera, metal y concreto. Con una potencia de 650W y una velocidad variable de hasta 2800 RPM, este taladro ofrece un rendimiento excepcional. Su dise\u00f1o ligero y ergon\u00f3mico permite un manejo c\u00f3modo y preciso. Adem\u00e1s, incluye una empu\u00f1adura auxiliar y un tope de profundidad para mayor control y precisi\u00f3n en el trabajo. Viene en un atractivo color azul y es perfecto tanto para profesionales como para aficionados al en casa.<\/p>\n<p>Dimensiones de la caja: 26.1 cm de ancho, 30 cm de largo, 7.5 cm de alto<br \/>\nPeso de la caja: 1.8 kg<\/p>\n<p>&nbsp;<\/p>\n<ul>\n<li>\u00a1El Taladro percutor Bosch GSB 13 RE posee 650W de potencia, es s\u00faper liviano y compacto!<\/li>\n<li>Viene con empu\u00f1adura de goma para un agarre c\u00f3modo y seguro.<\/li>\n<li>Motor de alto desempe\u00f1o de 650 W para atender todas las necesidades de los usuarios<\/li>\n<li>Bot\u00f3n de bloqueo para trabajos continuos<\/li>\n<li>Para un mejor desempe\u00f1o de tu herramienta, utiliza accesorios Bosch<\/li>\n<li>Empu\u00f1adura de goma: agarre seguro y c\u00f3modo<\/li>\n<li>Uso industrial<\/li>\n<li>Trabajo intenso<\/li>\n<\/ul>\n<p>&nbsp;<\/p>","protected":false},"excerpt":{"rendered":"<p>TALADRO PERCUTOR BOSCH 113-D 650W x 13MM VELOC VARIABLE El taladro percutor Bosch GSB 13 RE es una herramienta compacta y potente, ideal para una variedad de aplicaciones de perforaci\u00f3n en madera, metal y concreto. Con una potencia de 650W y una velocidad variable de hasta 2800 RPM, este taladro ofrece un rendimiento excepcional. Su &hellip; <a href=\"https:\/\/cleh.cl\/en\/product\/taladro-percutor-bosch-113-d-650w-x-13mm-veloc-variable\/\" class=\"more-link\">Continue reading <span class=\"screen-reader-text\">TALADRO PERCUTOR BOSCH 113-D 650W x 13MM VELOC VARIABLE<\/span><\/a><\/p>","protected":false},"featured_media":38705,"comment_status":"open","ping_status":"closed","template":"","meta":{"om_disable_all_campaigns":false,"_monsterinsights_skip_tracking":false,"_monsterinsights_sitenote_active":false,"_monsterinsights_sitenote_note":"","_monsterinsights_sitenote_category":0},"product_brand":[],"product_cat":[35,134],"product_tag":[],"class_list":{"0":"post-35059","1":"product","2":"type-product","3":"status-publish","4":"has-post-thumbnail","6":"product_cat-herramientas","7":"product_cat-taladros","10":"instock","11":"shipping-taxable","12":"product-type-simple"},"aioseo_notices":[],"_links":{"self":[{"href":"https:\/\/cleh.cl\/en\/wp-json\/wp\/v2\/product\/35059","targetHints":{"allow":["GET"]}}],"collection":[{"href":"https:\/\/cleh.cl\/en\/wp-json\/wp\/v2\/product"}],"about":[{"href":"https:\/\/cleh.cl\/en\/wp-json\/wp\/v2\/types\/product"}],"replies":[{"embeddable":true,"href":"https:\/\/cleh.cl\/en\/wp-json\/wp\/v2\/comments?post=35059"}],"version-history":[{"count":3,"href":"https:\/\/cleh.cl\/en\/wp-json\/wp\/v2\/product\/35059\/revisions"}],"predecessor-version":[{"id":38707,"href":"https:\/\/cleh.cl\/en\/wp-json\/wp\/v2\/product\/35059\/revisions\/38707"}],"wp:featuredmedia":[{"embeddable":true,"href":"https:\/\/cleh.cl\/en\/wp-json\/wp\/v2\/media\/38705"}],"wp:attachment":[{"href":"https:\/\/cleh.cl\/en\/wp-json\/wp\/v2\/media?parent=35059"}],"wp:term":[{"taxonomy":"product_brand","embeddable":true,"href":"https:\/\/cleh.cl\/en\/wp-json\/wp\/v2\/product_brand?post=35059"},{"taxonomy":"product_cat","embeddable":true,"href":"https:\/\/cleh.cl\/en\/wp-json\/wp\/v2\/product_cat?post=35059"},{"taxonomy":"product_tag","embeddable":true,"href":"https:\/\/cleh.cl\/en\/wp-json\/wp\/v2\/product_tag?post=35059"}],"curies":[{"name":"wp","href":"https:\/\/api.w.org\/{rel}","templated":true}]}}