{"id":35357,"date":"2025-11-06T13:45:54","date_gmt":"2025-11-06T13:45:54","guid":{"rendered":"https:\/\/cleh.cl\/?post_type=product&#038;p=35357"},"modified":"2026-02-16T15:33:24","modified_gmt":"2026-02-16T15:33:24","slug":"tarugo-plastico-10-mm-tipo-fisher","status":"publish","type":"product","link":"https:\/\/cleh.cl\/en\/product\/tarugo-plastico-10-mm-tipo-fisher\/","title":{"rendered":"TARUGO PLASTICO 10 MM TIPO FISHER"},"content":{"rendered":"<p style=\"text-align: center;\">TARUGO PLASTICO 10 MM TIPO FISHER<\/p>\n<p>&nbsp;<\/p>\n<p>Al no tener arandela el tarugo puede introducirse en la perforaci\u00f3n m\u00e1s all\u00e1 del revoque o el revestimiento, generando la presi\u00f3n de expansi\u00f3n en el sustrato y alcanzando de esta forma altos valores de carga.<\/p>\n<p>Como el tarugo expande solo en 2 direcciones, es posible direccionar el sentido de la fuerza de expansi\u00f3n con solo girar el taco, para que act\u00fae paralelo al borde el elemento constructivo. Esto es ideal cuando existen pocas distancias a los bordes.<\/p>\n<p>Su geometr\u00eda delgada garantiza una simple inserci\u00f3n del tarugo dentro de la perforaci\u00f3n, para una r\u00e1pida y simple instalaci\u00f3n. Sus trabas anti giro evitan la rotaci\u00f3n del tarugo dentro de la perforaci\u00f3n durante el roscado del tornillo, garantizando un alto nivel de seguridad en la instalaci\u00f3n.<\/p>\n<h3 class=\"uk-heading-bullet uk-text-bolder\">Aplicaciones<\/h3>\n<ul class=\"uk-list uk-list-striped uk-list-collapse\">\n<li>Cuadros<\/li>\n<li>L\u00e1mparas<\/li>\n<li>Z\u00f3calos<\/li>\n<li>Estantes<\/li>\n<li>Botiquines<\/li>\n<li>Buzones<\/li>\n<li>Sensores de movimiento<\/li>\n<li>Tableros de informaci\u00f3n<\/li>\n<li>Rieles de cortinas<\/li>\n<li>Instalaciones el\u00e9ctricas<\/li>\n<\/ul>\n<h3 class=\"uk-heading-bullet uk-text-bolder\">Materiales de construcci\u00f3n<\/h3>\n<ul class=\"uk-list uk-list-striped uk-list-collapse\">\n<li>Hormig\u00f3n<\/li>\n<li>Hormig\u00f3n celular<\/li>\n<li>Ladrillo macizo<\/li>\n<li>Piedra natural de estructura densa<\/li>\n<\/ul>\n<h3 class=\"uk-heading-bullet uk-text-bolder\">Funcionamiento<\/h3>\n<ul>\n<li>El taco S es adecuado para instalaciones al ras, y a trav\u00e9s del objeto a fijar.<\/li>\n<li>Al roscar el tornillo, el taco S expande en 2 direcciones, brindando un anclaje seguro dentro del material base.<\/li>\n<li>El largo adecuado del tonillo a utilizar se calcula teniendo en cuenta: largo del tarugo + espesor del objeto a fijar + 1 x \u00d8 del taco.<\/li>\n<li>Adecuado para una amplia gama de tornillos.<\/li>\n<li>La distancia a los bordes debe ser de al menos el largo del tarugo.<\/li>\n<li>En instalaciones cerca del borde, girar el tarugo de manera tal que la fuerza de expansi\u00f3n act\u00fae paralela a este.<\/li>\n<\/ul>","protected":false},"excerpt":{"rendered":"<p>TARUGO PLASTICO 10 MM TIPO FISHER &nbsp; Al no tener arandela el tarugo puede introducirse en la perforaci\u00f3n m\u00e1s all\u00e1 del revoque o el revestimiento, generando la presi\u00f3n de expansi\u00f3n en el sustrato y alcanzando de esta forma altos valores de carga. Como el tarugo expande solo en 2 direcciones, es posible direccionar el sentido &hellip; <a href=\"https:\/\/cleh.cl\/en\/product\/tarugo-plastico-10-mm-tipo-fisher\/\" class=\"more-link\">Continue reading <span class=\"screen-reader-text\">TARUGO PLASTICO 10 MM TIPO FISHER<\/span><\/a><\/p>","protected":false},"featured_media":38672,"comment_status":"open","ping_status":"closed","template":"","meta":{"om_disable_all_campaigns":false,"_monsterinsights_skip_tracking":false,"_monsterinsights_sitenote_active":false,"_monsterinsights_sitenote_note":"","_monsterinsights_sitenote_category":0},"product_brand":[],"product_cat":[35],"product_tag":[],"class_list":{"0":"post-35357","1":"product","2":"type-product","3":"status-publish","4":"has-post-thumbnail","6":"product_cat-herramientas","9":"instock","10":"shipping-taxable","11":"product-type-simple"},"aioseo_notices":[],"_links":{"self":[{"href":"https:\/\/cleh.cl\/en\/wp-json\/wp\/v2\/product\/35357","targetHints":{"allow":["GET"]}}],"collection":[{"href":"https:\/\/cleh.cl\/en\/wp-json\/wp\/v2\/product"}],"about":[{"href":"https:\/\/cleh.cl\/en\/wp-json\/wp\/v2\/types\/product"}],"replies":[{"embeddable":true,"href":"https:\/\/cleh.cl\/en\/wp-json\/wp\/v2\/comments?post=35357"}],"version-history":[{"count":2,"href":"https:\/\/cleh.cl\/en\/wp-json\/wp\/v2\/product\/35357\/revisions"}],"predecessor-version":[{"id":38673,"href":"https:\/\/cleh.cl\/en\/wp-json\/wp\/v2\/product\/35357\/revisions\/38673"}],"wp:featuredmedia":[{"embeddable":true,"href":"https:\/\/cleh.cl\/en\/wp-json\/wp\/v2\/media\/38672"}],"wp:attachment":[{"href":"https:\/\/cleh.cl\/en\/wp-json\/wp\/v2\/media?parent=35357"}],"wp:term":[{"taxonomy":"product_brand","embeddable":true,"href":"https:\/\/cleh.cl\/en\/wp-json\/wp\/v2\/product_brand?post=35357"},{"taxonomy":"product_cat","embeddable":true,"href":"https:\/\/cleh.cl\/en\/wp-json\/wp\/v2\/product_cat?post=35357"},{"taxonomy":"product_tag","embeddable":true,"href":"https:\/\/cleh.cl\/en\/wp-json\/wp\/v2\/product_tag?post=35357"}],"curies":[{"name":"wp","href":"https:\/\/api.w.org\/{rel}","templated":true}]}}