{"id":35960,"date":"2025-11-06T13:46:07","date_gmt":"2025-11-06T13:46:07","guid":{"rendered":"https:\/\/cleh.cl\/?post_type=product&#038;p=35960"},"modified":"2026-02-16T12:34:36","modified_gmt":"2026-02-16T12:34:36","slug":"tornillo-mecanico-banco","status":"publish","type":"product","link":"https:\/\/cleh.cl\/en\/product\/tornillo-mecanico-banco\/","title":{"rendered":"TORNILLO MECANICO BANCO"},"content":{"rendered":"<p style=\"text-align: center;\">TORNILLO MECANICO BANCO<\/p>\n<p>&nbsp;<\/p>\n<p>El tornillo de banco de hierro fundido es una herramienta imprescindible para cualquier taller, f\u00e1brica o galp\u00f3n. Ideal para sujetar art\u00edculos mientras se perfora, lima, suelda, ensambla o suelda, el tornillo de banco est\u00e1 hecho de hierro fundido resistente de la m\u00e1s alta calidad y es una Herramienta profesional para cualquier Maestro o aficionado al Taller.<\/p>\n<p>Las mordazas se abren mediante un tornillo de avance hasta un m\u00e1ximo de 7\u2033 (175 mm.) y el ancho de la mordaza es de 6\u2033 (150 mm.). Ademas cuenta con Yunque para Golpes en medidas de 4\u2033 X 4\u2033 (100 X 100 mm.)<\/p>\n<p>Este tornillo de banco tambi\u00e9n cuenta con orificios de montaje para que se pueda sujetar de forma segura a un banco de trabajo u otra superficie.<\/p>","protected":false},"excerpt":{"rendered":"<p>TORNILLO MECANICO BANCO &nbsp; El tornillo de banco de hierro fundido es una herramienta imprescindible para cualquier taller, f\u00e1brica o galp\u00f3n. Ideal para sujetar art\u00edculos mientras se perfora, lima, suelda, ensambla o suelda, el tornillo de banco est\u00e1 hecho de hierro fundido resistente de la m\u00e1s alta calidad y es una Herramienta profesional para cualquier &hellip; <a href=\"https:\/\/cleh.cl\/en\/product\/tornillo-mecanico-banco\/\" class=\"more-link\">Continue reading <span class=\"screen-reader-text\">TORNILLO MECANICO BANCO<\/span><\/a><\/p>","protected":false},"featured_media":38551,"comment_status":"open","ping_status":"closed","template":"","meta":{"om_disable_all_campaigns":false,"_monsterinsights_skip_tracking":false,"_monsterinsights_sitenote_active":false,"_monsterinsights_sitenote_note":"","_monsterinsights_sitenote_category":0},"product_brand":[],"product_cat":[35],"product_tag":[],"class_list":{"0":"post-35960","1":"product","2":"type-product","3":"status-publish","4":"has-post-thumbnail","6":"product_cat-herramientas","9":"instock","10":"shipping-taxable","11":"product-type-simple"},"aioseo_notices":[],"_links":{"self":[{"href":"https:\/\/cleh.cl\/en\/wp-json\/wp\/v2\/product\/35960","targetHints":{"allow":["GET"]}}],"collection":[{"href":"https:\/\/cleh.cl\/en\/wp-json\/wp\/v2\/product"}],"about":[{"href":"https:\/\/cleh.cl\/en\/wp-json\/wp\/v2\/types\/product"}],"replies":[{"embeddable":true,"href":"https:\/\/cleh.cl\/en\/wp-json\/wp\/v2\/comments?post=35960"}],"version-history":[{"count":3,"href":"https:\/\/cleh.cl\/en\/wp-json\/wp\/v2\/product\/35960\/revisions"}],"predecessor-version":[{"id":38552,"href":"https:\/\/cleh.cl\/en\/wp-json\/wp\/v2\/product\/35960\/revisions\/38552"}],"wp:featuredmedia":[{"embeddable":true,"href":"https:\/\/cleh.cl\/en\/wp-json\/wp\/v2\/media\/38551"}],"wp:attachment":[{"href":"https:\/\/cleh.cl\/en\/wp-json\/wp\/v2\/media?parent=35960"}],"wp:term":[{"taxonomy":"product_brand","embeddable":true,"href":"https:\/\/cleh.cl\/en\/wp-json\/wp\/v2\/product_brand?post=35960"},{"taxonomy":"product_cat","embeddable":true,"href":"https:\/\/cleh.cl\/en\/wp-json\/wp\/v2\/product_cat?post=35960"},{"taxonomy":"product_tag","embeddable":true,"href":"https:\/\/cleh.cl\/en\/wp-json\/wp\/v2\/product_tag?post=35960"}],"curies":[{"name":"wp","href":"https:\/\/api.w.org\/{rel}","templated":true}]}}