{"id":5717,"date":"2020-09-21T10:48:47","date_gmt":"2020-09-21T10:48:47","guid":{"rendered":"https:\/\/cleh.cl\/?post_type=product&#038;p=5717"},"modified":"2025-11-19T19:22:39","modified_gmt":"2025-11-19T19:22:39","slug":"arnes-de-seguridad-red-hawk-ignifugo","status":"publish","type":"product","link":"https:\/\/cleh.cl\/en\/product\/arnes-de-seguridad-red-hawk-ignifugo\/","title":{"rendered":"ARN\u00c9S DE SEGURIDAD RED HAWK IGN\u00cdFUGO"},"content":{"rendered":"<h1 style=\"text-align: center;\">ARN\u00c9S DE SEGURIDAD RED HAWK IGN\u00cdFUGO<\/h1>\n<p>Los arneses ign\u00edfugos SEGMA son fabricados con cinta de poli\u00e9ster de 44 mm de alta resistencia (29 KN), datada de caracter\u00edsticas anti fuego.<\/p>\n<p>&nbsp;<\/p>\n<h2>Descripci\u00f3n<\/h2>\n<p>Los arneses ign\u00edfugos SEGMA son fabricados con cinta de poli\u00e9ster de 44 mm de alta resistencia (29 KN), datada de caracter\u00edsticas anti fuego.<br \/>\nEl tratamiento retardante ign\u00edfugo de la cinta es aplicado de acuerdo a las exigencias normativas de la Uni\u00f3n Europea (EN 23727).<br \/>\nEl material cuenta con categor\u00eda M2, dentro de la clasificaci\u00f3n de reacci\u00f3n al fuego de los materiales, es decir dispone de una \u00f3ptima clasificaci\u00f3n ign\u00edfuga para tratamientos de materiales flexibles de espesores iguales o menores de 5mm.<br \/>\nDe acuerdo a esta categor\u00eda, el material es dif\u00edcilmente inflamable.<br \/>\nLas pruebas de certificaci\u00f3n se realizan en hornos que alcanzan temperaturas muy elevadas (hasta unos 1.150 \u00baC) para comprobar que los materiales conservan sus principales caracter\u00edsticas funcionales.<\/p>\n<h2 class=\"yikes-custom-woo-tab-title yikes-custom-woo-tab-title-caracteristicas\">Caracter\u00edsticas<\/h2>\n<p><strong>INFLAMABILIDAD:<\/strong>\u00a0Capacidad de un material para arder con producci\u00f3n de llamas, es decir, su capacidad para emitir gases que ardan.<\/p>\n<p>&nbsp;<\/p>","protected":false},"excerpt":{"rendered":"<p>ARN\u00c9S DE SEGURIDAD RED HAWK IGN\u00cdFUGO Los arneses ign\u00edfugos SEGMA son fabricados con cinta de poli\u00e9ster de 44 mm de alta resistencia (29 KN), datada de caracter\u00edsticas anti fuego. &nbsp; Descripci\u00f3n Los arneses ign\u00edfugos SEGMA son fabricados con cinta de poli\u00e9ster de 44 mm de alta resistencia (29 KN), datada de caracter\u00edsticas anti fuego. El &hellip; <a href=\"https:\/\/cleh.cl\/en\/product\/arnes-de-seguridad-red-hawk-ignifugo\/\" class=\"more-link\">Continue reading <span class=\"screen-reader-text\">ARN\u00c9S DE SEGURIDAD RED HAWK IGN\u00cdFUGO<\/span><\/a><\/p>","protected":false},"featured_media":5718,"comment_status":"open","ping_status":"closed","template":"","meta":{"om_disable_all_campaigns":false,"_monsterinsights_skip_tracking":false,"_monsterinsights_sitenote_active":false,"_monsterinsights_sitenote_note":"","_monsterinsights_sitenote_category":0},"product_brand":[],"product_cat":[53,42],"product_tag":[49],"class_list":{"0":"post-5717","1":"product","2":"type-product","3":"status-publish","4":"has-post-thumbnail","6":"product_cat-arneses","7":"product_cat-epp","8":"product_tag-segma","11":"instock","12":"shipping-taxable","13":"product-type-simple"},"aioseo_notices":[],"_links":{"self":[{"href":"https:\/\/cleh.cl\/en\/wp-json\/wp\/v2\/product\/5717","targetHints":{"allow":["GET"]}}],"collection":[{"href":"https:\/\/cleh.cl\/en\/wp-json\/wp\/v2\/product"}],"about":[{"href":"https:\/\/cleh.cl\/en\/wp-json\/wp\/v2\/types\/product"}],"replies":[{"embeddable":true,"href":"https:\/\/cleh.cl\/en\/wp-json\/wp\/v2\/comments?post=5717"}],"version-history":[{"count":1,"href":"https:\/\/cleh.cl\/en\/wp-json\/wp\/v2\/product\/5717\/revisions"}],"predecessor-version":[{"id":5719,"href":"https:\/\/cleh.cl\/en\/wp-json\/wp\/v2\/product\/5717\/revisions\/5719"}],"wp:featuredmedia":[{"embeddable":true,"href":"https:\/\/cleh.cl\/en\/wp-json\/wp\/v2\/media\/5718"}],"wp:attachment":[{"href":"https:\/\/cleh.cl\/en\/wp-json\/wp\/v2\/media?parent=5717"}],"wp:term":[{"taxonomy":"product_brand","embeddable":true,"href":"https:\/\/cleh.cl\/en\/wp-json\/wp\/v2\/product_brand?post=5717"},{"taxonomy":"product_cat","embeddable":true,"href":"https:\/\/cleh.cl\/en\/wp-json\/wp\/v2\/product_cat?post=5717"},{"taxonomy":"product_tag","embeddable":true,"href":"https:\/\/cleh.cl\/en\/wp-json\/wp\/v2\/product_tag?post=5717"}],"curies":[{"name":"wp","href":"https:\/\/api.w.org\/{rel}","templated":true}]}}