{"id":5879,"date":"2020-11-09T09:38:07","date_gmt":"2020-11-09T09:38:07","guid":{"rendered":"https:\/\/cleh.cl\/?post_type=product&#038;p=5879"},"modified":"2025-11-19T19:22:48","modified_gmt":"2025-11-19T19:22:48","slug":"amortiguador-floyd-social-line","status":"publish","type":"product","link":"https:\/\/cleh.cl\/en\/product\/amortiguador-floyd-social-line\/","title":{"rendered":"CABO DE VIDA FLOYD SOCIAL LINE"},"content":{"rendered":"<h1 class=\"product_title entry-title\" style=\"text-align: center;\">AMORTIGUADOR FLOYD SOCIAL LINE<\/h1>\n<div class=\"product_meta\"><\/div>\n<p>Amortiguador de ca\u00edda con dos cabos de vida de cinta de 28 mm para conexi\u00f3n a dos puntos de anclaje. Especialmente dise\u00f1ado para trabajos en altura de escalada o movimiento constante del trabajador.<\/p>\n<p>El amortiguador es un sistema antica\u00eddas que act\u00faa en el caso que el trabajador caiga al vac\u00edo absorbiendo el impacto de frenado.<\/p>\n<p>Fabricado con cuerda trenzada de 16 mm.<\/p>\n<p>Su uso reduce de forma substancial los da\u00f1os f\u00edsicos del trabajador en caso de ca\u00edda, gracias a que disipa la energ\u00eda cin\u00e9tica generada que en caso contrario recibir\u00eda el cuerpo de la persona.<\/p>\n<p>El amortiguador elimina completamente el rebote del trabajador luego del frenado de la ca\u00edda y los riesgos de da\u00f1o f\u00edsico que este fen\u00f3meno implica.<\/p>\n<p>Cada extremo de la cinta est\u00e1 rematado con una costura autom\u00e1tica de cu\u00e1druple barra de seguridad.<\/p>\n<p>Posee dos mosquetones estructureros con abertura de 56 mm. y 135 mm de largo, con doble gatillo de seguridad, de boca ancha, especiales para la conexi\u00f3n a estructuras.<br \/>\nCertificado por CCQS UK Ltd. en conformidad con EN 355:2002 y EN 354:2010.<\/p>\n<p>&nbsp;<\/p>","protected":false},"excerpt":{"rendered":"<p>AMORTIGUADOR FLOYD SOCIAL LINE Amortiguador de ca\u00edda con dos cabos de vida de cinta de 28 mm para conexi\u00f3n a dos puntos de anclaje. Especialmente dise\u00f1ado para trabajos en altura de escalada o movimiento constante del trabajador. El amortiguador es un sistema antica\u00eddas que act\u00faa en el caso que el trabajador caiga al vac\u00edo absorbiendo &hellip; <a href=\"https:\/\/cleh.cl\/en\/product\/amortiguador-floyd-social-line\/\" class=\"more-link\">Continue reading <span class=\"screen-reader-text\">CABO DE VIDA FLOYD SOCIAL LINE<\/span><\/a><\/p>","protected":false},"featured_media":5880,"comment_status":"closed","ping_status":"closed","template":"","meta":{"om_disable_all_campaigns":false,"_monsterinsights_skip_tracking":false,"_monsterinsights_sitenote_active":false,"_monsterinsights_sitenote_note":"","_monsterinsights_sitenote_category":0},"product_brand":[],"product_cat":[56,42],"product_tag":[],"class_list":{"0":"post-5879","1":"product","2":"type-product","3":"status-publish","4":"has-post-thumbnail","6":"product_cat-amortiguadores","7":"product_cat-epp","10":"instock","11":"shipping-taxable","12":"product-type-simple"},"aioseo_notices":[],"_links":{"self":[{"href":"https:\/\/cleh.cl\/en\/wp-json\/wp\/v2\/product\/5879","targetHints":{"allow":["GET"]}}],"collection":[{"href":"https:\/\/cleh.cl\/en\/wp-json\/wp\/v2\/product"}],"about":[{"href":"https:\/\/cleh.cl\/en\/wp-json\/wp\/v2\/types\/product"}],"replies":[{"embeddable":true,"href":"https:\/\/cleh.cl\/en\/wp-json\/wp\/v2\/comments?post=5879"}],"version-history":[{"count":1,"href":"https:\/\/cleh.cl\/en\/wp-json\/wp\/v2\/product\/5879\/revisions"}],"predecessor-version":[{"id":5881,"href":"https:\/\/cleh.cl\/en\/wp-json\/wp\/v2\/product\/5879\/revisions\/5881"}],"wp:featuredmedia":[{"embeddable":true,"href":"https:\/\/cleh.cl\/en\/wp-json\/wp\/v2\/media\/5880"}],"wp:attachment":[{"href":"https:\/\/cleh.cl\/en\/wp-json\/wp\/v2\/media?parent=5879"}],"wp:term":[{"taxonomy":"product_brand","embeddable":true,"href":"https:\/\/cleh.cl\/en\/wp-json\/wp\/v2\/product_brand?post=5879"},{"taxonomy":"product_cat","embeddable":true,"href":"https:\/\/cleh.cl\/en\/wp-json\/wp\/v2\/product_cat?post=5879"},{"taxonomy":"product_tag","embeddable":true,"href":"https:\/\/cleh.cl\/en\/wp-json\/wp\/v2\/product_tag?post=5879"}],"curies":[{"name":"wp","href":"https:\/\/api.w.org\/{rel}","templated":true}]}}