{"id":5891,"date":"2020-11-09T09:51:58","date_gmt":"2020-11-09T09:51:58","guid":{"rendered":"https:\/\/cleh.cl\/?post_type=product&#038;p=5891"},"modified":"2026-02-17T15:54:01","modified_gmt":"2026-02-17T15:54:01","slug":"mosqueton-carabinero","status":"publish","type":"product","link":"https:\/\/cleh.cl\/en\/product\/mosqueton-carabinero\/","title":{"rendered":"MOSQUET\u00d3N CARABINERO"},"content":{"rendered":"<h1 class=\"product_title entry-title\" style=\"text-align: center;\">MOSQUET\u00d3N CARABINERO<\/h1>\n<p>El mosquet\u00f3n carabinero es uno de los elementos b\u00e1sicos de la seguridad en altura. Est\u00e1 fabricado en acero, dise\u00f1ado para m\u00faltiples funciones de aseguramiento en las\u00a0 distintas maniobras de la progresi\u00f3n de altura. Dotado de portal con doble sistema de apertura.<\/p>\n<p>Cuenta con gatillo con resorte de seguridad y con rosca de seguridad que impide la apertura accidental del conector.<\/p>\n<p>El conector carabinero de doble seguro es de f\u00e1cil utilizaci\u00f3n y gran confiabilidad.<\/p>\n<p>&nbsp;<\/p>\n<p>&nbsp;<\/p>","protected":false},"excerpt":{"rendered":"<p>MOSQUET\u00d3N CARABINERO El mosquet\u00f3n carabinero es uno de los elementos b\u00e1sicos de la seguridad en altura. Est\u00e1 fabricado en acero, dise\u00f1ado para m\u00faltiples funciones de aseguramiento en las\u00a0 distintas maniobras de la progresi\u00f3n de altura. Dotado de portal con doble sistema de apertura. Cuenta con gatillo con resorte de seguridad y con rosca de seguridad &hellip; <a href=\"https:\/\/cleh.cl\/en\/product\/mosqueton-carabinero\/\" class=\"more-link\">Continue reading <span class=\"screen-reader-text\">MOSQUET\u00d3N CARABINERO<\/span><\/a><\/p>","protected":false},"featured_media":11658,"comment_status":"closed","ping_status":"closed","template":"","meta":{"om_disable_all_campaigns":false,"_monsterinsights_skip_tracking":false,"_monsterinsights_sitenote_active":false,"_monsterinsights_sitenote_note":"","_monsterinsights_sitenote_category":0},"product_brand":[],"product_cat":[42,58],"product_tag":[],"class_list":{"0":"post-5891","1":"product","2":"type-product","3":"status-publish","4":"has-post-thumbnail","6":"product_cat-epp","7":"product_cat-mosquetones","10":"instock","11":"shipping-taxable","12":"product-type-simple"},"aioseo_notices":[],"_links":{"self":[{"href":"https:\/\/cleh.cl\/en\/wp-json\/wp\/v2\/product\/5891","targetHints":{"allow":["GET"]}}],"collection":[{"href":"https:\/\/cleh.cl\/en\/wp-json\/wp\/v2\/product"}],"about":[{"href":"https:\/\/cleh.cl\/en\/wp-json\/wp\/v2\/types\/product"}],"replies":[{"embeddable":true,"href":"https:\/\/cleh.cl\/en\/wp-json\/wp\/v2\/comments?post=5891"}],"version-history":[{"count":1,"href":"https:\/\/cleh.cl\/en\/wp-json\/wp\/v2\/product\/5891\/revisions"}],"predecessor-version":[{"id":5893,"href":"https:\/\/cleh.cl\/en\/wp-json\/wp\/v2\/product\/5891\/revisions\/5893"}],"wp:featuredmedia":[{"embeddable":true,"href":"https:\/\/cleh.cl\/en\/wp-json\/wp\/v2\/media\/11658"}],"wp:attachment":[{"href":"https:\/\/cleh.cl\/en\/wp-json\/wp\/v2\/media?parent=5891"}],"wp:term":[{"taxonomy":"product_brand","embeddable":true,"href":"https:\/\/cleh.cl\/en\/wp-json\/wp\/v2\/product_brand?post=5891"},{"taxonomy":"product_cat","embeddable":true,"href":"https:\/\/cleh.cl\/en\/wp-json\/wp\/v2\/product_cat?post=5891"},{"taxonomy":"product_tag","embeddable":true,"href":"https:\/\/cleh.cl\/en\/wp-json\/wp\/v2\/product_tag?post=5891"}],"curies":[{"name":"wp","href":"https:\/\/api.w.org\/{rel}","templated":true}]}}