{"id":6042,"date":"2021-01-07T15:37:24","date_gmt":"2021-01-07T15:37:24","guid":{"rendered":"https:\/\/cleh.cl\/?post_type=product&#038;p=6042"},"modified":"2025-11-19T19:23:04","modified_gmt":"2025-11-19T19:23:04","slug":"casco-steelpro-yako","status":"publish","type":"product","link":"https:\/\/cleh.cl\/en\/product\/casco-steelpro-yako\/","title":{"rendered":"CASCO STEELPRO YAKO"},"content":{"rendered":"<h2 style=\"text-align: center;\">CASCO STEELPRO YAKO<\/h2>\n<p>Casco dise\u00f1ado para actividades deportivas, trabajo en alturas y espacios confinados adem\u00e1s proporciona alta comodidad y una protecci\u00f3n insuperable. El casco posee cuatro ganchos de posicionamiento para el montaje de una l\u00e1mpara con cinta el\u00e1stica.<br \/>\nAjuste tipo roller. Arn\u00e9s de cuatro puntas. Barbiquejo de 3 puntas con enganche al casco y mentonera siliconada.<\/p>\n<p>&nbsp;<\/p>","protected":false},"excerpt":{"rendered":"<p>Casco dise\u00f1ado para actividades deportivas, trabajo en alturas y espacios confinados adem\u00e1s proporciona alta comodidad y una protecci\u00f3n insuperable<\/p>","protected":false},"featured_media":6043,"comment_status":"closed","ping_status":"closed","template":"","meta":{"om_disable_all_campaigns":false,"_monsterinsights_skip_tracking":false,"_monsterinsights_sitenote_active":false,"_monsterinsights_sitenote_note":"","_monsterinsights_sitenote_category":0},"product_brand":[],"product_cat":[48,42],"product_tag":[],"class_list":{"0":"post-6042","1":"product","2":"type-product","3":"status-publish","4":"has-post-thumbnail","6":"product_cat-cascos","7":"product_cat-epp","10":"instock","11":"shipping-taxable","12":"product-type-simple"},"aioseo_notices":[],"_links":{"self":[{"href":"https:\/\/cleh.cl\/en\/wp-json\/wp\/v2\/product\/6042","targetHints":{"allow":["GET"]}}],"collection":[{"href":"https:\/\/cleh.cl\/en\/wp-json\/wp\/v2\/product"}],"about":[{"href":"https:\/\/cleh.cl\/en\/wp-json\/wp\/v2\/types\/product"}],"replies":[{"embeddable":true,"href":"https:\/\/cleh.cl\/en\/wp-json\/wp\/v2\/comments?post=6042"}],"version-history":[{"count":1,"href":"https:\/\/cleh.cl\/en\/wp-json\/wp\/v2\/product\/6042\/revisions"}],"predecessor-version":[{"id":6044,"href":"https:\/\/cleh.cl\/en\/wp-json\/wp\/v2\/product\/6042\/revisions\/6044"}],"wp:featuredmedia":[{"embeddable":true,"href":"https:\/\/cleh.cl\/en\/wp-json\/wp\/v2\/media\/6043"}],"wp:attachment":[{"href":"https:\/\/cleh.cl\/en\/wp-json\/wp\/v2\/media?parent=6042"}],"wp:term":[{"taxonomy":"product_brand","embeddable":true,"href":"https:\/\/cleh.cl\/en\/wp-json\/wp\/v2\/product_brand?post=6042"},{"taxonomy":"product_cat","embeddable":true,"href":"https:\/\/cleh.cl\/en\/wp-json\/wp\/v2\/product_cat?post=6042"},{"taxonomy":"product_tag","embeddable":true,"href":"https:\/\/cleh.cl\/en\/wp-json\/wp\/v2\/product_tag?post=6042"}],"curies":[{"name":"wp","href":"https:\/\/api.w.org\/{rel}","templated":true}]}}