{"id":6048,"date":"2021-01-07T16:36:05","date_gmt":"2021-01-07T16:36:05","guid":{"rendered":"https:\/\/cleh.cl\/?post_type=product&#038;p=6048"},"modified":"2025-11-19T19:23:05","modified_gmt":"2025-11-19T19:23:05","slug":"escalera-telescopica-serie-538-cuprum","status":"publish","type":"product","link":"https:\/\/cleh.cl\/en\/product\/escalera-telescopica-serie-538-cuprum\/","title":{"rendered":"ESCALA TELESCOPICA SERIE 538 CUPRUM"},"content":{"rendered":"<h2 style=\"text-align: center;\">ESCALA TELESCOPICA SERIE 538 CUPRUM<\/h2>\n<p>&nbsp;<\/p>\n<p>Tacones de suela anti -deslizamiento.<br \/>\nSistema de polea y cuerda.<br \/>\nNuevo traba pelda\u00f1os MaxLock<br \/>\nSeguro Quick Latch<\/p>\n<p>&nbsp;<\/p>\n<p>Tecnolog\u00eda Maxlock<\/p>\n<p>Cumple CSA y OSHA, excede ANSI. Desempe\u00f1o vs pruebas ANSI: Columnas y herrajes 172% m\u00e1s fuertes 200% m\u00e1s ciclos en prueba de trampa simple 58% mayor capacidad en prueba de puntas de trampa 77% mayor capacidad en prueba de trampa simple<\/p>\n<p><img decoding=\"async\" class=\"size-full wp-image-6048 aligncenter\" src=\"http:\/\/www.cleh.cl\/wp-content\/uploads\/2021\/01\/maxlock.jpg\" alt=\"\" width=\"172\" height=\"250\" \/><\/p>\n<p>Probada en los climas m\u00e1s extremos. A 50\u00b0C, soportando en promedio 416 kg A -40\u00b0C, soportando en promedio 470 kg Despu\u00e9s de 1,000 horas no present\u00f3 cambio bajo rayos UV Despu\u00e9s de 1,000 horas no present\u00f3 cambio sobre arena<\/p>\n<p>&nbsp;<\/p>","protected":false},"excerpt":{"rendered":"<p><a href=\"https:\/\/cleh.cl\/en\/Fichas\/escalerascuprum.pdf\/\"><img decoding=\"async\" class=\"wp-image-6046 aligncenter\" src=\"http:\/\/www.cleh.cl\/wp-content\/uploads\/2021\/01\/ficha-tecnica.png\" alt=\"\" width=\"184\" height=\"134\" \/><\/a><\/p>\n<p>Tacones de suela anti -deslizamiento.<br \/>\nSistema de polea y cuerda.<br \/>\nNuevo traba pelda\u00f1os MaxLock<br \/>\nSeguro Quick Latch<\/p>","protected":false},"featured_media":6049,"comment_status":"closed","ping_status":"closed","template":"","meta":{"om_disable_all_campaigns":false,"_monsterinsights_skip_tracking":false,"_monsterinsights_sitenote_active":false,"_monsterinsights_sitenote_note":"","_monsterinsights_sitenote_category":0},"product_brand":[],"product_cat":[42,60],"product_tag":[],"class_list":{"0":"post-6048","1":"product","2":"type-product","3":"status-publish","4":"has-post-thumbnail","6":"product_cat-epp","7":"product_cat-escalas","10":"instock","11":"shipping-taxable","12":"product-type-simple"},"aioseo_notices":[],"_links":{"self":[{"href":"https:\/\/cleh.cl\/en\/wp-json\/wp\/v2\/product\/6048","targetHints":{"allow":["GET"]}}],"collection":[{"href":"https:\/\/cleh.cl\/en\/wp-json\/wp\/v2\/product"}],"about":[{"href":"https:\/\/cleh.cl\/en\/wp-json\/wp\/v2\/types\/product"}],"replies":[{"embeddable":true,"href":"https:\/\/cleh.cl\/en\/wp-json\/wp\/v2\/comments?post=6048"}],"version-history":[{"count":1,"href":"https:\/\/cleh.cl\/en\/wp-json\/wp\/v2\/product\/6048\/revisions"}],"predecessor-version":[{"id":6050,"href":"https:\/\/cleh.cl\/en\/wp-json\/wp\/v2\/product\/6048\/revisions\/6050"}],"wp:featuredmedia":[{"embeddable":true,"href":"https:\/\/cleh.cl\/en\/wp-json\/wp\/v2\/media\/6049"}],"wp:attachment":[{"href":"https:\/\/cleh.cl\/en\/wp-json\/wp\/v2\/media?parent=6048"}],"wp:term":[{"taxonomy":"product_brand","embeddable":true,"href":"https:\/\/cleh.cl\/en\/wp-json\/wp\/v2\/product_brand?post=6048"},{"taxonomy":"product_cat","embeddable":true,"href":"https:\/\/cleh.cl\/en\/wp-json\/wp\/v2\/product_cat?post=6048"},{"taxonomy":"product_tag","embeddable":true,"href":"https:\/\/cleh.cl\/en\/wp-json\/wp\/v2\/product_tag?post=6048"}],"curies":[{"name":"wp","href":"https:\/\/api.w.org\/{rel}","templated":true}]}}