{"id":6063,"date":"2021-01-27T10:27:27","date_gmt":"2021-01-27T10:27:27","guid":{"rendered":"https:\/\/cleh.cl\/?post_type=product&#038;p=6063"},"modified":"2025-11-19T19:23:05","modified_gmt":"2025-11-19T19:23:05","slug":"laucha-pasa-cable-6mm","status":"publish","type":"product","link":"https:\/\/cleh.cl\/en\/product\/laucha-pasa-cable-6mm\/","title":{"rendered":"LAUCHA PASA-CABLE 6MM 100MTS"},"content":{"rendered":"<h3 style=\"text-align: center;\">LAUCHA PASA-CABLE 6MM<\/h3>\n<p>Las cintas pasa-cables (lauchas) est\u00e1n especialmente dise\u00f1adas para el tendido de cables en obras exteriores de red, alumbrado p\u00fablico, semaforizaci\u00f3n y comunicaciones. Se proveen en un contenedor enrollable para facilitar su uso y alargar la vida \u00fatil de las mismas. Todas las cintas poseen punteras intercambiables, roscables, para la utilizaci\u00f3n de los accesorios de acuerdo a las necesidades del trabajo. Se fabrican en fibra de vidrio<\/p>\n<p>&nbsp;<\/p>\n<p>Presentaci\u00f3n en : 50mts y 100mts<\/p>\n<p>Fabricaci\u00f3n: Fibra de Vidrio<\/p>","protected":false},"excerpt":{"rendered":"<p>LAUCHA PASA-CABLE 6MM Las cintas pasa-cables (lauchas) est\u00e1n especialmente dise\u00f1adas para el tendido de cables en obras exteriores de red, alumbrado p\u00fablico, semaforizaci\u00f3n y comunicaciones. Se proveen en un contenedor enrollable para facilitar su uso y alargar la vida \u00fatil de las mismas. Todas las cintas poseen punteras intercambiables, roscables, para la utilizaci\u00f3n de los &hellip; <a href=\"https:\/\/cleh.cl\/en\/product\/laucha-pasa-cable-6mm\/\" class=\"more-link\">Continue reading <span class=\"screen-reader-text\">LAUCHA PASA-CABLE 6MM 100MTS<\/span><\/a><\/p>","protected":false},"featured_media":6064,"comment_status":"closed","ping_status":"closed","template":"","meta":{"om_disable_all_campaigns":false,"_monsterinsights_skip_tracking":false,"_monsterinsights_sitenote_active":false,"_monsterinsights_sitenote_note":"","_monsterinsights_sitenote_category":0},"product_brand":[],"product_cat":[35,61],"product_tag":[],"class_list":{"0":"post-6063","1":"product","2":"type-product","3":"status-publish","4":"has-post-thumbnail","6":"product_cat-herramientas","7":"product_cat-lauchas-pasa-cables","10":"instock","11":"shipping-taxable","12":"product-type-simple"},"aioseo_notices":[],"_links":{"self":[{"href":"https:\/\/cleh.cl\/en\/wp-json\/wp\/v2\/product\/6063","targetHints":{"allow":["GET"]}}],"collection":[{"href":"https:\/\/cleh.cl\/en\/wp-json\/wp\/v2\/product"}],"about":[{"href":"https:\/\/cleh.cl\/en\/wp-json\/wp\/v2\/types\/product"}],"replies":[{"embeddable":true,"href":"https:\/\/cleh.cl\/en\/wp-json\/wp\/v2\/comments?post=6063"}],"version-history":[{"count":1,"href":"https:\/\/cleh.cl\/en\/wp-json\/wp\/v2\/product\/6063\/revisions"}],"predecessor-version":[{"id":6065,"href":"https:\/\/cleh.cl\/en\/wp-json\/wp\/v2\/product\/6063\/revisions\/6065"}],"wp:featuredmedia":[{"embeddable":true,"href":"https:\/\/cleh.cl\/en\/wp-json\/wp\/v2\/media\/6064"}],"wp:attachment":[{"href":"https:\/\/cleh.cl\/en\/wp-json\/wp\/v2\/media?parent=6063"}],"wp:term":[{"taxonomy":"product_brand","embeddable":true,"href":"https:\/\/cleh.cl\/en\/wp-json\/wp\/v2\/product_brand?post=6063"},{"taxonomy":"product_cat","embeddable":true,"href":"https:\/\/cleh.cl\/en\/wp-json\/wp\/v2\/product_cat?post=6063"},{"taxonomy":"product_tag","embeddable":true,"href":"https:\/\/cleh.cl\/en\/wp-json\/wp\/v2\/product_tag?post=6063"}],"curies":[{"name":"wp","href":"https:\/\/api.w.org\/{rel}","templated":true}]}}