{"id":6325,"date":"2021-03-23T09:29:52","date_gmt":"2021-03-23T09:29:52","guid":{"rendered":"https:\/\/cleh.cl\/?post_type=product&#038;p=6325"},"modified":"2025-11-19T19:23:18","modified_gmt":"2025-11-19T19:23:18","slug":"jumper-f-o-sc-upc-fc-upc-30m-multimodo","status":"publish","type":"product","link":"https:\/\/cleh.cl\/en\/product\/jumper-f-o-sc-upc-fc-upc-30m-multimodo\/","title":{"rendered":"JUMPER F.O SC\/UPC-FC\/UPC 30M MULTIMODO"},"content":{"rendered":"<p>El cable de fibra \u00f3ptica insensible a la curvatura multimodo de 62.5\/125\u03bcm tiene menos atenuaci\u00f3n cuando est\u00e1 doblado o retorcido en comparaci\u00f3n con los cables de fibra \u00f3ptica tradicionales y esto har\u00e1 que la instalaci\u00f3n y el mantenimiento de los cables de fibra \u00f3ptica sean m\u00e1s eficientes. Tambi\u00e9n puede ahorrar m\u00e1s espacio para tu cableado de alta densidad en centros de datos, redes empresariales, sala de telecomunicaciones, granjas de servidores, redes de almacenamiento en la nube y cualquier lugar donde se necesiten cables de conexi\u00f3n de fibra.<\/p>\n<p>&nbsp;<\/p>\n<table class=\"table table-striped table-sm\">\n<tbody>\n<tr class=\"attr-characteristic\">\n<td class=\"attr-label word-break\">Loose tube:<\/td>\n<td class=\"attr-value\">3mm<\/td>\n<\/tr>\n<tr class=\"attr-characteristic product-category\">\n<td class=\"attr-label word-break\">Categor\u00eda:<\/td>\n<td class=\"attr-value\">CABLE JUMPER F.O<\/td>\n<\/tr>\n<tr class=\"attr-custom\">\n<td class=\"attr-label word-break\">Fibra:<\/td>\n<td class=\"attr-value\">\u00a062.5\/125\u03bcm OM1<\/td>\n<\/tr>\n<tr class=\"attr-custom\">\n<td class=\"attr-label word-break\">Medio:<\/td>\n<td class=\"attr-value\">Multimodo<\/td>\n<\/tr>\n<tr class=\"attr-custom\">\n<td class=\"attr-label word-break\">Longitud del cable:<\/td>\n<td class=\"attr-value\">30 metros<\/td>\n<\/tr>\n<tr class=\"attr-custom\">\n<td class=\"attr-label word-break\">Conector-A:<\/td>\n<td class=\"attr-value\">SC<\/td>\n<\/tr>\n<tr class=\"attr-custom\">\n<td class=\"attr-label word-break\">Polaco-A:<\/td>\n<td class=\"attr-value\">UPC<\/td>\n<\/tr>\n<tr class=\"attr-custom\">\n<td class=\"attr-label word-break\">Conector-B:<\/td>\n<td class=\"attr-value\">FC<\/td>\n<\/tr>\n<tr class=\"attr-custom\">\n<td class=\"attr-label word-break\">Polaco-B:<\/td>\n<td class=\"attr-value\">UPC<\/td>\n<\/tr>\n<tr class=\"attr-custom\">\n<td class=\"attr-label word-break\">Fibra-Optica-Cable-Construccion:<\/td>\n<td class=\"attr-value\">Simplex<\/td>\n<\/tr>\n<\/tbody>\n<\/table>","protected":false},"excerpt":{"rendered":"<p>El cable de fibra \u00f3ptica insensible a la curvatura multimodo de 62.5\/125\u03bcm tiene menos atenuaci\u00f3n cuando est\u00e1 doblado o retorcido en comparaci\u00f3n con los cables de fibra \u00f3ptica tradicionales y esto har\u00e1 que la instalaci\u00f3n y el mantenimiento de los cables de fibra \u00f3ptica sean m\u00e1s eficientes. Tambi\u00e9n puede ahorrar m\u00e1s espacio para tu cableado &hellip; <a href=\"https:\/\/cleh.cl\/en\/product\/jumper-f-o-sc-upc-fc-upc-30m-multimodo\/\" class=\"more-link\">Continue reading <span class=\"screen-reader-text\">JUMPER F.O SC\/UPC-FC\/UPC 30M MULTIMODO<\/span><\/a><\/p>","protected":false},"featured_media":6326,"comment_status":"closed","ping_status":"closed","template":"","meta":{"om_disable_all_campaigns":false,"_monsterinsights_skip_tracking":false,"_monsterinsights_sitenote_active":false,"_monsterinsights_sitenote_note":"","_monsterinsights_sitenote_category":0},"product_brand":[],"product_cat":[19,32],"product_tag":[],"class_list":{"0":"post-6325","1":"product","2":"type-product","3":"status-publish","4":"has-post-thumbnail","6":"product_cat-fibra-optica","7":"product_cat-jumpers","10":"instock","11":"shipping-taxable","12":"product-type-simple"},"aioseo_notices":[],"_links":{"self":[{"href":"https:\/\/cleh.cl\/en\/wp-json\/wp\/v2\/product\/6325","targetHints":{"allow":["GET"]}}],"collection":[{"href":"https:\/\/cleh.cl\/en\/wp-json\/wp\/v2\/product"}],"about":[{"href":"https:\/\/cleh.cl\/en\/wp-json\/wp\/v2\/types\/product"}],"replies":[{"embeddable":true,"href":"https:\/\/cleh.cl\/en\/wp-json\/wp\/v2\/comments?post=6325"}],"version-history":[{"count":1,"href":"https:\/\/cleh.cl\/en\/wp-json\/wp\/v2\/product\/6325\/revisions"}],"predecessor-version":[{"id":6327,"href":"https:\/\/cleh.cl\/en\/wp-json\/wp\/v2\/product\/6325\/revisions\/6327"}],"wp:featuredmedia":[{"embeddable":true,"href":"https:\/\/cleh.cl\/en\/wp-json\/wp\/v2\/media\/6326"}],"wp:attachment":[{"href":"https:\/\/cleh.cl\/en\/wp-json\/wp\/v2\/media?parent=6325"}],"wp:term":[{"taxonomy":"product_brand","embeddable":true,"href":"https:\/\/cleh.cl\/en\/wp-json\/wp\/v2\/product_brand?post=6325"},{"taxonomy":"product_cat","embeddable":true,"href":"https:\/\/cleh.cl\/en\/wp-json\/wp\/v2\/product_cat?post=6325"},{"taxonomy":"product_tag","embeddable":true,"href":"https:\/\/cleh.cl\/en\/wp-json\/wp\/v2\/product_tag?post=6325"}],"curies":[{"name":"wp","href":"https:\/\/api.w.org\/{rel}","templated":true}]}}