{"id":6513,"date":"2021-08-30T17:00:41","date_gmt":"2021-08-30T17:00:41","guid":{"rendered":"https:\/\/cleh.cl\/?post_type=product&#038;p=6513"},"modified":"2025-11-19T19:23:20","modified_gmt":"2025-11-19T19:23:20","slug":"candado-odis-b30-30mm-serie-b","status":"publish","type":"product","link":"https:\/\/cleh.cl\/en\/product\/candado-odis-b30-30mm-serie-b\/","title":{"rendered":"Candado Odis B30 30mm \u2013 Serie B"},"content":{"rendered":"<h2 class=\"titulo\" style=\"text-align: center;\">Candado Odis B30 30mm \u2013 Serie B<\/h2>\n<p>&nbsp;<\/p>\n<p>Fabricado en bronce extruido, los candados Odis de la Serie B brindan resistencia en cierres de bajo riesgo. Cumple con los est\u00e1ndares operacionales de uso.<\/p>\n<p>&nbsp;<\/p>\n<p>Cuerpo de bronce s\u00f3lido.<br \/>\nGancho de acero<br \/>\nSistema de cierre con doble eslab\u00f3n.<br \/>\nIncluye 3 copias de llave est\u00e1ndar.<br \/>\nGarant\u00eda: 1 a\u00f1o ante defectos de fabricaci\u00f3n.<\/p>","protected":false},"excerpt":{"rendered":"<p>Candado Odis B30 30mm \u2013 Serie B &nbsp; Fabricado en bronce extruido, los candados Odis de la Serie B brindan resistencia en cierres de bajo riesgo. Cumple con los est\u00e1ndares operacionales de uso. &nbsp; Cuerpo de bronce s\u00f3lido. Gancho de acero Sistema de cierre con doble eslab\u00f3n. Incluye 3 copias de llave est\u00e1ndar. Garant\u00eda: 1 &hellip; <a href=\"https:\/\/cleh.cl\/en\/product\/candado-odis-b30-30mm-serie-b\/\" class=\"more-link\">Continue reading <span class=\"screen-reader-text\">Candado Odis B30 30mm \u2013 Serie B<\/span><\/a><\/p>","protected":false},"featured_media":6514,"comment_status":"closed","ping_status":"closed","template":"","meta":{"om_disable_all_campaigns":false,"_monsterinsights_skip_tracking":false,"_monsterinsights_sitenote_active":false,"_monsterinsights_sitenote_note":"","_monsterinsights_sitenote_category":0},"product_brand":[],"product_cat":[70,35],"product_tag":[],"class_list":{"0":"post-6513","1":"product","2":"type-product","3":"status-publish","4":"has-post-thumbnail","6":"product_cat-candados","7":"product_cat-herramientas","10":"instock","11":"shipping-taxable","12":"product-type-simple"},"aioseo_notices":[],"_links":{"self":[{"href":"https:\/\/cleh.cl\/en\/wp-json\/wp\/v2\/product\/6513","targetHints":{"allow":["GET"]}}],"collection":[{"href":"https:\/\/cleh.cl\/en\/wp-json\/wp\/v2\/product"}],"about":[{"href":"https:\/\/cleh.cl\/en\/wp-json\/wp\/v2\/types\/product"}],"replies":[{"embeddable":true,"href":"https:\/\/cleh.cl\/en\/wp-json\/wp\/v2\/comments?post=6513"}],"version-history":[{"count":1,"href":"https:\/\/cleh.cl\/en\/wp-json\/wp\/v2\/product\/6513\/revisions"}],"predecessor-version":[{"id":6515,"href":"https:\/\/cleh.cl\/en\/wp-json\/wp\/v2\/product\/6513\/revisions\/6515"}],"wp:featuredmedia":[{"embeddable":true,"href":"https:\/\/cleh.cl\/en\/wp-json\/wp\/v2\/media\/6514"}],"wp:attachment":[{"href":"https:\/\/cleh.cl\/en\/wp-json\/wp\/v2\/media?parent=6513"}],"wp:term":[{"taxonomy":"product_brand","embeddable":true,"href":"https:\/\/cleh.cl\/en\/wp-json\/wp\/v2\/product_brand?post=6513"},{"taxonomy":"product_cat","embeddable":true,"href":"https:\/\/cleh.cl\/en\/wp-json\/wp\/v2\/product_cat?post=6513"},{"taxonomy":"product_tag","embeddable":true,"href":"https:\/\/cleh.cl\/en\/wp-json\/wp\/v2\/product_tag?post=6513"}],"curies":[{"name":"wp","href":"https:\/\/api.w.org\/{rel}","templated":true}]}}