{"id":6593,"date":"2021-08-31T15:36:03","date_gmt":"2021-08-31T15:36:03","guid":{"rendered":"https:\/\/cleh.cl\/?post_type=product&#038;p=6593"},"modified":"2025-11-19T19:23:21","modified_gmt":"2025-11-19T19:23:21","slug":"cuchilla-para-cortadoras-fibra-optica-12-posiciones","status":"publish","type":"product","link":"https:\/\/cleh.cl\/en\/product\/cuchilla-para-cortadoras-fibra-optica-12-posiciones\/","title":{"rendered":"Cuchilla Para Cortadoras Fibra \u00d3ptica 12 Posiciones"},"content":{"rendered":"<h2 style=\"text-align: center;\">Cuchilla Para Cortadoras Fibra \u00d3ptica 12 Posiciones<\/h2>\n<p>&nbsp;<\/p>\n<p>Cuchilla de repuesto de 12 posiciones compatible con cortadoras de fibra \u00f3ptica<\/p>\n<h2>Particularidades<\/h2>\n<ul>\n<li>Alta durabilidad<\/li>\n<li>16 posiciones<\/li>\n<li>Vida \u00fatil \u2013 36 000 operaciones<\/li>\n<\/ul>\n<p>&nbsp;<\/p>","protected":false},"excerpt":{"rendered":"<p>Cuchilla Para Cortadoras Fibra \u00d3ptica 12 Posiciones &nbsp; Cuchilla de repuesto de 12 posiciones compatible con cortadoras de fibra \u00f3ptica Particularidades Alta durabilidad 16 posiciones Vida \u00fatil \u2013 36 000 operaciones &nbsp;<\/p>","protected":false},"featured_media":6594,"comment_status":"closed","ping_status":"closed","template":"","meta":{"om_disable_all_campaigns":false,"_monsterinsights_skip_tracking":false,"_monsterinsights_sitenote_active":false,"_monsterinsights_sitenote_note":"","_monsterinsights_sitenote_category":0},"product_brand":[],"product_cat":[19],"product_tag":[],"class_list":{"0":"post-6593","1":"product","2":"type-product","3":"status-publish","4":"has-post-thumbnail","6":"product_cat-fibra-optica","9":"instock","10":"shipping-taxable","11":"product-type-simple"},"aioseo_notices":[],"_links":{"self":[{"href":"https:\/\/cleh.cl\/en\/wp-json\/wp\/v2\/product\/6593","targetHints":{"allow":["GET"]}}],"collection":[{"href":"https:\/\/cleh.cl\/en\/wp-json\/wp\/v2\/product"}],"about":[{"href":"https:\/\/cleh.cl\/en\/wp-json\/wp\/v2\/types\/product"}],"replies":[{"embeddable":true,"href":"https:\/\/cleh.cl\/en\/wp-json\/wp\/v2\/comments?post=6593"}],"version-history":[{"count":1,"href":"https:\/\/cleh.cl\/en\/wp-json\/wp\/v2\/product\/6593\/revisions"}],"predecessor-version":[{"id":6595,"href":"https:\/\/cleh.cl\/en\/wp-json\/wp\/v2\/product\/6593\/revisions\/6595"}],"wp:featuredmedia":[{"embeddable":true,"href":"https:\/\/cleh.cl\/en\/wp-json\/wp\/v2\/media\/6594"}],"wp:attachment":[{"href":"https:\/\/cleh.cl\/en\/wp-json\/wp\/v2\/media?parent=6593"}],"wp:term":[{"taxonomy":"product_brand","embeddable":true,"href":"https:\/\/cleh.cl\/en\/wp-json\/wp\/v2\/product_brand?post=6593"},{"taxonomy":"product_cat","embeddable":true,"href":"https:\/\/cleh.cl\/en\/wp-json\/wp\/v2\/product_cat?post=6593"},{"taxonomy":"product_tag","embeddable":true,"href":"https:\/\/cleh.cl\/en\/wp-json\/wp\/v2\/product_tag?post=6593"}],"curies":[{"name":"wp","href":"https:\/\/api.w.org\/{rel}","templated":true}]}}