{"id":6596,"date":"2021-08-31T15:44:23","date_gmt":"2021-08-31T15:44:23","guid":{"rendered":"https:\/\/cleh.cl\/?post_type=product&#038;p=6596"},"modified":"2025-11-19T19:23:21","modified_gmt":"2025-11-19T19:23:21","slug":"emisor-localizador-de-fallos-para-fibra-optica-sm-mm-50mw-650nm","status":"publish","type":"product","link":"https:\/\/cleh.cl\/en\/product\/emisor-localizador-de-fallos-para-fibra-optica-sm-mm-50mw-650nm\/","title":{"rendered":"Emisor localizador de fallos para fibra \u00f3ptica SM MM 50mW 650nm"},"content":{"rendered":"<h2 style=\"text-align: center;\">Emisor localizador de fallos para fibra \u00f3ptica SM MM 50mW 650nm<\/h2>\n<p>Emisor de luz l\u00e1ser para fibra \u00f3ptica. Localizador de fallos en cables de conexi\u00f3n de fibra \u00f3ptica monomodo (SM) o fibra \u00f3ptica multimodo (MM) de cualquier instalaci\u00f3n. Modelo compacto y port\u00e1til ideal para comprobar malas conexiones, roturas, curvaturas excesivas, etc que afecten a los enlaces de fibra \u00f3ptica entre sus extremos.<\/p>\n<ul>\n<li>Emisor localizador de fallos para fibra \u00f3ptica monomodo (SM) o multimodo (MM).<\/li>\n<li>Distancia m\u00e1xima de detecci\u00f3n 50km (50mW).<\/li>\n<li>Longitud de onda: 650nm.<\/li>\n<li>Compatible con conectores de 2,5mm FC, SC y ST.<\/li>\n<li>Modo de trabajo con salida de destello (GLINT) o salida continua (CW).<\/li>\n<\/ul>","protected":false},"excerpt":{"rendered":"<p>Emisor localizador de fallos para fibra \u00f3ptica SM MM 50mW 650nm Emisor de luz l\u00e1ser para fibra \u00f3ptica. Localizador de fallos en cables de conexi\u00f3n de fibra \u00f3ptica monomodo (SM) o fibra \u00f3ptica multimodo (MM) de cualquier instalaci\u00f3n. Modelo compacto y port\u00e1til ideal para comprobar malas conexiones, roturas, curvaturas excesivas, etc que afecten a los &hellip; <a href=\"https:\/\/cleh.cl\/en\/product\/emisor-localizador-de-fallos-para-fibra-optica-sm-mm-50mw-650nm\/\" class=\"more-link\">Continue reading <span class=\"screen-reader-text\">Emisor localizador de fallos para fibra \u00f3ptica SM MM 50mW 650nm<\/span><\/a><\/p>","protected":false},"featured_media":6597,"comment_status":"closed","ping_status":"closed","template":"","meta":{"om_disable_all_campaigns":false,"_monsterinsights_skip_tracking":false,"_monsterinsights_sitenote_active":false,"_monsterinsights_sitenote_note":"","_monsterinsights_sitenote_category":0},"product_brand":[],"product_cat":[19],"product_tag":[],"class_list":{"0":"post-6596","1":"product","2":"type-product","3":"status-publish","4":"has-post-thumbnail","6":"product_cat-fibra-optica","9":"instock","10":"shipping-taxable","11":"product-type-simple"},"aioseo_notices":[],"_links":{"self":[{"href":"https:\/\/cleh.cl\/en\/wp-json\/wp\/v2\/product\/6596","targetHints":{"allow":["GET"]}}],"collection":[{"href":"https:\/\/cleh.cl\/en\/wp-json\/wp\/v2\/product"}],"about":[{"href":"https:\/\/cleh.cl\/en\/wp-json\/wp\/v2\/types\/product"}],"replies":[{"embeddable":true,"href":"https:\/\/cleh.cl\/en\/wp-json\/wp\/v2\/comments?post=6596"}],"version-history":[{"count":1,"href":"https:\/\/cleh.cl\/en\/wp-json\/wp\/v2\/product\/6596\/revisions"}],"predecessor-version":[{"id":6598,"href":"https:\/\/cleh.cl\/en\/wp-json\/wp\/v2\/product\/6596\/revisions\/6598"}],"wp:featuredmedia":[{"embeddable":true,"href":"https:\/\/cleh.cl\/en\/wp-json\/wp\/v2\/media\/6597"}],"wp:attachment":[{"href":"https:\/\/cleh.cl\/en\/wp-json\/wp\/v2\/media?parent=6596"}],"wp:term":[{"taxonomy":"product_brand","embeddable":true,"href":"https:\/\/cleh.cl\/en\/wp-json\/wp\/v2\/product_brand?post=6596"},{"taxonomy":"product_cat","embeddable":true,"href":"https:\/\/cleh.cl\/en\/wp-json\/wp\/v2\/product_cat?post=6596"},{"taxonomy":"product_tag","embeddable":true,"href":"https:\/\/cleh.cl\/en\/wp-json\/wp\/v2\/product_tag?post=6596"}],"curies":[{"name":"wp","href":"https:\/\/api.w.org\/{rel}","templated":true}]}}