{"id":6645,"date":"2021-09-21T09:35:52","date_gmt":"2021-09-21T09:35:52","guid":{"rendered":"https:\/\/cleh.cl\/?post_type=product&#038;p=6645"},"modified":"2025-11-19T19:23:23","modified_gmt":"2025-11-19T19:23:23","slug":"electrodos-furukawa","status":"publish","type":"product","link":"https:\/\/cleh.cl\/en\/product\/electrodos-furukawa\/","title":{"rendered":"ELECTRODOS FUSIONADORA FURUKAWA"},"content":{"rendered":"<h2 style=\"text-align: center;\">ELECTRODOS FURUKAWA<\/h2>\n<p>&nbsp;<\/p>\n<p>Descripci\u00f3n del Producto:<\/p>\n<p>&nbsp;<\/p>\n<p>Los electrodos de fusi\u00f3n empalman principalmente fibra \u00f3ptica en forma de descarga en ambos extremos del electrodo. Es un consumible indispensable en la empalmadora por fusi\u00f3n y debe reemplazarse con regularidad. La parte de metal est\u00e1 forjada con material de acero de tungsteno y la tapa de fijaci\u00f3n est\u00e1 hecha de material aislante especial resistente al calor y de alta temperatura, que es seguro de usar. Y se instala una funda protectora en el cuerpo de la aguja para evitar el desgaste de la superficie cuando no est\u00e1 en uso.<\/p>\n<p>Caracter\u00edsticas del producto:<\/p>\n<ul>\n<li>Material de acero de tungsteno, alta dureza y larga vida.<\/li>\n<li>Fusiones 3000 veces<\/li>\n<li>Para m\u00e1quina S178\/s178a\/s153A\/S123A\/S123C\/S123M8\/M12Fiber\u00a0 (1 par)<\/li>\n<li>Producci\u00f3n de precisi\u00f3n CNC, logra r\u00e1pidamente el efecto de empalme<\/li>\n<li>Tapa afilada sin rebabas, descarga estable, menor p\u00e9rdida<\/li>\n<li>La cola est\u00e1 hecha de material aislante resistente a altas temperaturas, que es m\u00e1s conveniente de usar.<\/li>\n<\/ul>","protected":false},"excerpt":{"rendered":"<ul>\n<li>Material de acero de tungsteno, alta dureza y larga vida.<\/li>\n<li>Fusiones 3000 veces<\/li>\n<li>Para m\u00e1quina S178\/s178a\/s153A\/S123A\/S123C\/S123M8\/M12Fiber\u00a0 (1 par)<\/li>\n<li>Producci\u00f3n de precisi\u00f3n CNC, logra r\u00e1pidamente el efecto de empalme<\/li>\n<li>Tapa afilada sin rebabas, descarga estable, menor p\u00e9rdida<\/li>\n<li>La cola est\u00e1 hecha de material aislante resistente a altas temperaturas, que es m\u00e1s conveniente de usar.<\/li>\n<\/ul>","protected":false},"featured_media":6646,"comment_status":"closed","ping_status":"closed","template":"","meta":{"om_disable_all_campaigns":false,"_monsterinsights_skip_tracking":false,"_monsterinsights_sitenote_active":false,"_monsterinsights_sitenote_note":"","_monsterinsights_sitenote_category":0},"product_brand":[],"product_cat":[19,20],"product_tag":[],"class_list":{"0":"post-6645","1":"product","2":"type-product","3":"status-publish","4":"has-post-thumbnail","6":"product_cat-fibra-optica","7":"product_cat-fusionadoras","10":"instock","11":"shipping-taxable","12":"product-type-simple"},"aioseo_notices":[],"_links":{"self":[{"href":"https:\/\/cleh.cl\/en\/wp-json\/wp\/v2\/product\/6645","targetHints":{"allow":["GET"]}}],"collection":[{"href":"https:\/\/cleh.cl\/en\/wp-json\/wp\/v2\/product"}],"about":[{"href":"https:\/\/cleh.cl\/en\/wp-json\/wp\/v2\/types\/product"}],"replies":[{"embeddable":true,"href":"https:\/\/cleh.cl\/en\/wp-json\/wp\/v2\/comments?post=6645"}],"version-history":[{"count":1,"href":"https:\/\/cleh.cl\/en\/wp-json\/wp\/v2\/product\/6645\/revisions"}],"predecessor-version":[{"id":6647,"href":"https:\/\/cleh.cl\/en\/wp-json\/wp\/v2\/product\/6645\/revisions\/6647"}],"wp:featuredmedia":[{"embeddable":true,"href":"https:\/\/cleh.cl\/en\/wp-json\/wp\/v2\/media\/6646"}],"wp:attachment":[{"href":"https:\/\/cleh.cl\/en\/wp-json\/wp\/v2\/media?parent=6645"}],"wp:term":[{"taxonomy":"product_brand","embeddable":true,"href":"https:\/\/cleh.cl\/en\/wp-json\/wp\/v2\/product_brand?post=6645"},{"taxonomy":"product_cat","embeddable":true,"href":"https:\/\/cleh.cl\/en\/wp-json\/wp\/v2\/product_cat?post=6645"},{"taxonomy":"product_tag","embeddable":true,"href":"https:\/\/cleh.cl\/en\/wp-json\/wp\/v2\/product_tag?post=6645"}],"curies":[{"name":"wp","href":"https:\/\/api.w.org\/{rel}","templated":true}]}}