{"id":6648,"date":"2021-09-21T09:42:17","date_gmt":"2021-09-21T09:42:17","guid":{"rendered":"https:\/\/cleh.cl\/?post_type=product&#038;p=6648"},"modified":"2025-11-19T19:23:24","modified_gmt":"2025-11-19T19:23:24","slug":"electrodos-para-swift-s1-s5-s7-k11","status":"publish","type":"product","link":"https:\/\/cleh.cl\/en\/product\/electrodos-para-swift-s1-s5-s7-k11\/","title":{"rendered":"ELECTRODOS PARA SWIFT S1, S5, S7, K11"},"content":{"rendered":"<h3 style=\"text-align: center;\">ELECTRODOS PARA SWIFT S1, S5, S7, K11<\/h3>\n<p>1 par de electrodos de repuesto de fibra \u00f3ptica Swift EI-21 para Swift S1 S3 S5 S7 K11 varilla de electrodo de fusi\u00f3n de fibra<\/p>\n<div><span data-spm-anchor-id=\"a2g0o.detail.1000023.i3.678b20f9k00m6v\">Nombre: ELECTRODO SWIFT<\/span><\/div>\n<div>Modelo:S1 S3 S5 S7 K11<\/div>\n<div>Origen: China<\/div>\n<div>Tiempos de descarga:&gt; 4000<\/div>\n<div>P\u00e9rdida: &lt;0.02dB<\/div>","protected":false},"excerpt":{"rendered":"<p>ELECTRODOS PARA SWIFT S1, S5, S7, K11 1 par de electrodos de repuesto de fibra \u00f3ptica Swift EI-21 para Swift S1 S3 S5 S7 K11 varilla de electrodo de fusi\u00f3n de fibra Nombre: ELECTRODO SWIFT Modelo:S1 S3 S5 S7 K11 Origen: China Tiempos de descarga:&gt; 4000 P\u00e9rdida: &lt;0.02dB<\/p>","protected":false},"featured_media":6649,"comment_status":"closed","ping_status":"closed","template":"","meta":{"om_disable_all_campaigns":false,"_monsterinsights_skip_tracking":false,"_monsterinsights_sitenote_active":false,"_monsterinsights_sitenote_note":"","_monsterinsights_sitenote_category":0},"product_brand":[],"product_cat":[19,20],"product_tag":[],"class_list":{"0":"post-6648","1":"product","2":"type-product","3":"status-publish","4":"has-post-thumbnail","6":"product_cat-fibra-optica","7":"product_cat-fusionadoras","10":"instock","11":"shipping-taxable","12":"product-type-simple"},"aioseo_notices":[],"_links":{"self":[{"href":"https:\/\/cleh.cl\/en\/wp-json\/wp\/v2\/product\/6648","targetHints":{"allow":["GET"]}}],"collection":[{"href":"https:\/\/cleh.cl\/en\/wp-json\/wp\/v2\/product"}],"about":[{"href":"https:\/\/cleh.cl\/en\/wp-json\/wp\/v2\/types\/product"}],"replies":[{"embeddable":true,"href":"https:\/\/cleh.cl\/en\/wp-json\/wp\/v2\/comments?post=6648"}],"version-history":[{"count":1,"href":"https:\/\/cleh.cl\/en\/wp-json\/wp\/v2\/product\/6648\/revisions"}],"predecessor-version":[{"id":6650,"href":"https:\/\/cleh.cl\/en\/wp-json\/wp\/v2\/product\/6648\/revisions\/6650"}],"wp:featuredmedia":[{"embeddable":true,"href":"https:\/\/cleh.cl\/en\/wp-json\/wp\/v2\/media\/6649"}],"wp:attachment":[{"href":"https:\/\/cleh.cl\/en\/wp-json\/wp\/v2\/media?parent=6648"}],"wp:term":[{"taxonomy":"product_brand","embeddable":true,"href":"https:\/\/cleh.cl\/en\/wp-json\/wp\/v2\/product_brand?post=6648"},{"taxonomy":"product_cat","embeddable":true,"href":"https:\/\/cleh.cl\/en\/wp-json\/wp\/v2\/product_cat?post=6648"},{"taxonomy":"product_tag","embeddable":true,"href":"https:\/\/cleh.cl\/en\/wp-json\/wp\/v2\/product_tag?post=6648"}],"curies":[{"name":"wp","href":"https:\/\/api.w.org\/{rel}","templated":true}]}}