{"id":6747,"date":"2021-12-14T08:35:53","date_gmt":"2021-12-14T08:35:53","guid":{"rendered":"https:\/\/cleh.cl\/?post_type=product&#038;p=6747"},"modified":"2025-11-19T19:23:27","modified_gmt":"2025-11-19T19:23:27","slug":"mini-plc-splitter-optico-1x8-sc-apc","status":"publish","type":"product","link":"https:\/\/cleh.cl\/en\/product\/mini-plc-splitter-optico-1x8-sc-apc\/","title":{"rendered":"MINI PLC SPLITTER OPTICO 1X8 SC APC"},"content":{"rendered":"<h3 style=\"text-align: center;\">MINI PLC SPLITTER OPTICO 1X8 SC APC<\/h3>\n<p>&nbsp;<\/p>\n<p>El divisor del PLC es un dispositivo \u00f3ptico de la distribuci\u00f3n de poder basado en la gu\u00eda de onda integrada de la placa del cuarzo. Con las caracter\u00edsticas tama\u00f1o peque\u00f1o, de amplia gama de la longitud de onda de funcionamiento, de la confiabilidad estable y de la buena uniformidad, es ampliamente utilizado en punto de PON, de ODN, de FTTX conectar entre el dispositivo de la terminaci\u00f3n y sede para alcanzar el divisor de la se\u00f1al.<\/p>\n<p>&nbsp;<\/p>\n<p>p\u00e9rdida de inserci\u00f3n baja<br \/>\nG657A1<br \/>\n1 Metro<br \/>\nConectores SC\/APC &#8211;\u00a0 SC\/APC<br \/>\nAmplia\u00a0 longitud de onda<br \/>\nAmplia\u00a0 temperatura de funcionamiento<\/p>","protected":false},"excerpt":{"rendered":"<p>p\u00e9rdida de inserci\u00f3n baja<br \/>\nG657A1<br \/>\n1 Metro<br \/>\nConectores SC\/APC &#8211;\u00a0 SC\/APC<br \/>\nAmplia\u00a0 longitud de onda<br \/>\nAmplia\u00a0 temperatura de funcionamiento<\/p>","protected":false},"featured_media":6748,"comment_status":"open","ping_status":"closed","template":"","meta":{"om_disable_all_campaigns":false,"_monsterinsights_skip_tracking":false,"_monsterinsights_sitenote_active":false,"_monsterinsights_sitenote_note":"","_monsterinsights_sitenote_category":0},"product_brand":[],"product_cat":[43,19],"product_tag":[],"class_list":{"0":"post-6747","1":"product","2":"type-product","3":"status-publish","4":"has-post-thumbnail","6":"product_cat-cables","7":"product_cat-fibra-optica","10":"instock","11":"shipping-taxable","12":"product-type-simple"},"aioseo_notices":[],"_links":{"self":[{"href":"https:\/\/cleh.cl\/en\/wp-json\/wp\/v2\/product\/6747","targetHints":{"allow":["GET"]}}],"collection":[{"href":"https:\/\/cleh.cl\/en\/wp-json\/wp\/v2\/product"}],"about":[{"href":"https:\/\/cleh.cl\/en\/wp-json\/wp\/v2\/types\/product"}],"replies":[{"embeddable":true,"href":"https:\/\/cleh.cl\/en\/wp-json\/wp\/v2\/comments?post=6747"}],"version-history":[{"count":1,"href":"https:\/\/cleh.cl\/en\/wp-json\/wp\/v2\/product\/6747\/revisions"}],"predecessor-version":[{"id":6749,"href":"https:\/\/cleh.cl\/en\/wp-json\/wp\/v2\/product\/6747\/revisions\/6749"}],"wp:featuredmedia":[{"embeddable":true,"href":"https:\/\/cleh.cl\/en\/wp-json\/wp\/v2\/media\/6748"}],"wp:attachment":[{"href":"https:\/\/cleh.cl\/en\/wp-json\/wp\/v2\/media?parent=6747"}],"wp:term":[{"taxonomy":"product_brand","embeddable":true,"href":"https:\/\/cleh.cl\/en\/wp-json\/wp\/v2\/product_brand?post=6747"},{"taxonomy":"product_cat","embeddable":true,"href":"https:\/\/cleh.cl\/en\/wp-json\/wp\/v2\/product_cat?post=6747"},{"taxonomy":"product_tag","embeddable":true,"href":"https:\/\/cleh.cl\/en\/wp-json\/wp\/v2\/product_tag?post=6747"}],"curies":[{"name":"wp","href":"https:\/\/api.w.org\/{rel}","templated":true}]}}