{"id":6819,"date":"2022-02-15T11:39:51","date_gmt":"2022-02-15T11:39:51","guid":{"rendered":"https:\/\/cleh.cl\/?post_type=product&#038;p=6819"},"modified":"2025-11-19T19:23:30","modified_gmt":"2025-11-19T19:23:30","slug":"cruceta-de-reserva-cable-adss-en-x","status":"publish","type":"product","link":"https:\/\/cleh.cl\/en\/product\/cruceta-de-reserva-cable-adss-en-x\/","title":{"rendered":"Cruceta de Reserva Cable ADSS en X 75x75cm"},"content":{"rendered":"<h2 style=\"text-align: center;\">Cruceta de Reserva Cable ADSS en X 75x75cm<\/h2>\n<p>Cruceta de Reserva para el almacenamiento de cable auto soportado ADSS sobrante. Ideal para la instalaci\u00f3n en poste otorre.Dise\u00f1o y sujeci\u00f3n al poste que permite reducir tensi\u00f3n del cable al momento de almacenamiento.<br \/>\nFabricados en acero galvanizado por inmersi\u00f3n en caliente,lo que ofrecen gran calidad y alta resistencia.Su instalaci\u00f3n es muy sencilla.<\/p>\n<p>&nbsp;<\/p>\n<p>Caracter\u00edsticas<\/p>\n<p>Fabricado en Acero A36<br \/>\nFacil de Manipular e Instalar<br \/>\nGalvanizado en Caliente<br \/>\nCruceta de Reserva Cable ADSS<br \/>\nmedida: 75cmx75cm<\/p>","protected":false},"excerpt":{"rendered":"<p>Cruceta de Reserva Cable ADSS en X 75x75cm Cruceta de Reserva para el almacenamiento de cable auto soportado ADSS sobrante. Ideal para la instalaci\u00f3n en poste otorre.Dise\u00f1o y sujeci\u00f3n al poste que permite reducir tensi\u00f3n del cable al momento de almacenamiento. Fabricados en acero galvanizado por inmersi\u00f3n en caliente,lo que ofrecen gran calidad y alta &hellip; <a href=\"https:\/\/cleh.cl\/en\/product\/cruceta-de-reserva-cable-adss-en-x\/\" class=\"more-link\">Continue reading <span class=\"screen-reader-text\">Cruceta de Reserva Cable ADSS en X 75x75cm<\/span><\/a><\/p>","protected":false},"featured_media":6820,"comment_status":"closed","ping_status":"closed","template":"","meta":{"om_disable_all_campaigns":false,"_monsterinsights_skip_tracking":false,"_monsterinsights_sitenote_active":false,"_monsterinsights_sitenote_note":"","_monsterinsights_sitenote_category":0},"product_brand":[],"product_cat":[27,26],"product_tag":[],"class_list":{"0":"post-6819","1":"product","2":"type-product","3":"status-publish","4":"has-post-thumbnail","6":"product_cat-crucetas","7":"product_cat-ferreteria","10":"instock","11":"shipping-taxable","12":"product-type-simple"},"aioseo_notices":[],"_links":{"self":[{"href":"https:\/\/cleh.cl\/en\/wp-json\/wp\/v2\/product\/6819","targetHints":{"allow":["GET"]}}],"collection":[{"href":"https:\/\/cleh.cl\/en\/wp-json\/wp\/v2\/product"}],"about":[{"href":"https:\/\/cleh.cl\/en\/wp-json\/wp\/v2\/types\/product"}],"replies":[{"embeddable":true,"href":"https:\/\/cleh.cl\/en\/wp-json\/wp\/v2\/comments?post=6819"}],"version-history":[{"count":1,"href":"https:\/\/cleh.cl\/en\/wp-json\/wp\/v2\/product\/6819\/revisions"}],"predecessor-version":[{"id":6821,"href":"https:\/\/cleh.cl\/en\/wp-json\/wp\/v2\/product\/6819\/revisions\/6821"}],"wp:featuredmedia":[{"embeddable":true,"href":"https:\/\/cleh.cl\/en\/wp-json\/wp\/v2\/media\/6820"}],"wp:attachment":[{"href":"https:\/\/cleh.cl\/en\/wp-json\/wp\/v2\/media?parent=6819"}],"wp:term":[{"taxonomy":"product_brand","embeddable":true,"href":"https:\/\/cleh.cl\/en\/wp-json\/wp\/v2\/product_brand?post=6819"},{"taxonomy":"product_cat","embeddable":true,"href":"https:\/\/cleh.cl\/en\/wp-json\/wp\/v2\/product_cat?post=6819"},{"taxonomy":"product_tag","embeddable":true,"href":"https:\/\/cleh.cl\/en\/wp-json\/wp\/v2\/product_tag?post=6819"}],"curies":[{"name":"wp","href":"https:\/\/api.w.org\/{rel}","templated":true}]}}