{"id":7303,"date":"2022-06-30T09:40:37","date_gmt":"2022-06-30T09:40:37","guid":{"rendered":"https:\/\/cleh.cl\/?post_type=product&#038;p=7303"},"modified":"2025-11-19T19:23:34","modified_gmt":"2025-11-19T19:23:34","slug":"fusionadora-por-nucleo-ai6c","status":"publish","type":"product","link":"https:\/\/cleh.cl\/en\/product\/fusionadora-por-nucleo-ai6c\/","title":{"rendered":"FUSIONADORA POR NUCLEO AI6C"},"content":{"rendered":"<h2 style=\"text-align: center;\">FUSIONADORA POR NUCLEO AI6C<\/h2>\n<p>Empalmadora de fibra \u00f3ptica dise\u00f1ada para trabajar con todos los tipos de fibras y redes. Tiempo de fusi\u00f3n: 8 s, tiempo de contracci\u00f3n t\u00e9rmica: 18 s. Alineamiento por el n\u00facleo.<\/p>\n<p>&nbsp;<\/p>\n<p><strong>Signalfire AI-6<\/strong> es una empalmadora de fibra \u00f3ptica con el sistema de centrado de fibras por el n\u00facleo, enfoque autom\u00e1tico y seis motores.<\/p>\n<p>El aparato est\u00e1 equipado con el procesador de 4 n\u00facleos y pantalla a color grande con brillo ajustable, que permite trabajar bajo la luz solar directa. AI-6 posee una interfaz amigable, enfoque autom\u00e1tico y permite aumentar la imagen en la pantalla de hasta <strong>300 veces<\/strong>.<\/p>\n<p>Tiempo de fusi\u00f3n: <strong>8 segundos<\/strong>; tiempo de contracci\u00f3n t\u00e9rmica de cartucho: <strong>18 segundos<\/strong>. El aparato est\u00e1 equipado con una bater\u00eda de l\u00edtio de alta capacidad que permite realizar hasta <strong>240 operaciones de fusi\u00f3n\/calentamiento<\/strong> y cargar tel\u00e9fono m\u00f3vil. Signalfire AI-6 se destaca por su dise\u00f1o compacto y liviano y carcasa resistente. Sistema de iluminaci\u00f3n integrado permite usarlo en las condiciones de oscuridad completa.<\/p>\n<p>Unidades claves del aparato est\u00e1n fabricadas de materiales de alta calidad: motor de pasos fabricado por la marca Siemens (Alemania), barras-gu\u00edas \u2013 Roth ROUST (Alemania), carcasa fabricada de aluminio de aviaci\u00f3n, bater\u00eda recargable de litio es de marca Sanyo (Jap\u00f3n).<\/p>\n<p>Combinaci\u00f3n de tecnolog\u00edas de punta y dise\u00f1o novedoso garantiza fiabilidad, eficiencia y comodidad en el trabajo.<\/p>\n<p>&nbsp;<\/p>\n<table>\n<tbody>\n<tr>\n<td class=\"col1\">Tipos de fibras compatibles<\/td>\n<td colspan=\"3\">SM (G.652&amp;G.657), MM (G.651), DS (G.657), NZDS (G.655)<\/td>\n<\/tr>\n<tr>\n<td class=\"col1\">P\u00e9rdidas de fusi\u00f3n (t\u00edpicas)<\/td>\n<td colspan=\"3\">SM: 0.025 dB, MM: 0.01 dB, DS\/NZDS: 0.04 dB<\/td>\n<\/tr>\n<tr>\n<td class=\"col1\">Modo de enfoque<\/td>\n<td colspan=\"3\">enfoque autom\u00e1tico<\/td>\n<\/tr>\n<tr>\n<td class=\"col1\">Centrado de fibras<\/td>\n<td colspan=\"3\">centrado por el n\u00facleo; centrado manual<\/td>\n<\/tr>\n<tr>\n<td class=\"col1\">Tecnolog\u00eda de control<\/td>\n<td colspan=\"3\">control y calibraci\u00f3n del arco en el tiempo real<\/td>\n<\/tr>\n<tr>\n<td class=\"col1\">P\u00e9rdidas de retorno<\/td>\n<td colspan=\"3\">&gt;&gt; 60 dB<\/td>\n<\/tr>\n<tr>\n<td class=\"col1\">Di\u00e1metro de fibras<\/td>\n<td colspan=\"3\">di\u00e1metro de recubrimiento: 80-150 \u03bcm, di\u00e1metro de revestimiento: 100-1000 \u03bcm<\/td>\n<\/tr>\n<tr>\n<td class=\"col1\">Longitud de fibra pelada<\/td>\n<td colspan=\"3\">8 ~ 16 mm (revestimiento 250-1000 \u03bcm)<\/td>\n<\/tr>\n<tr>\n<td class=\"col1\">Cartucho termorretractil<\/td>\n<td colspan=\"3\">60 mm, 40 mm<\/td>\n<\/tr>\n<tr>\n<td class=\"col1\">Prueba de resistencia mec\u00e1nica<\/td>\n<td colspan=\"3\">est\u00e1ndar 2N<\/td>\n<\/tr>\n<tr>\n<td class=\"col1\">Sujetadores de fibras<\/td>\n<td colspan=\"3\">sujetadores universales<\/td>\n<\/tr>\n<tr>\n<td class=\"col1\">Pantalla<\/td>\n<td colspan=\"3\">LCD TFT a color de 5.1\u2033<\/td>\n<\/tr>\n<tr>\n<td class=\"col1\">Actualizaci\u00f3n de software<\/td>\n<td colspan=\"3\">actualizaci\u00f3n m\u00f3vil, sincronizaci\u00f3n mediante Bluetooth<\/td>\n<\/tr>\n<tr>\n<td class=\"col1\">Modo de fusi\u00f3n<\/td>\n<td colspan=\"3\">fusi\u00f3n normal \/ de alta precisi\u00f3n<\/td>\n<\/tr>\n<tr>\n<td class=\"col1\">Memoria interna<\/td>\n<td colspan=\"3\">sincronizaci\u00f3n con el tel\u00e9fono (posibilidad de almacenar la cantidad ilimitada de resultados)<\/td>\n<\/tr>\n<tr>\n<td class=\"col1\">Bater\u00eda<\/td>\n<td colspan=\"3\">bater\u00eda de litio de 7800 mA , tiempo de carga \u2265 3,5 horas<\/td>\n<\/tr>\n<tr>\n<td class=\"col1\">Alimentaci\u00f3n<\/td>\n<td colspan=\"3\">entrada AC 100-240 V 50 \/ 60 Hz, salida DC 13.5 V \/ 4 A<\/td>\n<\/tr>\n<tr>\n<td class=\"col1\">Condiciones de trabajo<\/td>\n<td colspan=\"3\">temperatura -15 ~ +50 \u2103<br \/>\nhumedad relativa &lt;95%<br \/>\naltura: 0 ~ 5000 m<br \/>\nvelocidad m\u00e1xima del viento: \u2264 15 m\/s<\/td>\n<\/tr>\n<tr>\n<td class=\"col1\" rowspan=\"2\"><\/td>\n<td colspan=\"2\"><\/td>\n<td><\/td>\n<\/tr>\n<tr>\n<td colspan=\"2\"><\/td>\n<td><\/td>\n<\/tr>\n<tr>\n<td class=\"col1\" rowspan=\"2\"><\/td>\n<td colspan=\"2\"><\/td>\n<td><\/td>\n<\/tr>\n<tr>\n<td colspan=\"2\"><\/td>\n<td><\/td>\n<\/tr>\n<\/tbody>\n<\/table>","protected":false},"excerpt":{"rendered":"<p>Empalmadora de fibra \u00f3ptica dise\u00f1ada para trabajar con todos los tipos de fibras y redes. Tiempo de fusi\u00f3n: 8 s, tiempo de contracci\u00f3n t\u00e9rmica: 18 s. Alineamiento por el n\u00facleo.<\/p>\n<p>&nbsp;<\/p>\n<p><strong>Signalfire AI-6<\/strong> es una empalmadora de fibra \u00f3ptica con el sistema de centrado de fibras por el n\u00facleo, enfoque autom\u00e1tico y seis motores.<\/p>\n<p>El aparato est\u00e1 equipado con el procesador de 4 n\u00facleos y pantalla a color grande con brillo ajustable, que permite trabajar bajo la luz solar directa. AI-6 posee una interfaz amigable, enfoque autom\u00e1tico y permite aumentar la imagen en la pantalla de hasta <strong>300 veces<\/strong>.<\/p>","protected":false},"featured_media":7304,"comment_status":"open","ping_status":"closed","template":"","meta":{"om_disable_all_campaigns":false,"_monsterinsights_skip_tracking":false,"_monsterinsights_sitenote_active":false,"_monsterinsights_sitenote_note":"","_monsterinsights_sitenote_category":0},"product_brand":[],"product_cat":[19,20],"product_tag":[30],"class_list":{"0":"post-7303","1":"product","2":"type-product","3":"status-publish","4":"has-post-thumbnail","6":"product_cat-fibra-optica","7":"product_cat-fusionadoras","8":"product_tag-signalfire","11":"instock","12":"shipping-taxable","13":"product-type-simple"},"aioseo_notices":[],"_links":{"self":[{"href":"https:\/\/cleh.cl\/en\/wp-json\/wp\/v2\/product\/7303","targetHints":{"allow":["GET"]}}],"collection":[{"href":"https:\/\/cleh.cl\/en\/wp-json\/wp\/v2\/product"}],"about":[{"href":"https:\/\/cleh.cl\/en\/wp-json\/wp\/v2\/types\/product"}],"replies":[{"embeddable":true,"href":"https:\/\/cleh.cl\/en\/wp-json\/wp\/v2\/comments?post=7303"}],"version-history":[{"count":1,"href":"https:\/\/cleh.cl\/en\/wp-json\/wp\/v2\/product\/7303\/revisions"}],"predecessor-version":[{"id":7305,"href":"https:\/\/cleh.cl\/en\/wp-json\/wp\/v2\/product\/7303\/revisions\/7305"}],"wp:featuredmedia":[{"embeddable":true,"href":"https:\/\/cleh.cl\/en\/wp-json\/wp\/v2\/media\/7304"}],"wp:attachment":[{"href":"https:\/\/cleh.cl\/en\/wp-json\/wp\/v2\/media?parent=7303"}],"wp:term":[{"taxonomy":"product_brand","embeddable":true,"href":"https:\/\/cleh.cl\/en\/wp-json\/wp\/v2\/product_brand?post=7303"},{"taxonomy":"product_cat","embeddable":true,"href":"https:\/\/cleh.cl\/en\/wp-json\/wp\/v2\/product_cat?post=7303"},{"taxonomy":"product_tag","embeddable":true,"href":"https:\/\/cleh.cl\/en\/wp-json\/wp\/v2\/product_tag?post=7303"}],"curies":[{"name":"wp","href":"https:\/\/api.w.org\/{rel}","templated":true}]}}