{"id":8236,"date":"2023-05-24T14:27:02","date_gmt":"2023-05-24T14:27:02","guid":{"rendered":"https:\/\/cleh.cl\/?post_type=product&#038;p=8236"},"modified":"2025-11-19T19:23:42","modified_gmt":"2025-11-19T19:23:42","slug":"cobre-corrugado-helicoidal-de-1-4-rf-cable-coaxial-de-50-ohmios-no-7101101","status":"publish","type":"product","link":"https:\/\/cleh.cl\/en\/product\/cobre-corrugado-helicoidal-de-1-4-rf-cable-coaxial-de-50-ohmios-no-7101101\/","title":{"rendered":"Cobre corrugado helicoidal de 1\/4 &#8220;RF"},"content":{"rendered":"<h2 style=\"text-align: center;\">Cobre corrugado helicoidal de 1\/4 &#8220;RF Cable coaxial Super Flexible 50 ohmios<\/h2>\n<p>Los cables de RF se utilizan como l\u00edneas de transmisi\u00f3n para se\u00f1ales de RF. Su nombre proviene de la abreviatura de \u00abradiofrecuencia\u00bb. Se llama cable coaxial corrugado RF porque el conductor exterior es corrugado. Comercial Lagos e Hijos ofrece una gama completa de cables coaxiales corrugados RF, desde 1\/4\u2033 hasta 1 5\/8\u2033.<br \/>\nLa construcci\u00f3n del cable es similar para todos los tama\u00f1os de cable: conductor interior, diel\u00e9ctrico de espuma, conductor exterior y cubierta exterior.<\/p>\n<p>&nbsp;<\/p>\n<table width=\"679\">\n<tbody>\n<tr>\n<td colspan=\"3\" valign=\"center\" width=\"680\"><strong>Par\u00e1metros de construcci\u00f3n:<\/strong><\/td>\n<\/tr>\n<tr>\n<td valign=\"center\" width=\"227\">Conductor interno<\/td>\n<td colspan=\"2\" valign=\"center\" width=\"453\">Alambre de aluminio revestido de cobre de 1,90 \u00b1 0,05 mm<\/td>\n<\/tr>\n<tr>\n<td valign=\"center\" width=\"227\">Aislamiento<\/td>\n<td colspan=\"2\" valign=\"center\" width=\"453\">PE espumado de 4,70\u00b10,20 mm<\/td>\n<\/tr>\n<tr>\n<td valign=\"center\" width=\"227\">Conductor exterior<\/td>\n<td colspan=\"2\" valign=\"center\" width=\"453\">Tubo de cobre corrugado helicoidal de 6,35 \u00b1 0,15 mm<\/td>\n<\/tr>\n<tr>\n<td valign=\"center\" width=\"227\">Chaqueta<\/td>\n<td colspan=\"2\" valign=\"center\" width=\"453\">PE de 7,50\u00b10,20 mm, negro<\/td>\n<\/tr>\n<tr>\n<td valign=\"center\" width=\"227\">Espesor de la chaqueta<\/td>\n<td colspan=\"2\" valign=\"center\" width=\"453\">&gt;\u00a00,60 mm<\/td>\n<\/tr>\n<tr>\n<td valign=\"center\" width=\"227\">Solicitud a Pedido<\/td>\n<td colspan=\"2\" valign=\"center\" width=\"453\"><\/td>\n<\/tr>\n<tr>\n<td colspan=\"3\" valign=\"center\" width=\"680\">NO.7101101<\/td>\n<\/tr>\n<tr>\n<td colspan=\"3\" valign=\"center\" width=\"680\"><strong>Caracter\u00edsticas electricas:<\/strong><\/td>\n<\/tr>\n<tr>\n<td valign=\"center\" width=\"227\">Capacidad<\/td>\n<td valign=\"center\" width=\"227\">80 pF\/m<\/td>\n<td rowspan=\"13\" valign=\"center\" width=\"227\"><img fetchpriority=\"high\" decoding=\"async\" class=\"alignnone size-full wp-image-8236\" src=\"https:\/\/www.cleh.cl\/wp-content\/uploads\/2023\/05\/NO-7101101-1-4S-CU.webp\" alt=\"\" width=\"485\" height=\"835\" \/><\/td>\n<\/tr>\n<tr>\n<td valign=\"center\" width=\"227\">Impedancia<\/td>\n<td valign=\"center\" width=\"227\">50 \u03a9<\/td>\n<\/tr>\n<tr>\n<td valign=\"center\" width=\"227\">Velocidad de propagaci\u00f3n<\/td>\n<td valign=\"center\" width=\"227\">0.83<\/td>\n<\/tr>\n<tr>\n<td valign=\"center\" width=\"227\">Clasificaci\u00f3n de potencia m\u00e1xima<\/td>\n<td valign=\"center\" width=\"227\">6,4 kilovatios<\/td>\n<\/tr>\n<tr>\n<td valign=\"center\" width=\"227\">Voltaje pico<\/td>\n<td valign=\"center\" width=\"227\">0,80 KV<\/td>\n<\/tr>\n<tr>\n<td valign=\"center\" width=\"227\">Resistencia al aislamiento<\/td>\n<td valign=\"center\" width=\"227\">&gt;5000 M\u03a9.km<\/td>\n<\/tr>\n<tr>\n<td valign=\"center\" width=\"227\">Voltaje de aislamiento<\/td>\n<td valign=\"center\" width=\"227\">2,0 kilovoltios<\/td>\n<\/tr>\n<tr>\n<td valign=\"center\" width=\"227\">Resistencia de CC del conductor interno<\/td>\n<td valign=\"center\" width=\"227\">9,50 \u03a9\/km<\/td>\n<\/tr>\n<tr>\n<td valign=\"center\" width=\"227\">Resistencia de CC del conductor externo<\/td>\n<td valign=\"center\" width=\"227\">5,70 \u03a9\/km<\/td>\n<\/tr>\n<tr>\n<td valign=\"center\" width=\"227\">VSWR<\/td>\n<td valign=\"center\" width=\"227\"><\/td>\n<\/tr>\n<tr>\n<td valign=\"center\" width=\"227\">800MHz-1000MHz<\/td>\n<td valign=\"center\" width=\"227\">1.1<\/td>\n<\/tr>\n<tr>\n<td valign=\"center\" width=\"227\">1700MHz-2500MHz<\/td>\n<td valign=\"center\" width=\"227\">1.1<\/td>\n<\/tr>\n<tr>\n<td valign=\"center\" width=\"227\">2500MHz-3000MHz<\/td>\n<td valign=\"center\" width=\"227\">1.15<\/td>\n<\/tr>\n<tr>\n<td colspan=\"3\" valign=\"center\"><\/td>\n<\/tr>\n<tr>\n<td colspan=\"3\" valign=\"center\"><\/td>\n<\/tr>\n<tr>\n<td colspan=\"3\" valign=\"center\" width=\"680\"><strong>Propiedades Mec\u00e1nicas y Ambientales:<\/strong><\/td>\n<\/tr>\n<tr>\n<td valign=\"center\" width=\"227\">Radio de curvatura (curva simple)<\/td>\n<td colspan=\"2\" valign=\"center\" width=\"453\">12,5 mm<\/td>\n<\/tr>\n<tr>\n<td valign=\"center\" width=\"227\">Radio de curvatura (curvatura repetida)<\/td>\n<td colspan=\"2\" valign=\"center\" width=\"453\">25mm<\/td>\n<\/tr>\n<tr>\n<td valign=\"center\" width=\"227\">Rango de temperatura de funcionamiento<\/td>\n<td colspan=\"2\" valign=\"center\" width=\"453\">-55 a +85 \u2103<\/td>\n<\/tr>\n<tr>\n<td valign=\"center\" width=\"227\">Dimensiones de los cables<\/td>\n<td colspan=\"2\" valign=\"center\" width=\"453\">7,50\u00b10,20 mm<\/td>\n<\/tr>\n<tr>\n<td colspan=\"3\" valign=\"center\" width=\"680\"><\/td>\n<\/tr>\n<tr>\n<td colspan=\"3\" valign=\"center\"><strong>Atenuaci\u00f3n (20 \u2103):<\/strong><\/td>\n<\/tr>\n<tr>\n<td valign=\"center\">Frecuencia (MHZ)<\/td>\n<td valign=\"center\">Atenuaci\u00f3n (dB\/100m)<\/td>\n<td valign=\"center\">Potencia Media (KW)<\/td>\n<\/tr>\n<tr>\n<td valign=\"bottom\">100<\/td>\n<td valign=\"bottom\">5.60<\/td>\n<td valign=\"bottom\">1.23<\/td>\n<\/tr>\n<tr>\n<td valign=\"center\">200<\/td>\n<td valign=\"center\">8<\/td>\n<td valign=\"center\">0.86<\/td>\n<\/tr>\n<tr>\n<td valign=\"bottom\">450<\/td>\n<td valign=\"bottom\">12.20<\/td>\n<td valign=\"bottom\">0.57<\/td>\n<\/tr>\n<tr>\n<td valign=\"center\">800<\/td>\n<td valign=\"center\">16.7<\/td>\n<td valign=\"center\">0.42<\/td>\n<\/tr>\n<tr>\n<td valign=\"bottom\">900<\/td>\n<td valign=\"bottom\">17.50<\/td>\n<td valign=\"bottom\">0.39<\/td>\n<\/tr>\n<tr>\n<td valign=\"center\">1000<\/td>\n<td valign=\"center\">18.6<\/td>\n<td valign=\"center\">0.37<\/td>\n<\/tr>\n<tr>\n<td valign=\"bottom\">1500<\/td>\n<td valign=\"bottom\">23.40<\/td>\n<td valign=\"bottom\">0.30<\/td>\n<\/tr>\n<tr>\n<td valign=\"center\">1800<\/td>\n<td valign=\"center\">25.7<\/td>\n<td valign=\"center\">0.27<\/td>\n<\/tr>\n<tr>\n<td valign=\"bottom\">2000<\/td>\n<td valign=\"bottom\">26.90<\/td>\n<td valign=\"bottom\">0.26<\/td>\n<\/tr>\n<tr>\n<td valign=\"center\">3000<\/td>\n<td valign=\"center\">33.5<\/td>\n<td valign=\"center\">0.21<\/td>\n<\/tr>\n<\/tbody>\n<\/table>","protected":false},"excerpt":{"rendered":"<table width=\"679\">\n<tbody>\n<tr>\n<td valign=\"center\" width=\"227\">Conductor interno<\/td>\n<td colspan=\"2\" valign=\"center\" width=\"453\">Alambre de aluminio revestido de cobre de 1,90 \u00b1 0,05 mm<\/td>\n<\/tr>\n<tr>\n<td valign=\"center\" width=\"227\">Aislamiento<\/td>\n<td colspan=\"2\" valign=\"center\" width=\"453\">PE espumado de 4,70\u00b10,20 mm<\/td>\n<\/tr>\n<tr>\n<td valign=\"center\" width=\"227\">Conductor exterior<\/td>\n<td colspan=\"2\" valign=\"center\" width=\"453\">Tubo de cobre corrugado helicoidal de 6,35 \u00b1 0,15 mm<\/td>\n<\/tr>\n<tr>\n<td valign=\"center\" width=\"227\">Chaqueta<\/td>\n<td colspan=\"2\" valign=\"center\" width=\"453\">PE de 7,50\u00b10,20 mm, negro<\/td>\n<\/tr>\n<tr>\n<td valign=\"center\" width=\"227\">Espesor de la chaqueta<\/td>\n<td colspan=\"2\" valign=\"center\" width=\"453\">&gt;\u00a00,60 mm<\/td>\n<\/tr>\n<tr>\n<td valign=\"center\" width=\"227\">Solicitud A Pedido N\u00b07101101<\/td>\n<\/tr>\n<\/tbody>\n<\/table>","protected":false},"featured_media":8237,"comment_status":"open","ping_status":"closed","template":"","meta":{"om_disable_all_campaigns":false,"_monsterinsights_skip_tracking":false,"_monsterinsights_sitenote_active":false,"_monsterinsights_sitenote_note":"","_monsterinsights_sitenote_category":0},"product_brand":[],"product_cat":[43,78],"product_tag":[79,75,23,77],"class_list":{"0":"post-8236","1":"product","2":"type-product","3":"status-publish","4":"has-post-thumbnail","6":"product_cat-cables","7":"product_cat-coaxial-corrugado","8":"product_tag-cables","9":"product_tag-coaxial","10":"product_tag-herramientas","11":"product_tag-ley-de-ductos","14":"instock","15":"shipping-taxable","16":"product-type-simple"},"aioseo_notices":[],"_links":{"self":[{"href":"https:\/\/cleh.cl\/en\/wp-json\/wp\/v2\/product\/8236","targetHints":{"allow":["GET"]}}],"collection":[{"href":"https:\/\/cleh.cl\/en\/wp-json\/wp\/v2\/product"}],"about":[{"href":"https:\/\/cleh.cl\/en\/wp-json\/wp\/v2\/types\/product"}],"replies":[{"embeddable":true,"href":"https:\/\/cleh.cl\/en\/wp-json\/wp\/v2\/comments?post=8236"}],"version-history":[{"count":1,"href":"https:\/\/cleh.cl\/en\/wp-json\/wp\/v2\/product\/8236\/revisions"}],"predecessor-version":[{"id":8238,"href":"https:\/\/cleh.cl\/en\/wp-json\/wp\/v2\/product\/8236\/revisions\/8238"}],"wp:featuredmedia":[{"embeddable":true,"href":"https:\/\/cleh.cl\/en\/wp-json\/wp\/v2\/media\/8237"}],"wp:attachment":[{"href":"https:\/\/cleh.cl\/en\/wp-json\/wp\/v2\/media?parent=8236"}],"wp:term":[{"taxonomy":"product_brand","embeddable":true,"href":"https:\/\/cleh.cl\/en\/wp-json\/wp\/v2\/product_brand?post=8236"},{"taxonomy":"product_cat","embeddable":true,"href":"https:\/\/cleh.cl\/en\/wp-json\/wp\/v2\/product_cat?post=8236"},{"taxonomy":"product_tag","embeddable":true,"href":"https:\/\/cleh.cl\/en\/wp-json\/wp\/v2\/product_tag?post=8236"}],"curies":[{"name":"wp","href":"https:\/\/api.w.org\/{rel}","templated":true}]}}