{"id":9218,"date":"2023-07-13T10:31:18","date_gmt":"2023-07-13T10:31:18","guid":{"rendered":"https:\/\/cleh.cl\/?post_type=product&#038;p=9218"},"modified":"2025-11-19T19:23:44","modified_gmt":"2025-11-19T19:23:44","slug":"mufa-fibra-optica-tipo-domo-161-288c","status":"publish","type":"product","link":"https:\/\/cleh.cl\/en\/product\/mufa-fibra-optica-tipo-domo-161-288c\/","title":{"rendered":"MUFA FIBRA OPTICA TIPO DOMO 16+1 288C"},"content":{"rendered":"<h3 style=\"text-align: center;\">MUFA FIBRA OPTICA TIPO DOMO 16+1 288C<\/h3>\n<p>El domo de empalmes de fibra \u00f3ptica de 288 n\u00facleos TIPO FIST dispone de 1 puerto de cable ovalado que soporta la entrada de cable sin cortar y 16 puertos de cable redondos para entrada y salida de cable. Hay 24 bandejas de empalme de fibra \u00f3ptica OST-063 para un m\u00e1x. 288 empalmes y empalmes de fibras. Este cierre se puede utilizar en ambientes de temperatura -35\u00baC~70\u00baC, resistente al fr\u00edo y al calor, aislamiento el\u00e9ctrico, resistencia a la corrosi\u00f3n qu\u00edmica.<\/p>\n<p>Material: PP resistente a los impactos<br \/>\nEstructura de sellado: sellado termorretr\u00e1ctil<br \/>\nEst\u00e1ndar IP: IP68 a prueba de agua y polvo<br \/>\nDe color negro<br \/>\nCapacidad: 24 bandejas de empalme OST-063, m\u00e1x. 288 fibras<br \/>\nPuertos de cable: 16 puertos de cable redondos (4 piezas de 18 mm, 4 de 20 mm y 8 de 26 mm)<br \/>\n1 puertos de cable ovalados para soportar la entrada de cables sin cortar<br \/>\nAplicaci\u00f3n: montaje en pared exterior, montaje en poste, suspensi\u00f3n a\u00e9rea, enterrado directo, conducto<\/p>\n<p>&nbsp;<\/p>","protected":false},"excerpt":{"rendered":"<p>Material: PP resistente a los impactos<br \/>\nEstructura de sellado: sellado termorretr\u00e1ctil<br \/>\nEst\u00e1ndar IP: IP68 a prueba de agua y polvo<br \/>\nDe color negro<br \/>\nCapacidad: 24 bandejas de empalme OST-063, m\u00e1x. 288 fibras<br \/>\nPuertos de cable: 16 puertos de cable redondos (4 piezas de 18 mm, 4 de 20 mm y 8 de 26 mm)<br \/>\n1 puertos de cable ovalados para soportar la entrada de cables sin cortar<br \/>\nAplicaci\u00f3n: montaje en pared exterior, montaje en poste, suspensi\u00f3n a\u00e9rea, enterrado directo, conducto<\/p>","protected":false},"featured_media":9219,"comment_status":"open","ping_status":"closed","template":"","meta":{"om_disable_all_campaigns":false,"_monsterinsights_skip_tracking":false,"_monsterinsights_sitenote_active":false,"_monsterinsights_sitenote_note":"","_monsterinsights_sitenote_category":0},"product_brand":[],"product_cat":[19,72],"product_tag":[],"class_list":{"0":"post-9218","1":"product","2":"type-product","3":"status-publish","4":"has-post-thumbnail","6":"product_cat-fibra-optica","7":"product_cat-mufas","10":"instock","11":"shipping-taxable","12":"product-type-simple"},"aioseo_notices":[],"_links":{"self":[{"href":"https:\/\/cleh.cl\/en\/wp-json\/wp\/v2\/product\/9218","targetHints":{"allow":["GET"]}}],"collection":[{"href":"https:\/\/cleh.cl\/en\/wp-json\/wp\/v2\/product"}],"about":[{"href":"https:\/\/cleh.cl\/en\/wp-json\/wp\/v2\/types\/product"}],"replies":[{"embeddable":true,"href":"https:\/\/cleh.cl\/en\/wp-json\/wp\/v2\/comments?post=9218"}],"version-history":[{"count":1,"href":"https:\/\/cleh.cl\/en\/wp-json\/wp\/v2\/product\/9218\/revisions"}],"predecessor-version":[{"id":9220,"href":"https:\/\/cleh.cl\/en\/wp-json\/wp\/v2\/product\/9218\/revisions\/9220"}],"wp:featuredmedia":[{"embeddable":true,"href":"https:\/\/cleh.cl\/en\/wp-json\/wp\/v2\/media\/9219"}],"wp:attachment":[{"href":"https:\/\/cleh.cl\/en\/wp-json\/wp\/v2\/media?parent=9218"}],"wp:term":[{"taxonomy":"product_brand","embeddable":true,"href":"https:\/\/cleh.cl\/en\/wp-json\/wp\/v2\/product_brand?post=9218"},{"taxonomy":"product_cat","embeddable":true,"href":"https:\/\/cleh.cl\/en\/wp-json\/wp\/v2\/product_cat?post=9218"},{"taxonomy":"product_tag","embeddable":true,"href":"https:\/\/cleh.cl\/en\/wp-json\/wp\/v2\/product_tag?post=9218"}],"curies":[{"name":"wp","href":"https:\/\/api.w.org\/{rel}","templated":true}]}}