{"id":9241,"date":"2023-07-17T14:53:47","date_gmt":"2023-07-17T14:53:47","guid":{"rendered":"https:\/\/cleh.cl\/?post_type=product&#038;p=9241"},"modified":"2026-02-09T03:12:56","modified_gmt":"2026-02-09T03:12:56","slug":"gabinete-rack-mural-6u-600x450","status":"publish","type":"product","link":"https:\/\/cleh.cl\/en\/product\/gabinete-rack-mural-6u-600x450\/","title":{"rendered":"GABINETE RACK MURAL 6U 600X450"},"content":{"rendered":"<h2 style=\"text-align: center;\">GABINETE RACK MURAL 6U 600X450<\/h2>\n<pre class=\"tw-data-text tw-text-large tw-ta\" dir=\"ltr\" data-placeholder=\"Traducci\u00f3n\"><\/pre>\n<p>Nuestros productos de gabinete est\u00e1n hechos de placas de acero laminado en fr\u00edo de espesor SPCC de alta calidad, procesadas por tecnolog\u00eda de condensaci\u00f3n avanzada y tienen una excelente resistencia a la compresi\u00f3n y s\u00edsmica;<br \/>\n\u00b7 La superficie est\u00e1 galvanizada con una tira de aluminio resistente a los orificios cuadrados, y la producci\u00f3n autom\u00e1tica de moldes y el corte por l\u00e1ser de la f\u00e1brica hacen que los productos sean estables y resistentes;<br \/>\n\u00b7 cada parte del producto es desengrasado, decapado, fosfatado y rociado electrost\u00e1tico, lo que mejora en gran medida la calidad del producto. Capacidad antioxidaci\u00f3n y anticorrosi\u00f3n;<br \/>\n\u00b7 El producto terminado se ha sometido a una estricta inspecci\u00f3n de calidad, WCreening y control, y cumple completamente con los est\u00e1ndares mencionados anteriormente para garantizar que los productos sean de una excelente calidad<\/p>\n<p>Entrada de cables tanto en la tapa superior como en el panel inferior.<br \/>\n\u00b7 Puerta frontal de acero, se puede cambiar la direcci\u00f3n de apertura de la puerta,<br \/>\nEl \u00e1ngulo de giro de la puerta principal es de m\u00e1s de 180 grados.<br \/>\n\u00b7 Diferentes estilos de puertas opcionales<br \/>\n\u00b7 Panel montado en la pared, conveniencia para la instalaci\u00f3n, bloqueado<br \/>\ndesde el interior con tornillo<\/p>\n<p style=\"text-align: center;\">Medidas<\/p>\n<p>&nbsp;<\/p>\n<p><img fetchpriority=\"high\" decoding=\"async\" class=\"wp-image-9242 aligncenter\" src=\"https:\/\/www.cleh.cl\/wp-content\/uploads\/2023\/07\/medidas.jpg\" alt=\"\" width=\"433\" height=\"674\" \/><\/p>\n<p>&nbsp;<\/p>\n<p>&nbsp;<\/p>","protected":false},"excerpt":{"rendered":"<p>Entrada de cables tanto en la tapa superior como en el panel inferior.<br \/>\n\u00b7 Puerta frontal de acero, se puede cambiar la direcci\u00f3n de apertura de la puerta,<br \/>\nEl \u00e1ngulo de giro de la puerta principal es de m\u00e1s de 180 grados.<br \/>\n\u00b7 Diferentes estilos de puertas opcionales<br \/>\n\u00b7 Panel montado en la pared, conveniencia para la instalaci\u00f3n, bloqueado<br \/>\ndesde el interior con tornillo<\/p>","protected":false},"featured_media":9242,"comment_status":"open","ping_status":"closed","template":"","meta":{"om_disable_all_campaigns":false,"_monsterinsights_skip_tracking":false,"_monsterinsights_sitenote_active":false,"_monsterinsights_sitenote_note":"","_monsterinsights_sitenote_category":0},"product_brand":[],"product_cat":[83,81],"product_tag":[],"class_list":{"0":"post-9241","1":"product","2":"type-product","3":"status-publish","4":"has-post-thumbnail","6":"product_cat-gabinete-mural","7":"product_cat-rack","10":"instock","11":"shipping-taxable","12":"product-type-simple"},"aioseo_notices":[],"_links":{"self":[{"href":"https:\/\/cleh.cl\/en\/wp-json\/wp\/v2\/product\/9241","targetHints":{"allow":["GET"]}}],"collection":[{"href":"https:\/\/cleh.cl\/en\/wp-json\/wp\/v2\/product"}],"about":[{"href":"https:\/\/cleh.cl\/en\/wp-json\/wp\/v2\/types\/product"}],"replies":[{"embeddable":true,"href":"https:\/\/cleh.cl\/en\/wp-json\/wp\/v2\/comments?post=9241"}],"version-history":[{"count":1,"href":"https:\/\/cleh.cl\/en\/wp-json\/wp\/v2\/product\/9241\/revisions"}],"predecessor-version":[{"id":9243,"href":"https:\/\/cleh.cl\/en\/wp-json\/wp\/v2\/product\/9241\/revisions\/9243"}],"wp:featuredmedia":[{"embeddable":true,"href":"https:\/\/cleh.cl\/en\/wp-json\/wp\/v2\/media\/9242"}],"wp:attachment":[{"href":"https:\/\/cleh.cl\/en\/wp-json\/wp\/v2\/media?parent=9241"}],"wp:term":[{"taxonomy":"product_brand","embeddable":true,"href":"https:\/\/cleh.cl\/en\/wp-json\/wp\/v2\/product_brand?post=9241"},{"taxonomy":"product_cat","embeddable":true,"href":"https:\/\/cleh.cl\/en\/wp-json\/wp\/v2\/product_cat?post=9241"},{"taxonomy":"product_tag","embeddable":true,"href":"https:\/\/cleh.cl\/en\/wp-json\/wp\/v2\/product_tag?post=9241"}],"curies":[{"name":"wp","href":"https:\/\/api.w.org\/{rel}","templated":true}]}}