{"id":9271,"date":"2023-08-09T10:41:29","date_gmt":"2023-08-09T10:41:29","guid":{"rendered":"https:\/\/cleh.cl\/?post_type=product&#038;p=9271"},"modified":"2025-11-19T19:23:45","modified_gmt":"2025-11-19T19:23:45","slug":"retractil-srl-doble-2m-ge-al","status":"publish","type":"product","link":"https:\/\/cleh.cl\/en\/product\/retractil-srl-doble-2m-ge-al\/","title":{"rendered":"RETRACTIL SRL DOBLE 2M GE AL"},"content":{"rendered":"<h2 style=\"text-align: center;\">RETRACTIL SRL DOBLE 2M GE AL<\/h2>\n<p>&nbsp;<\/p>\n<p>Retr\u00e1ctil doble antica\u00edda de 2 metros cuya longitud se extiende y se enrolla autom\u00e1ticamente. Color: Metal Modelo: N-9328-06 Caracter\u00edsticas: Dos retr\u00e1ctiles de 2 metros. \u00a7 Sistema de amortiguaci\u00f3n externa. \u00a7 Punto de anclaje superior giratorio. \u00a7 Indicador de impacto cosido. \u00a7 Pieza de uni\u00f3n con doble bloqueo. Propiedades: Fabricado con cinta UHMWPE de 20 mm. \u00a7 Carcasa termopl\u00e1stica transparente. \u00a7 Dise\u00f1o compacto y liviano.<\/p>\n<p>Caracter\u00edsticas:<br \/>\n\u25aa Retr\u00e1ctil doble antica\u00edda de 2 metros cuya longitud<br \/>\nse extiende y se enrolla autom\u00e1ticamente.<br \/>\n\u25aa Fabricado con cinta UHMWPE de 20 mm.<br \/>\n\u25aa Carcasa termopl\u00e1stica transparente.<br \/>\n\u25aa Dise\u00f1o compacto y liviano.<br \/>\nIncluye:<br \/>\n\u25aa Dos retr\u00e1ctiles de 2 metros con mosquetones<br \/>\nestructurales de aluminio.<br \/>\n\u25aa Sistema de amortiguaci\u00f3n externa.<br \/>\n\u25aa Punto de anclaje superior giratorio.<br \/>\n\u25aa Indicador de impacto cosido.<br \/>\n\u25aa Pieza de uni\u00f3n con doble bloqueo.<br \/>\nDistancia de ca\u00edda a la<br \/>\ndetenci\u00f3n:<\/p>\n<p>Fuerza de detenci\u00f3n<br \/>\npromedio:<br \/>\n\u25aa 610 mm. \u25aa 6kN.<\/p>\n<p>Capacidad m\u00e1xima: Peso retr\u00e1ctil completo:<br \/>\n\u25aa 140 kilogramos. \u25aa 2,7 kilogramos.<\/p>","protected":false},"excerpt":{"rendered":"<p>Retr\u00e1ctil doble antica\u00edda de 2 metros cuya longitud se extiende y se enrolla autom\u00e1ticamente. Color: Metal Modelo: N-9328-06 Caracter\u00edsticas: Dos retr\u00e1ctiles de 2 metros. \u00a7 Sistema de amortiguaci\u00f3n externa. \u00a7 Punto de anclaje superior giratorio. \u00a7 Indicador de impacto cosido. \u00a7 Pieza de uni\u00f3n con doble bloqueo. Propiedades: Fabricado con cinta UHMWPE de 20 mm. \u00a7 Carcasa termopl\u00e1stica transparente. \u00a7 Dise\u00f1o compacto y liviano.<\/p>","protected":false},"featured_media":9272,"comment_status":"open","ping_status":"closed","template":"","meta":{"om_disable_all_campaigns":false,"_monsterinsights_skip_tracking":false,"_monsterinsights_sitenote_active":false,"_monsterinsights_sitenote_note":"","_monsterinsights_sitenote_category":0},"product_brand":[],"product_cat":[57,42],"product_tag":[],"class_list":{"0":"post-9271","1":"product","2":"type-product","3":"status-publish","4":"has-post-thumbnail","6":"product_cat-anticaidas","7":"product_cat-epp","10":"instock","11":"shipping-taxable","12":"product-type-simple"},"aioseo_notices":[],"_links":{"self":[{"href":"https:\/\/cleh.cl\/en\/wp-json\/wp\/v2\/product\/9271","targetHints":{"allow":["GET"]}}],"collection":[{"href":"https:\/\/cleh.cl\/en\/wp-json\/wp\/v2\/product"}],"about":[{"href":"https:\/\/cleh.cl\/en\/wp-json\/wp\/v2\/types\/product"}],"replies":[{"embeddable":true,"href":"https:\/\/cleh.cl\/en\/wp-json\/wp\/v2\/comments?post=9271"}],"version-history":[{"count":1,"href":"https:\/\/cleh.cl\/en\/wp-json\/wp\/v2\/product\/9271\/revisions"}],"predecessor-version":[{"id":9273,"href":"https:\/\/cleh.cl\/en\/wp-json\/wp\/v2\/product\/9271\/revisions\/9273"}],"wp:featuredmedia":[{"embeddable":true,"href":"https:\/\/cleh.cl\/en\/wp-json\/wp\/v2\/media\/9272"}],"wp:attachment":[{"href":"https:\/\/cleh.cl\/en\/wp-json\/wp\/v2\/media?parent=9271"}],"wp:term":[{"taxonomy":"product_brand","embeddable":true,"href":"https:\/\/cleh.cl\/en\/wp-json\/wp\/v2\/product_brand?post=9271"},{"taxonomy":"product_cat","embeddable":true,"href":"https:\/\/cleh.cl\/en\/wp-json\/wp\/v2\/product_cat?post=9271"},{"taxonomy":"product_tag","embeddable":true,"href":"https:\/\/cleh.cl\/en\/wp-json\/wp\/v2\/product_tag?post=9271"}],"curies":[{"name":"wp","href":"https:\/\/api.w.org\/{rel}","templated":true}]}}