{"id":9274,"date":"2023-08-09T10:44:41","date_gmt":"2023-08-09T10:44:41","guid":{"rendered":"https:\/\/cleh.cl\/?post_type=product&#038;p=9274"},"modified":"2025-11-19T19:23:46","modified_gmt":"2025-11-19T19:23:46","slug":"cinta-anti-trauma-asecur","status":"publish","type":"product","link":"https:\/\/cleh.cl\/en\/product\/cinta-anti-trauma-asecur\/","title":{"rendered":"CINTA ANTI TRAUMA ASECUR"},"content":{"rendered":"<div class=\"vtex-flex-layout-0-x-flexColChild vtex-flex-layout-0-x-flexColChild--product-lef-col pb0\">\n<h1 class=\"vtex-store-components-3-x-productNameContainer vtex-store-components-3-x-productNameContainer--product-name mv0 t-heading-4\" style=\"text-align: center;\"><span class=\"vtex-store-components-3-x-productBrand vtex-store-components-3-x-productBrand--product-name\">CINTA ANTI TRAUMA ASECUR<\/span><\/h1>\n<\/div>\n<p>Su uso s\u00f3lo est\u00e1 recomendado para brindar un mayor grado de comodidad a una persona que ya ha sufrido una ca\u00edda mientras espera ser rescatado.<\/p>\n<p>Color: Negro<\/p>\n<p>Caracter\u00edsticas: La cinta antitrauma cuenta con hebilla reguladora para la adaptaci\u00f3n a distintos largos de piernas, (extensi\u00f3n m\u00e1xima 130 cm) Propiedades: Sistema preventivo para retrasar el s\u00edndrome del arn\u00e9s.<\/p>\n<p>Tipo de accesorio:<br \/>\n\u25aa Es un mecanismo simple pero efectivo, de f\u00e1cil<br \/>\nutilizaci\u00f3n que previene las consecuencias del<br \/>\ntrauma de suspensi\u00f3n.<br \/>\nModo de uso:<br \/>\n\u25aa El trabajador despliega la Cinta Anti trauma y se<br \/>\npone de pie sobre ella, lo que da tiempo adicional al<br \/>\nequipo de rescate. De esta manera, la circulaci\u00f3n de<br \/>\nla sangre se mantiene lo m\u00e1s normal posible y se<br \/>\nevita que la sangre se acumule en las piernas.<br \/>\nCaracter\u00edsticas generales:<br \/>\n\u25aa Cuenta con hebilla reguladora para la adaptaci\u00f3n a<br \/>\ndistintos largos de piernas.<br \/>\n\u25aa Para la utilizaci\u00f3n de este equipo es indispensable<br \/>\nque el trabajador disponga de un arn\u00e9s m\u00ednimo<br \/>\nclase A.<\/p>\n<p>Material:<br \/>\n\u25aa Cinta de poli\u00e9ster.<\/p>\n<p>&nbsp;<\/p>","protected":false},"excerpt":{"rendered":"<p>Su uso s\u00f3lo est\u00e1 recomendado para brindar un mayor grado de comodidad a una persona que ya ha sufrido una ca\u00edda mientras espera ser rescatado.<\/p>\n<p>Color: Negro<\/p>\n<p>Caracter\u00edsticas: La cinta antitrauma cuenta con hebilla reguladora para la adaptaci\u00f3n a distintos largos de piernas, (extensi\u00f3n m\u00e1xima 130 cm) Propiedades: Sistema preventivo para retrasar el s\u00edndrome del arn\u00e9s.<\/p>","protected":false},"featured_media":9275,"comment_status":"open","ping_status":"closed","template":"","meta":{"om_disable_all_campaigns":false,"_monsterinsights_skip_tracking":false,"_monsterinsights_sitenote_active":false,"_monsterinsights_sitenote_note":"","_monsterinsights_sitenote_category":0},"product_brand":[],"product_cat":[57,42],"product_tag":[49],"class_list":{"0":"post-9274","1":"product","2":"type-product","3":"status-publish","4":"has-post-thumbnail","6":"product_cat-anticaidas","7":"product_cat-epp","8":"product_tag-segma","11":"instock","12":"shipping-taxable","13":"product-type-simple"},"aioseo_notices":[],"_links":{"self":[{"href":"https:\/\/cleh.cl\/en\/wp-json\/wp\/v2\/product\/9274","targetHints":{"allow":["GET"]}}],"collection":[{"href":"https:\/\/cleh.cl\/en\/wp-json\/wp\/v2\/product"}],"about":[{"href":"https:\/\/cleh.cl\/en\/wp-json\/wp\/v2\/types\/product"}],"replies":[{"embeddable":true,"href":"https:\/\/cleh.cl\/en\/wp-json\/wp\/v2\/comments?post=9274"}],"version-history":[{"count":1,"href":"https:\/\/cleh.cl\/en\/wp-json\/wp\/v2\/product\/9274\/revisions"}],"predecessor-version":[{"id":9276,"href":"https:\/\/cleh.cl\/en\/wp-json\/wp\/v2\/product\/9274\/revisions\/9276"}],"wp:featuredmedia":[{"embeddable":true,"href":"https:\/\/cleh.cl\/en\/wp-json\/wp\/v2\/media\/9275"}],"wp:attachment":[{"href":"https:\/\/cleh.cl\/en\/wp-json\/wp\/v2\/media?parent=9274"}],"wp:term":[{"taxonomy":"product_brand","embeddable":true,"href":"https:\/\/cleh.cl\/en\/wp-json\/wp\/v2\/product_brand?post=9274"},{"taxonomy":"product_cat","embeddable":true,"href":"https:\/\/cleh.cl\/en\/wp-json\/wp\/v2\/product_cat?post=9274"},{"taxonomy":"product_tag","embeddable":true,"href":"https:\/\/cleh.cl\/en\/wp-json\/wp\/v2\/product_tag?post=9274"}],"curies":[{"name":"wp","href":"https:\/\/api.w.org\/{rel}","templated":true}]}}