{"id":9277,"date":"2023-08-09T10:50:17","date_gmt":"2023-08-09T10:50:17","guid":{"rendered":"https:\/\/cleh.cl\/?post_type=product&#038;p=9277"},"modified":"2025-11-19T19:23:46","modified_gmt":"2025-11-19T19:23:46","slug":"cabo-de-vida-king-en-cinta-kevlar-herraje-dielectrico","status":"publish","type":"product","link":"https:\/\/cleh.cl\/en\/product\/cabo-de-vida-king-en-cinta-kevlar-herraje-dielectrico\/","title":{"rendered":"CABO DE VIDA KING EN CINTA KEVLAR\u00a0 HERRAJE DIELECTRICO\u00a0"},"content":{"rendered":"<h2 style=\"text-align: center;\">CABO DE VIDA KING EN CINTA KEVLAR\u00a0 HERRAJE DIELECTRICO<\/h2>\n<p>Elemento de posicionamiento de 1.8 m de longitud para m\u00faltiples condiciones de trabajo. Fabricado en cinta de Kevlar de 28 mm de ancho de alta resistencia a la tracci\u00f3n (1800 kg). Posee dos mosquetones estructureros de 56 mm de abertura y un mosquet\u00f3n 107, todos con doble gatillo de seguridad. Todos los mosquetones son Diel\u00e9ctricos.<\/p>\n<p>Medida: 1,8 metros<\/p>\n<p>Tipo de uso:\u00a0Trabajo en alturas.<\/p>\n<p>\u25aa Incluye:<br \/>\nUn mosquet\u00f3n estructurero de doble gatillo de<br \/>\nseguridad con apertura amplia de 56 mm de<br \/>\napertura para un f\u00e1cil aseguramiento en diversos<br \/>\ntipos de estructuras.<\/p>\n<p>Un mosquet\u00f3n con apertura de 19 mm.<\/p>\n<p>\u25aa Materiales:<br \/>\nCinta Kevlar de 44 mm de ancho, de alta resistencia<br \/>\na la tracci\u00f3n (1800 kg). La cinta Kevlar tiene como<br \/>\ncaracter\u00edsticas fundamentales la resistencia al corte,<br \/>\nabrasivos y al fuego.<\/p>\n<p>\u25aa Mosquetones diel\u00e9ctricos.<br \/>\nEn conformidad con: Capacidad m\u00e1xima:<br \/>\nEn proceso. 100 kilogramos.<\/p>\n<p>&nbsp;<\/p>","protected":false},"excerpt":{"rendered":"<p>Elemento de posicionamiento de 1.8 m de longitud para m\u00faltiples condiciones de trabajo. Fabricado en cinta de Kevlar de 28 mm de ancho de alta resistencia a la tracci\u00f3n (1800 kg). Posee dos mosquetones estructureros de 56 mm de abertura y un mosquet\u00f3n 107, todos con doble gatillo de seguridad. Todos los mosquetones son Diel\u00e9ctricos.<\/p>\n<p>Medida: 1,8 metros<\/p>\n<p>Tipo de uso:\u00a0Trabajo en alturas.<\/p>\n<p>&nbsp;<\/p>","protected":false},"featured_media":9278,"comment_status":"open","ping_status":"closed","template":"","meta":{"om_disable_all_campaigns":false,"_monsterinsights_skip_tracking":false,"_monsterinsights_sitenote_active":false,"_monsterinsights_sitenote_note":"","_monsterinsights_sitenote_category":0},"product_brand":[],"product_cat":[57,59,42],"product_tag":[],"class_list":{"0":"post-9277","1":"product","2":"type-product","3":"status-publish","4":"has-post-thumbnail","6":"product_cat-anticaidas","7":"product_cat-cabos-de-vida","8":"product_cat-epp","11":"instock","12":"shipping-taxable","13":"product-type-simple"},"aioseo_notices":[],"_links":{"self":[{"href":"https:\/\/cleh.cl\/en\/wp-json\/wp\/v2\/product\/9277","targetHints":{"allow":["GET"]}}],"collection":[{"href":"https:\/\/cleh.cl\/en\/wp-json\/wp\/v2\/product"}],"about":[{"href":"https:\/\/cleh.cl\/en\/wp-json\/wp\/v2\/types\/product"}],"replies":[{"embeddable":true,"href":"https:\/\/cleh.cl\/en\/wp-json\/wp\/v2\/comments?post=9277"}],"version-history":[{"count":1,"href":"https:\/\/cleh.cl\/en\/wp-json\/wp\/v2\/product\/9277\/revisions"}],"predecessor-version":[{"id":9279,"href":"https:\/\/cleh.cl\/en\/wp-json\/wp\/v2\/product\/9277\/revisions\/9279"}],"wp:featuredmedia":[{"embeddable":true,"href":"https:\/\/cleh.cl\/en\/wp-json\/wp\/v2\/media\/9278"}],"wp:attachment":[{"href":"https:\/\/cleh.cl\/en\/wp-json\/wp\/v2\/media?parent=9277"}],"wp:term":[{"taxonomy":"product_brand","embeddable":true,"href":"https:\/\/cleh.cl\/en\/wp-json\/wp\/v2\/product_brand?post=9277"},{"taxonomy":"product_cat","embeddable":true,"href":"https:\/\/cleh.cl\/en\/wp-json\/wp\/v2\/product_cat?post=9277"},{"taxonomy":"product_tag","embeddable":true,"href":"https:\/\/cleh.cl\/en\/wp-json\/wp\/v2\/product_tag?post=9277"}],"curies":[{"name":"wp","href":"https:\/\/api.w.org\/{rel}","templated":true}]}}