{"id":9445,"date":"2023-09-05T15:51:36","date_gmt":"2023-09-05T15:51:36","guid":{"rendered":"https:\/\/cleh.cl\/?post_type=product&#038;p=9445"},"modified":"2025-11-19T19:23:50","modified_gmt":"2025-11-19T19:23:50","slug":"respirador-steelpro-ergonic-100","status":"publish","type":"product","link":"https:\/\/cleh.cl\/en\/product\/respirador-steelpro-ergonic-100\/","title":{"rendered":"Respirador Steelpro Ergonic 100"},"content":{"rendered":"<div class=\"product-block            product-block--title\"><\/p>\n<h1 class=\"product-title\" style=\"text-align: center;\">Respirador Steelpro Ergonic 100<\/h1>\n<p>&nbsp;<\/p>\n<\/div>\n<p>Respirador Serie 100 de medio rostro de dos v\u00edas. Posee resistentes conectores tipo bayoneta para filtros. Su dise\u00f1o ergon\u00f3mico proporciona un \u00f3ptimo campo de visi\u00f3n al usuario.<\/p>\n<div class=\"page\" title=\"Page 1\">\n<div class=\"layoutArea\">\n<div class=\"column\">\n<p>Protecci\u00f3n de las v\u00edas respiratorias contra la inhalaci\u00f3n de part\u00edculas solidas, part\u00edculas liquidas, gases y vapores cuando es utilizado con filtros mec\u00e1nicos\/electrost\u00e1ticos, quimicos o mixtos adecuados.<\/p>\n<p>Certificaci\u00f3n: EN140:1998, conforme a lo dispuesto en el reglamento (UE) 2016\/425 relativo a los equipos de protecci\u00f3n individual.<\/p>\n<\/div>\n<\/div>\n<\/div>\n<div class=\"product-block            product-block--@app\"><\/p>\n<div class=\"product-app\">\n<div id=\"shopify-block-dc7e6bac-dd6d-4cdb-95e9-111be9bfe0ef\" class=\"shopify-block shopify-app-block\">\n<div class=\"spr-starrating spr-summary-starrating\" data-product-id=\"4294560055348\"><\/div>\n<\/div>\n<\/div>\n<\/div>","protected":false},"excerpt":{"rendered":"<p>Respirador Steelpro Ergonic 100 &nbsp; Respirador Serie 100 de medio rostro de dos v\u00edas. Posee resistentes conectores tipo bayoneta para filtros. Su dise\u00f1o ergon\u00f3mico proporciona un \u00f3ptimo campo de visi\u00f3n al usuario. Protecci\u00f3n de las v\u00edas respiratorias contra la inhalaci\u00f3n de part\u00edculas solidas, part\u00edculas liquidas, gases y vapores cuando es utilizado con filtros mec\u00e1nicos\/electrost\u00e1ticos, quimicos &hellip; <a href=\"https:\/\/cleh.cl\/en\/product\/respirador-steelpro-ergonic-100\/\" class=\"more-link\">Continue reading <span class=\"screen-reader-text\">Respirador Steelpro Ergonic 100<\/span><\/a><\/p>","protected":false},"featured_media":9446,"comment_status":"open","ping_status":"closed","template":"","meta":{"om_disable_all_campaigns":false,"_monsterinsights_skip_tracking":false,"_monsterinsights_sitenote_active":false,"_monsterinsights_sitenote_note":"","_monsterinsights_sitenote_category":0},"product_brand":[],"product_cat":[42,86],"product_tag":[85],"class_list":{"0":"post-9445","1":"product","2":"type-product","3":"status-publish","4":"has-post-thumbnail","6":"product_cat-epp","7":"product_cat-respirador","8":"product_tag-ergonic","11":"instock","12":"shipping-taxable","13":"product-type-simple"},"aioseo_notices":[],"_links":{"self":[{"href":"https:\/\/cleh.cl\/en\/wp-json\/wp\/v2\/product\/9445","targetHints":{"allow":["GET"]}}],"collection":[{"href":"https:\/\/cleh.cl\/en\/wp-json\/wp\/v2\/product"}],"about":[{"href":"https:\/\/cleh.cl\/en\/wp-json\/wp\/v2\/types\/product"}],"replies":[{"embeddable":true,"href":"https:\/\/cleh.cl\/en\/wp-json\/wp\/v2\/comments?post=9445"}],"version-history":[{"count":1,"href":"https:\/\/cleh.cl\/en\/wp-json\/wp\/v2\/product\/9445\/revisions"}],"predecessor-version":[{"id":9447,"href":"https:\/\/cleh.cl\/en\/wp-json\/wp\/v2\/product\/9445\/revisions\/9447"}],"wp:featuredmedia":[{"embeddable":true,"href":"https:\/\/cleh.cl\/en\/wp-json\/wp\/v2\/media\/9446"}],"wp:attachment":[{"href":"https:\/\/cleh.cl\/en\/wp-json\/wp\/v2\/media?parent=9445"}],"wp:term":[{"taxonomy":"product_brand","embeddable":true,"href":"https:\/\/cleh.cl\/en\/wp-json\/wp\/v2\/product_brand?post=9445"},{"taxonomy":"product_cat","embeddable":true,"href":"https:\/\/cleh.cl\/en\/wp-json\/wp\/v2\/product_cat?post=9445"},{"taxonomy":"product_tag","embeddable":true,"href":"https:\/\/cleh.cl\/en\/wp-json\/wp\/v2\/product_tag?post=9445"}],"curies":[{"name":"wp","href":"https:\/\/api.w.org\/{rel}","templated":true}]}}