{"id":9448,"date":"2023-09-05T15:54:45","date_gmt":"2023-09-05T15:54:45","guid":{"rendered":"https:\/\/cleh.cl\/?post_type=product&#038;p=9448"},"modified":"2025-11-19T19:23:51","modified_gmt":"2025-11-19T19:23:51","slug":"respirador-rostro-completo-steelpro-ergonic-1000s-full-face","status":"publish","type":"product","link":"https:\/\/cleh.cl\/en\/product\/respirador-rostro-completo-steelpro-ergonic-1000s-full-face\/","title":{"rendered":"Respirador Rostro Completo Steelpro Ergonic 1000S Full Face"},"content":{"rendered":"<h1 class=\"product-title\" style=\"text-align: center;\">Respirador Rostro Completo Steelpro Ergonic 1000S Full Face<\/h1>\n<p>&nbsp;<\/p>\n<p>Respirador Serie 1000S de rostro completo de dos v\u00edas. Posee resistentes conectores tipo bayoneta para filtros. Su visor de amplia visibilidad hecho en policarbonato transparente maximiza la luz dentro del respirador, es anti empa\u00f1ante y protege contra golpes y rasgu\u00f1os. Incluye repuesto de l\u00e1mina protectora Jet Vision.<\/p>\n<div class=\"page\" title=\"Page 1\">\n<div class=\"layoutArea\">\n<div class=\"column\">\n<p>\u2022 Sello facial, copa nasal y arn\u00e9s de silicona.<br \/>\n\u2022 Visor de policarbonato con tratamiento anti empa\u00f1o y anti rayas.<br \/>\n\u2022 V\u00e1lvula de exhalaci\u00f3n MAX FLOW que reduce eficientemente la temperatura, humedad y contenido de\u00a0<b>CO<sub>2<\/sub><\/b>\u00a0en el interior del respirador. Protegida con tapa de flujo vertical descendente.<br \/>\n\u2022 Arn\u00e9s de 4 puntos para un ajuste seguro, r\u00e1pido y sencillo.<\/p>\n<\/div>\n<\/div>\n<\/div>\n<div class=\"page\" title=\"Page 1\">\n<div class=\"layoutArea\">\n<div class=\"column\">\n<p>Protecci\u00f3n de las v\u00edas respiratorias contra la inhalaci\u00f3n de part\u00edculas solidas, part\u00edculas liquidas, gases y vapores cuando es utilizado con filtros mec\u00e1nicos\/electrost\u00e1ticos, qu\u00edmicos o mixtos adecuados.<\/p>\n<p>EN136:1998, conforme a lo dispuesto en el reglamento (UE) 2016\/425 relativo a los equipos de protecci\u00f3n individual.<\/p>\n<\/div>\n<\/div>\n<\/div>","protected":false},"excerpt":{"rendered":"<p>Respirador Rostro Completo Steelpro Ergonic 1000S Full Face &nbsp; Respirador Serie 1000S de rostro completo de dos v\u00edas. Posee resistentes conectores tipo bayoneta para filtros. Su visor de amplia visibilidad hecho en policarbonato transparente maximiza la luz dentro del respirador, es anti empa\u00f1ante y protege contra golpes y rasgu\u00f1os. Incluye repuesto de l\u00e1mina protectora Jet &hellip; <a href=\"https:\/\/cleh.cl\/en\/product\/respirador-rostro-completo-steelpro-ergonic-1000s-full-face\/\" class=\"more-link\">Continue reading <span class=\"screen-reader-text\">Respirador Rostro Completo Steelpro Ergonic 1000S Full Face<\/span><\/a><\/p>","protected":false},"featured_media":9449,"comment_status":"open","ping_status":"closed","template":"","meta":{"om_disable_all_campaigns":false,"_monsterinsights_skip_tracking":false,"_monsterinsights_sitenote_active":false,"_monsterinsights_sitenote_note":"","_monsterinsights_sitenote_category":0},"product_brand":[],"product_cat":[42,86],"product_tag":[85],"class_list":{"0":"post-9448","1":"product","2":"type-product","3":"status-publish","4":"has-post-thumbnail","6":"product_cat-epp","7":"product_cat-respirador","8":"product_tag-ergonic","11":"instock","12":"shipping-taxable","13":"product-type-simple"},"aioseo_notices":[],"_links":{"self":[{"href":"https:\/\/cleh.cl\/en\/wp-json\/wp\/v2\/product\/9448","targetHints":{"allow":["GET"]}}],"collection":[{"href":"https:\/\/cleh.cl\/en\/wp-json\/wp\/v2\/product"}],"about":[{"href":"https:\/\/cleh.cl\/en\/wp-json\/wp\/v2\/types\/product"}],"replies":[{"embeddable":true,"href":"https:\/\/cleh.cl\/en\/wp-json\/wp\/v2\/comments?post=9448"}],"version-history":[{"count":1,"href":"https:\/\/cleh.cl\/en\/wp-json\/wp\/v2\/product\/9448\/revisions"}],"predecessor-version":[{"id":9450,"href":"https:\/\/cleh.cl\/en\/wp-json\/wp\/v2\/product\/9448\/revisions\/9450"}],"wp:featuredmedia":[{"embeddable":true,"href":"https:\/\/cleh.cl\/en\/wp-json\/wp\/v2\/media\/9449"}],"wp:attachment":[{"href":"https:\/\/cleh.cl\/en\/wp-json\/wp\/v2\/media?parent=9448"}],"wp:term":[{"taxonomy":"product_brand","embeddable":true,"href":"https:\/\/cleh.cl\/en\/wp-json\/wp\/v2\/product_brand?post=9448"},{"taxonomy":"product_cat","embeddable":true,"href":"https:\/\/cleh.cl\/en\/wp-json\/wp\/v2\/product_cat?post=9448"},{"taxonomy":"product_tag","embeddable":true,"href":"https:\/\/cleh.cl\/en\/wp-json\/wp\/v2\/product_tag?post=9448"}],"curies":[{"name":"wp","href":"https:\/\/api.w.org\/{rel}","templated":true}]}}