{"id":9762,"date":"2023-10-10T14:46:03","date_gmt":"2023-10-10T14:46:03","guid":{"rendered":"https:\/\/cleh.cl\/?post_type=product&#038;p=9762"},"modified":"2025-11-19T19:24:00","modified_gmt":"2025-11-19T19:24:00","slug":"brother-tze-fx631-cinta-etiqueta-amarilla-texto-negro","status":"publish","type":"product","link":"https:\/\/cleh.cl\/en\/product\/brother-tze-fx631-cinta-etiqueta-amarilla-texto-negro\/","title":{"rendered":"BROTHER TZE-FX631 | CINTA ETIQUETA AMARILLA &#8211; TEXTO NEGRO"},"content":{"rendered":"<h1 class=\"subheader\">BROTHER TZE-FX631 | CINTA ETIQUETA AMARILLA &#8211; TEXTO NEGRO<\/h1>\n<p>&nbsp;<\/p>\n<p>&nbsp;<\/p>\n<div>\n<table class=\"Fractal-SpecTable--table\">\n<tbody>\n<tr>\n<td><span class=\"Fractal-Typography--base Fractal-Typography__typography--body Fractal-Typography__typography--default   Fractal-Typography__typography--left\" data-fractalds=\"t:a|n:typography|v:body,default,left,span\">Tipo de cinta<\/span><\/td>\n<td><span class=\"Fractal-Typography--base Fractal-Typography__typography--body Fractal-Typography__typography--default   Fractal-Typography__typography--left\" data-fractalds=\"t:a|n:typography|v:body,default,left,span\">TZ<\/span><\/td>\n<\/tr>\n<tr>\n<td><span class=\"Fractal-Typography--base Fractal-Typography__typography--body Fractal-Typography__typography--default   Fractal-Typography__typography--left\" data-fractalds=\"t:a|n:typography|v:body,default,left,span\">Color del producto<\/span><\/td>\n<td><span class=\"Fractal-Typography--base Fractal-Typography__typography--body Fractal-Typography__typography--default   Fractal-Typography__typography--left\" data-fractalds=\"t:a|n:typography|v:body,default,left,span\">Amarillo<\/span><\/td>\n<\/tr>\n<tr>\n<td><span class=\"Fractal-Typography--base Fractal-Typography__typography--body Fractal-Typography__typography--default   Fractal-Typography__typography--left\" data-fractalds=\"t:a|n:typography|v:body,default,left,span\">Tecnolog\u00eda de impresi\u00f3n<\/span><\/td>\n<td><span class=\"Fractal-Typography--base Fractal-Typography__typography--body Fractal-Typography__typography--default   Fractal-Typography__typography--left\" data-fractalds=\"t:a|n:typography|v:body,default,left,span\">Transferencia t\u00e9rmica<\/span><\/td>\n<\/tr>\n<tr>\n<td><span class=\"Fractal-Typography--base Fractal-Typography__typography--body Fractal-Typography__typography--default   Fractal-Typography__typography--left\" data-fractalds=\"t:a|n:typography|v:body,default,left,span\">Materiales<\/span><\/td>\n<td><span class=\"Fractal-Typography--base Fractal-Typography__typography--body Fractal-Typography__typography--default   Fractal-Typography__typography--left\" data-fractalds=\"t:a|n:typography|v:body,default,left,span\">Papel<\/span><\/td>\n<\/tr>\n<\/tbody>\n<\/table>\n<\/div>\n<div>\n<table class=\"Fractal-SpecTable--table\">\n<thead>\n<tr>\n<th><span class=\"Fractal-Typography--base Fractal-Typography__typography--body Fractal-Typography__typography--default   Fractal-Typography__typography--left\" data-fractalds=\"t:a|n:typography|v:body,default,left,span\">Contenido del embalaje<\/span><\/th>\n<\/tr>\n<\/thead>\n<tbody>\n<tr>\n<td><span class=\"Fractal-Typography--base Fractal-Typography__typography--body Fractal-Typography__typography--default   Fractal-Typography__typography--left\" data-fractalds=\"t:a|n:typography|v:body,default,left,span\">Tipo de embalaje<\/span><\/td>\n<td><span class=\"Fractal-Typography--base Fractal-Typography__typography--body Fractal-Typography__typography--default   Fractal-Typography__typography--left\" data-fractalds=\"t:a|n:typography|v:body,default,left,span\">Caja<\/span><\/td>\n<\/tr>\n<\/tbody>\n<\/table>\n<\/div>\n<div>\n<table class=\"Fractal-SpecTable--table\">\n<thead>\n<tr>\n<th><span class=\"Fractal-Typography--base Fractal-Typography__typography--body Fractal-Typography__typography--default   Fractal-Typography__typography--left\" data-fractalds=\"t:a|n:typography|v:body,default,left,span\">Peso y dimensiones<\/span><\/th>\n<\/tr>\n<\/thead>\n<tbody>\n<tr>\n<td><span class=\"Fractal-Typography--base Fractal-Typography__typography--body Fractal-Typography__typography--default   Fractal-Typography__typography--left\" data-fractalds=\"t:a|n:typography|v:body,default,left,span\">Longitud de cinta<\/span><\/td>\n<td><span class=\"Fractal-Typography--base Fractal-Typography__typography--body Fractal-Typography__typography--default   Fractal-Typography__typography--left\" data-fractalds=\"t:a|n:typography|v:body,default,left,span\">8 m<\/span><\/td>\n<\/tr>\n<tr>\n<td><span class=\"Fractal-Typography--base Fractal-Typography__typography--body Fractal-Typography__typography--default   Fractal-Typography__typography--left\" data-fractalds=\"t:a|n:typography|v:body,default,left,span\">Cantidad por paquete<\/span><\/td>\n<td><span class=\"Fractal-Typography--base Fractal-Typography__typography--body Fractal-Typography__typography--default   Fractal-Typography__typography--left\" data-fractalds=\"t:a|n:typography|v:body,default,left,span\">1<\/span><\/td>\n<\/tr>\n<\/tbody>\n<\/table>\n<\/div>","protected":false},"excerpt":{"rendered":"<p>BROTHER TZE-FX631 | CINTA ETIQUETA AMARILLA &#8211; TEXTO NEGRO &nbsp; &nbsp; Tipo de cinta TZ Color del producto Amarillo Tecnolog\u00eda de impresi\u00f3n Transferencia t\u00e9rmica Materiales Papel Contenido del embalaje Tipo de embalaje Caja Peso y dimensiones Longitud de cinta 8 m Cantidad por paquete 1<\/p>","protected":false},"featured_media":9763,"comment_status":"open","ping_status":"closed","template":"","meta":{"om_disable_all_campaigns":false,"_monsterinsights_skip_tracking":false,"_monsterinsights_sitenote_active":false,"_monsterinsights_sitenote_note":"","_monsterinsights_sitenote_category":0},"product_brand":[],"product_cat":[99],"product_tag":[],"class_list":{"0":"post-9762","1":"product","2":"type-product","3":"status-publish","4":"has-post-thumbnail","6":"product_cat-cleh","9":"instock","10":"shipping-taxable","11":"product-type-simple"},"aioseo_notices":[],"_links":{"self":[{"href":"https:\/\/cleh.cl\/en\/wp-json\/wp\/v2\/product\/9762","targetHints":{"allow":["GET"]}}],"collection":[{"href":"https:\/\/cleh.cl\/en\/wp-json\/wp\/v2\/product"}],"about":[{"href":"https:\/\/cleh.cl\/en\/wp-json\/wp\/v2\/types\/product"}],"replies":[{"embeddable":true,"href":"https:\/\/cleh.cl\/en\/wp-json\/wp\/v2\/comments?post=9762"}],"version-history":[{"count":1,"href":"https:\/\/cleh.cl\/en\/wp-json\/wp\/v2\/product\/9762\/revisions"}],"predecessor-version":[{"id":9764,"href":"https:\/\/cleh.cl\/en\/wp-json\/wp\/v2\/product\/9762\/revisions\/9764"}],"wp:featuredmedia":[{"embeddable":true,"href":"https:\/\/cleh.cl\/en\/wp-json\/wp\/v2\/media\/9763"}],"wp:attachment":[{"href":"https:\/\/cleh.cl\/en\/wp-json\/wp\/v2\/media?parent=9762"}],"wp:term":[{"taxonomy":"product_brand","embeddable":true,"href":"https:\/\/cleh.cl\/en\/wp-json\/wp\/v2\/product_brand?post=9762"},{"taxonomy":"product_cat","embeddable":true,"href":"https:\/\/cleh.cl\/en\/wp-json\/wp\/v2\/product_cat?post=9762"},{"taxonomy":"product_tag","embeddable":true,"href":"https:\/\/cleh.cl\/en\/wp-json\/wp\/v2\/product_tag?post=9762"}],"curies":[{"name":"wp","href":"https:\/\/api.w.org\/{rel}","templated":true}]}}