{"id":9880,"date":"2023-11-15T13:35:21","date_gmt":"2023-11-15T13:35:21","guid":{"rendered":"https:\/\/cleh.cl\/?post_type=product&#038;p=9880"},"modified":"2025-11-19T19:24:07","modified_gmt":"2025-11-19T19:24:07","slug":"foco-led-recargable-10w-portatil","status":"publish","type":"product","link":"https:\/\/cleh.cl\/en\/product\/foco-led-recargable-10w-portatil\/","title":{"rendered":"FOCO LED RECARGABLE 10W PORTATIL"},"content":{"rendered":"<h2 style=\"text-align: center;\">FOCO LED RECARGABLE 10W PORTATIL<\/h2>\n<div>\n<ul>\n<li>Foco LED 10W Recargable<\/li>\n<li>Vida \u00datil: 30,000-50,000 Horas<\/li>\n<li>IP65 (a prueba de agua)<\/li>\n<li>Equivalencia Watts: 60W<\/li>\n<li>Dimensiones: L 120 x W 135 x D 112mm<\/li>\n<\/ul>\n<p>&nbsp;<\/p>\n<p>Descripci\u00f3n<\/p>\n<ul>\n<li>Consume tan s\u00f3lo 10 Watts, esta energ\u00eda eficiente cuenta con una impresionante Vida \u00fatil de 50.000 horas.<\/li>\n<li>Ideal para cuando usted est\u00e1 de viaje y necesita una iluminaci\u00f3n port\u00e1til, este foco LED es capaz de suministrar cuatro horas de luz a distancia con una sola carga.<\/li>\n<li>Se puede cargar mediante el adaptador de red o el adaptador de auto.<\/li>\n<\/ul>\n<\/div>\n<div>Especificaciones<\/div>\n<div>\n<ul>\n<li>Watts: 10W<\/li>\n<li>Vida \u00datil: 50,000 Horas<\/li>\n<li>IP65 (a prueba de agua)<\/li>\n<li>Dimensiones: L 120 x W 135 x D 112mm<\/li>\n<li>RoHS and CE compliant<\/li>\n<li>Equivalencia Watts: 60W<\/li>\n<\/ul>\n<\/div>","protected":false},"excerpt":{"rendered":"<p>FOCO LED RECARGABLE 10W PORTATIL Foco LED 10W Recargable Vida \u00datil: 30,000-50,000 Horas IP65 (a prueba de agua) Equivalencia Watts: 60W Dimensiones: L 120 x W 135 x D 112mm &nbsp; Descripci\u00f3n Consume tan s\u00f3lo 10 Watts, esta energ\u00eda eficiente cuenta con una impresionante Vida \u00fatil de 50.000 horas. Ideal para cuando usted est\u00e1 de &hellip; <a href=\"https:\/\/cleh.cl\/en\/product\/foco-led-recargable-10w-portatil\/\" class=\"more-link\">Continue reading <span class=\"screen-reader-text\">FOCO LED RECARGABLE 10W PORTATIL<\/span><\/a><\/p>","protected":false},"featured_media":9881,"comment_status":"open","ping_status":"closed","template":"","meta":{"om_disable_all_campaigns":false,"_monsterinsights_skip_tracking":false,"_monsterinsights_sitenote_active":false,"_monsterinsights_sitenote_note":"","_monsterinsights_sitenote_category":0},"product_brand":[],"product_cat":[100,35],"product_tag":[],"class_list":{"0":"post-9880","1":"product","2":"type-product","3":"status-publish","4":"has-post-thumbnail","6":"product_cat-focos","7":"product_cat-herramientas","10":"instock","11":"shipping-taxable","12":"product-type-simple"},"aioseo_notices":[],"_links":{"self":[{"href":"https:\/\/cleh.cl\/en\/wp-json\/wp\/v2\/product\/9880","targetHints":{"allow":["GET"]}}],"collection":[{"href":"https:\/\/cleh.cl\/en\/wp-json\/wp\/v2\/product"}],"about":[{"href":"https:\/\/cleh.cl\/en\/wp-json\/wp\/v2\/types\/product"}],"replies":[{"embeddable":true,"href":"https:\/\/cleh.cl\/en\/wp-json\/wp\/v2\/comments?post=9880"}],"version-history":[{"count":1,"href":"https:\/\/cleh.cl\/en\/wp-json\/wp\/v2\/product\/9880\/revisions"}],"predecessor-version":[{"id":9882,"href":"https:\/\/cleh.cl\/en\/wp-json\/wp\/v2\/product\/9880\/revisions\/9882"}],"wp:featuredmedia":[{"embeddable":true,"href":"https:\/\/cleh.cl\/en\/wp-json\/wp\/v2\/media\/9881"}],"wp:attachment":[{"href":"https:\/\/cleh.cl\/en\/wp-json\/wp\/v2\/media?parent=9880"}],"wp:term":[{"taxonomy":"product_brand","embeddable":true,"href":"https:\/\/cleh.cl\/en\/wp-json\/wp\/v2\/product_brand?post=9880"},{"taxonomy":"product_cat","embeddable":true,"href":"https:\/\/cleh.cl\/en\/wp-json\/wp\/v2\/product_cat?post=9880"},{"taxonomy":"product_tag","embeddable":true,"href":"https:\/\/cleh.cl\/en\/wp-json\/wp\/v2\/product_tag?post=9880"}],"curies":[{"name":"wp","href":"https:\/\/api.w.org\/{rel}","templated":true}]}}