{"id":9883,"date":"2023-11-15T13:37:41","date_gmt":"2023-11-15T13:37:41","guid":{"rendered":"https:\/\/cleh.cl\/?post_type=product&#038;p=9883"},"modified":"2025-11-19T19:24:08","modified_gmt":"2025-11-19T19:24:08","slug":"foco-led-recargable-30w","status":"publish","type":"product","link":"https:\/\/cleh.cl\/en\/product\/foco-led-recargable-30w\/","title":{"rendered":"FOCO LED RECARGABLE 30W"},"content":{"rendered":"<h2 style=\"text-align: center;\">FOCO LED RECARGABLE 30W<\/h2>\n<p>Foco Led 30W Portatil Recargable para Camping y otros<\/p>\n<p>Foco LED 30W Recargable<br \/>\nVida \u00datil: 30,000-50,000 Horas<br \/>\nIP65 (a prueba de agua)<br \/>\nEquivalencia Watts: 200W<br \/>\nDimensiones: L 225 x W 185 x D 122mm<\/p>\n<p>Descripci\u00f3n<\/p>\n<p>Consume tan s\u00f3lo 30 Watts, esta energ\u00eda eficiente cuenta con una impresionante Vida \u00fatil de 50.000 horas.<br \/>\nIdeal para cuando usted est\u00e1 de viaje y necesita una iluminaci\u00f3n port\u00e1til, este foco LED es capaz de suministrar cuatro horas de luz a distancia con una sola carga.<br \/>\nSe puede cargar mediante el adaptador de red o el adaptador de auto.<\/p>\n<p>Especificaciones<\/p>\n<p>\u2022 Watts: 30W<br \/>\n\u2022 Vida \u00datil: 50,000 Horas<br \/>\n\u2022 IP65 (a prueba de agua)<br \/>\n\u2022 Dimensiones: L 225 x W 185 x D 122mm<br \/>\n\u2022 RoHS and CE compliant<br \/>\n\u2022 Equivalencia Watts: 200W<\/p>","protected":false},"excerpt":{"rendered":"<p>FOCO LED RECARGABLE 30W Foco Led 30W Portatil Recargable para Camping y otros Foco LED 30W Recargable Vida \u00datil: 30,000-50,000 Horas IP65 (a prueba de agua) Equivalencia Watts: 200W Dimensiones: L 225 x W 185 x D 122mm Descripci\u00f3n Consume tan s\u00f3lo 30 Watts, esta energ\u00eda eficiente cuenta con una impresionante Vida \u00fatil de 50.000 &hellip; <a href=\"https:\/\/cleh.cl\/en\/product\/foco-led-recargable-30w\/\" class=\"more-link\">Continue reading <span class=\"screen-reader-text\">FOCO LED RECARGABLE 30W<\/span><\/a><\/p>","protected":false},"featured_media":9884,"comment_status":"open","ping_status":"closed","template":"","meta":{"om_disable_all_campaigns":false,"_monsterinsights_skip_tracking":false,"_monsterinsights_sitenote_active":false,"_monsterinsights_sitenote_note":"","_monsterinsights_sitenote_category":0},"product_brand":[],"product_cat":[100,35],"product_tag":[],"class_list":{"0":"post-9883","1":"product","2":"type-product","3":"status-publish","4":"has-post-thumbnail","6":"product_cat-focos","7":"product_cat-herramientas","10":"instock","11":"shipping-taxable","12":"product-type-simple"},"aioseo_notices":[],"_links":{"self":[{"href":"https:\/\/cleh.cl\/en\/wp-json\/wp\/v2\/product\/9883","targetHints":{"allow":["GET"]}}],"collection":[{"href":"https:\/\/cleh.cl\/en\/wp-json\/wp\/v2\/product"}],"about":[{"href":"https:\/\/cleh.cl\/en\/wp-json\/wp\/v2\/types\/product"}],"replies":[{"embeddable":true,"href":"https:\/\/cleh.cl\/en\/wp-json\/wp\/v2\/comments?post=9883"}],"version-history":[{"count":1,"href":"https:\/\/cleh.cl\/en\/wp-json\/wp\/v2\/product\/9883\/revisions"}],"predecessor-version":[{"id":9885,"href":"https:\/\/cleh.cl\/en\/wp-json\/wp\/v2\/product\/9883\/revisions\/9885"}],"wp:featuredmedia":[{"embeddable":true,"href":"https:\/\/cleh.cl\/en\/wp-json\/wp\/v2\/media\/9884"}],"wp:attachment":[{"href":"https:\/\/cleh.cl\/en\/wp-json\/wp\/v2\/media?parent=9883"}],"wp:term":[{"taxonomy":"product_brand","embeddable":true,"href":"https:\/\/cleh.cl\/en\/wp-json\/wp\/v2\/product_brand?post=9883"},{"taxonomy":"product_cat","embeddable":true,"href":"https:\/\/cleh.cl\/en\/wp-json\/wp\/v2\/product_cat?post=9883"},{"taxonomy":"product_tag","embeddable":true,"href":"https:\/\/cleh.cl\/en\/wp-json\/wp\/v2\/product_tag?post=9883"}],"curies":[{"name":"wp","href":"https:\/\/api.w.org\/{rel}","templated":true}]}}