{"id":9919,"date":"2023-11-27T09:57:04","date_gmt":"2023-11-27T09:57:04","guid":{"rendered":"https:\/\/cleh.cl\/?post_type=product&#038;p=9919"},"modified":"2025-11-19T19:24:12","modified_gmt":"2025-11-19T19:24:12","slug":"alicate-corte-1000v-smart","status":"publish","type":"product","link":"https:\/\/cleh.cl\/en\/product\/alicate-corte-1000v-smart\/","title":{"rendered":"ALICATE CORTE 1000V SMART"},"content":{"rendered":"<h1 class=\"product_title entry-title\" style=\"text-align: center;\">ALICATE CORTE 1000V SMART<\/h1>\n<p>Alicate de corte 6\u2033 modelo aislado 1000V 6101120, marca Smart.<\/p>\n<p><strong>Descripci\u00f3n y caracter\u00edsticas:<\/strong><\/p>\n<ul>\n<li>Para trabajos en tensi\u00f3n hasta: 1000V.<\/li>\n<li>Pasan las exigencias DIN EN60900 y VDE0682-201.<\/li>\n<li>Nomenclatura impresa bajo relieve de 1000V y certificaci\u00f3n VDE<\/li>\n<li>Fabricado en acero cromo vanadio<\/li>\n<li>Pulido espejo<\/li>\n<li>Mango con un dise\u00f1o ergonom\u00e9trico bi-material<\/li>\n<li>Alta resistencia para uso industrial<\/li>\n<li>Borde cortante endurecido<\/li>\n<\/ul>","protected":false},"excerpt":{"rendered":"<p>ALICATE CORTE 1000V SMART Alicate de corte 6\u2033 modelo aislado 1000V 6101120, marca Smart. Descripci\u00f3n y caracter\u00edsticas: Para trabajos en tensi\u00f3n hasta: 1000V. Pasan las exigencias DIN EN60900 y VDE0682-201. Nomenclatura impresa bajo relieve de 1000V y certificaci\u00f3n VDE Fabricado en acero cromo vanadio Pulido espejo Mango con un dise\u00f1o ergonom\u00e9trico bi-material Alta resistencia para &hellip; <a href=\"https:\/\/cleh.cl\/en\/product\/alicate-corte-1000v-smart\/\" class=\"more-link\">Continue reading <span class=\"screen-reader-text\">ALICATE CORTE 1000V SMART<\/span><\/a><\/p>","protected":false},"featured_media":9920,"comment_status":"open","ping_status":"closed","template":"","meta":{"om_disable_all_campaigns":false,"_monsterinsights_skip_tracking":false,"_monsterinsights_sitenote_active":false,"_monsterinsights_sitenote_note":"","_monsterinsights_sitenote_category":0},"product_brand":[],"product_cat":[68,35],"product_tag":[],"class_list":{"0":"post-9919","1":"product","2":"type-product","3":"status-publish","4":"has-post-thumbnail","6":"product_cat-cortantes","7":"product_cat-herramientas","10":"instock","11":"shipping-taxable","12":"product-type-simple"},"aioseo_notices":[],"_links":{"self":[{"href":"https:\/\/cleh.cl\/en\/wp-json\/wp\/v2\/product\/9919","targetHints":{"allow":["GET"]}}],"collection":[{"href":"https:\/\/cleh.cl\/en\/wp-json\/wp\/v2\/product"}],"about":[{"href":"https:\/\/cleh.cl\/en\/wp-json\/wp\/v2\/types\/product"}],"replies":[{"embeddable":true,"href":"https:\/\/cleh.cl\/en\/wp-json\/wp\/v2\/comments?post=9919"}],"version-history":[{"count":1,"href":"https:\/\/cleh.cl\/en\/wp-json\/wp\/v2\/product\/9919\/revisions"}],"predecessor-version":[{"id":9921,"href":"https:\/\/cleh.cl\/en\/wp-json\/wp\/v2\/product\/9919\/revisions\/9921"}],"wp:featuredmedia":[{"embeddable":true,"href":"https:\/\/cleh.cl\/en\/wp-json\/wp\/v2\/media\/9920"}],"wp:attachment":[{"href":"https:\/\/cleh.cl\/en\/wp-json\/wp\/v2\/media?parent=9919"}],"wp:term":[{"taxonomy":"product_brand","embeddable":true,"href":"https:\/\/cleh.cl\/en\/wp-json\/wp\/v2\/product_brand?post=9919"},{"taxonomy":"product_cat","embeddable":true,"href":"https:\/\/cleh.cl\/en\/wp-json\/wp\/v2\/product_cat?post=9919"},{"taxonomy":"product_tag","embeddable":true,"href":"https:\/\/cleh.cl\/en\/wp-json\/wp\/v2\/product_tag?post=9919"}],"curies":[{"name":"wp","href":"https:\/\/api.w.org\/{rel}","templated":true}]}}